{"id":10,"date":"2021-06-07T18:21:00","date_gmt":"2021-06-07T18:21:00","guid":{"rendered":"https:\/\/claudia.rootwiki.info\/wordpress\/?page_id=10"},"modified":"2021-08-30T18:48:09","modified_gmt":"2021-08-30T18:48:09","slug":"startseite","status":"publish","type":"page","link":"https:\/\/claudia.rootwiki.info\/","title":{"rendered":"I have a dream &#8230;"},"content":{"rendered":"\n<p><a href=\"https:\/\/claudia.rootwiki.info\/index.php\/startseite\/i-have-a-dream-detail\/\">Ich tr\u00e4ume von einer Welt, voller Liebe, Freude, Frieden, Geduld, Freundlichkeit, G\u00fcte, Treue, R\u00fccksichtnahme und Selbstbeherschung &#8230;<\/a><\/p>\n","protected":false},"excerpt":{"rendered":"<p>Ich tr\u00e4ume von einer Welt, voller Liebe, Freude, Frieden, Geduld, Freundlichkeit, G\u00fcte, Treue, R\u00fccksichtnahme und Selbstbeherschung &#8230;<\/p>\n","protected":false},"author":1,"featured_media":327,"parent":0,"menu_order":0,"comment_status":"closed","ping_status":"closed","template":"","meta":{"footnotes":""},"class_list":["post-10","page","type-page","status-publish","has-post-thumbnail","hentry"],"yoast_head":"<!-- This site is optimized with the Yoast SEO plugin v27.4 - https:\/\/yoast.com\/product\/yoast-seo-wordpress\/ -->\n<title>I have a dream ... - EmpathieReich GFK Gewaltfreie Kommunikation<\/title>\n<meta name=\"robots\" content=\"noindex, follow, max-snippet:-1, max-image-preview:large, max-video-preview:-1\" \/>\n<meta property=\"og:locale\" content=\"de_DE\" \/>\n<meta property=\"og:type\" content=\"article\" \/>\n<meta property=\"og:title\" content=\"I have a dream ... - EmpathieReich GFK Gewaltfreie Kommunikation\" \/>\n<meta property=\"og:description\" content=\"Ich tr\u00e4ume von einer Welt, voller Liebe, Freude, Frieden, Geduld, Freundlichkeit, G\u00fcte, Treue, R\u00fccksichtnahme und Selbstbeherschung &#8230;\" \/>\n<meta property=\"og:url\" content=\"https:\/\/claudia.rootwiki.info\/\" \/>\n<meta property=\"og:site_name\" content=\"EmpathieReich\" \/>\n<meta property=\"article:modified_time\" content=\"2021-08-30T18:48:09+00:00\" \/>\n<meta property=\"og:image\" content=\"https:\/\/claudia.rootwiki.info\/wp-content\/uploads\/2021\/08\/blume_mauer_blau-1.jpg\" \/>\n\t<meta property=\"og:image:width\" content=\"1600\" \/>\n\t<meta property=\"og:image:height\" content=\"1200\" \/>\n\t<meta property=\"og:image:type\" content=\"image\/jpeg\" \/>\n<meta name=\"twitter:card\" content=\"summary_large_image\" \/>\n<meta name=\"twitter:label1\" content=\"Gesch\u00e4tzte Lesezeit\" \/>\n\t<meta name=\"twitter:data1\" content=\"1\u00a0Minute\" \/>\n<script type=\"application\/ld+json\" class=\"yoast-schema-graph\">{\"@context\":\"https:\\\/\\\/schema.org\",\"@graph\":[{\"@type\":\"WebPage\",\"@id\":\"https:\\\/\\\/claudia.rootwiki.info\\\/\",\"url\":\"https:\\\/\\\/claudia.rootwiki.info\\\/\",\"name\":\"I have a dream ... - EmpathieReich GFK Gewaltfreie Kommunikation\",\"isPartOf\":{\"@id\":\"https:\\\/\\\/claudia.rootwiki.info\\\/#website\"},\"primaryImageOfPage\":{\"@id\":\"https:\\\/\\\/claudia.rootwiki.info\\\/#primaryimage\"},\"image\":{\"@id\":\"https:\\\/\\\/claudia.rootwiki.info\\\/#primaryimage\"},\"thumbnailUrl\":\"https:\\\/\\\/claudia.rootwiki.info\\\/wp-content\\\/uploads\\\/2021\\\/08\\\/blume_mauer_blau-1.jpg\",\"datePublished\":\"2021-06-07T18:21:00+00:00\",\"dateModified\":\"2021-08-30T18:48:09+00:00\",\"breadcrumb\":{\"@id\":\"https:\\\/\\\/claudia.rootwiki.info\\\/#breadcrumb\"},\"inLanguage\":\"de\",\"potentialAction\":[{\"@type\":\"ReadAction\",\"target\":[\"https:\\\/\\\/claudia.rootwiki.info\\\/\"]}]},{\"@type\":\"ImageObject\",\"inLanguage\":\"de\",\"@id\":\"https:\\\/\\\/claudia.rootwiki.info\\\/#primaryimage\",\"url\":\"https:\\\/\\\/claudia.rootwiki.info\\\/wp-content\\\/uploads\\\/2021\\\/08\\\/blume_mauer_blau-1.jpg\",\"contentUrl\":\"https:\\\/\\\/claudia.rootwiki.info\\\/wp-content\\\/uploads\\\/2021\\\/08\\\/blume_mauer_blau-1.jpg\",\"width\":1600,\"height\":1200,\"caption\":\"Blume in Mauer\"},{\"@type\":\"BreadcrumbList\",\"@id\":\"https:\\\/\\\/claudia.rootwiki.info\\\/#breadcrumb\",\"itemListElement\":[{\"@type\":\"ListItem\",\"position\":1,\"name\":\"Startseite\",\"item\":\"https:\\\/\\\/claudia.rootwiki.info\\\/\"},{\"@type\":\"ListItem\",\"position\":2,\"name\":\"I have a dream &#8230;\"}]},{\"@type\":\"WebSite\",\"@id\":\"https:\\\/\\\/claudia.rootwiki.info\\\/#website\",\"url\":\"https:\\\/\\\/claudia.rootwiki.info\\\/\",\"name\":\"EmpathieReich\",\"description\":\"Gewaltfreie Kommunikation\",\"publisher\":{\"@id\":\"https:\\\/\\\/claudia.rootwiki.info\\\/#organization\"},\"potentialAction\":[{\"@type\":\"SearchAction\",\"target\":{\"@type\":\"EntryPoint\",\"urlTemplate\":\"https:\\\/\\\/claudia.rootwiki.info\\\/?s={search_term_string}\"},\"query-input\":{\"@type\":\"PropertyValueSpecification\",\"valueRequired\":true,\"valueName\":\"search_term_string\"}}],\"inLanguage\":\"de\"},{\"@type\":\"Organization\",\"@id\":\"https:\\\/\\\/claudia.rootwiki.info\\\/#organization\",\"name\":\"EmpathieReich\",\"url\":\"https:\\\/\\\/claudia.rootwiki.info\\\/\",\"logo\":{\"@type\":\"ImageObject\",\"inLanguage\":\"de\",\"@id\":\"https:\\\/\\\/claudia.rootwiki.info\\\/#\\\/schema\\\/logo\\\/image\\\/\",\"url\":\"https:\\\/\\\/claudia.rootwiki.info\\\/wp-content\\\/uploads\\\/2021\\\/10\\\/cropped-empathieReich_Plus_negWeiss.png\",\"contentUrl\":\"https:\\\/\\\/claudia.rootwiki.info\\\/wp-content\\\/uploads\\\/2021\\\/10\\\/cropped-empathieReich_Plus_negWeiss.png\",\"width\":990,\"height\":250,\"caption\":\"EmpathieReich\"},\"image\":{\"@id\":\"https:\\\/\\\/claudia.rootwiki.info\\\/#\\\/schema\\\/logo\\\/image\\\/\"}}]}<\/script>\n<!-- \/ Yoast SEO plugin. -->","yoast_head_json":{"title":"I have a dream ... - EmpathieReich GFK Gewaltfreie Kommunikation","robots":{"index":"noindex","follow":"follow","max-snippet":"max-snippet:-1","max-image-preview":"max-image-preview:large","max-video-preview":"max-video-preview:-1"},"og_locale":"de_DE","og_type":"article","og_title":"I have a dream ... - EmpathieReich GFK Gewaltfreie Kommunikation","og_description":"Ich tr\u00e4ume von einer Welt, voller Liebe, Freude, Frieden, Geduld, Freundlichkeit, G\u00fcte, Treue, R\u00fccksichtnahme und Selbstbeherschung &#8230;","og_url":"https:\/\/claudia.rootwiki.info\/","og_site_name":"EmpathieReich","article_modified_time":"2021-08-30T18:48:09+00:00","og_image":[{"width":1600,"height":1200,"url":"https:\/\/claudia.rootwiki.info\/wp-content\/uploads\/2021\/08\/blume_mauer_blau-1.jpg","type":"image\/jpeg"}],"twitter_card":"summary_large_image","twitter_misc":{"Gesch\u00e4tzte Lesezeit":"1\u00a0Minute"},"schema":{"@context":"https:\/\/schema.org","@graph":[{"@type":"WebPage","@id":"https:\/\/claudia.rootwiki.info\/","url":"https:\/\/claudia.rootwiki.info\/","name":"I have a dream ... - EmpathieReich GFK Gewaltfreie Kommunikation","isPartOf":{"@id":"https:\/\/claudia.rootwiki.info\/#website"},"primaryImageOfPage":{"@id":"https:\/\/claudia.rootwiki.info\/#primaryimage"},"image":{"@id":"https:\/\/claudia.rootwiki.info\/#primaryimage"},"thumbnailUrl":"https:\/\/claudia.rootwiki.info\/wp-content\/uploads\/2021\/08\/blume_mauer_blau-1.jpg","datePublished":"2021-06-07T18:21:00+00:00","dateModified":"2021-08-30T18:48:09+00:00","breadcrumb":{"@id":"https:\/\/claudia.rootwiki.info\/#breadcrumb"},"inLanguage":"de","potentialAction":[{"@type":"ReadAction","target":["https:\/\/claudia.rootwiki.info\/"]}]},{"@type":"ImageObject","inLanguage":"de","@id":"https:\/\/claudia.rootwiki.info\/#primaryimage","url":"https:\/\/claudia.rootwiki.info\/wp-content\/uploads\/2021\/08\/blume_mauer_blau-1.jpg","contentUrl":"https:\/\/claudia.rootwiki.info\/wp-content\/uploads\/2021\/08\/blume_mauer_blau-1.jpg","width":1600,"height":1200,"caption":"Blume in Mauer"},{"@type":"BreadcrumbList","@id":"https:\/\/claudia.rootwiki.info\/#breadcrumb","itemListElement":[{"@type":"ListItem","position":1,"name":"Startseite","item":"https:\/\/claudia.rootwiki.info\/"},{"@type":"ListItem","position":2,"name":"I have a dream &#8230;"}]},{"@type":"WebSite","@id":"https:\/\/claudia.rootwiki.info\/#website","url":"https:\/\/claudia.rootwiki.info\/","name":"EmpathieReich","description":"Gewaltfreie Kommunikation","publisher":{"@id":"https:\/\/claudia.rootwiki.info\/#organization"},"potentialAction":[{"@type":"SearchAction","target":{"@type":"EntryPoint","urlTemplate":"https:\/\/claudia.rootwiki.info\/?s={search_term_string}"},"query-input":{"@type":"PropertyValueSpecification","valueRequired":true,"valueName":"search_term_string"}}],"inLanguage":"de"},{"@type":"Organization","@id":"https:\/\/claudia.rootwiki.info\/#organization","name":"EmpathieReich","url":"https:\/\/claudia.rootwiki.info\/","logo":{"@type":"ImageObject","inLanguage":"de","@id":"https:\/\/claudia.rootwiki.info\/#\/schema\/logo\/image\/","url":"https:\/\/claudia.rootwiki.info\/wp-content\/uploads\/2021\/10\/cropped-empathieReich_Plus_negWeiss.png","contentUrl":"https:\/\/claudia.rootwiki.info\/wp-content\/uploads\/2021\/10\/cropped-empathieReich_Plus_negWeiss.png","width":990,"height":250,"caption":"EmpathieReich"},"image":{"@id":"https:\/\/claudia.rootwiki.info\/#\/schema\/logo\/image\/"}}]}},"_links":{"self":[{"href":"https:\/\/claudia.rootwiki.info\/index.php\/wp-json\/wp\/v2\/pages\/10","targetHints":{"allow":["GET"]}}],"collection":[{"href":"https:\/\/claudia.rootwiki.info\/index.php\/wp-json\/wp\/v2\/pages"}],"about":[{"href":"https:\/\/claudia.rootwiki.info\/index.php\/wp-json\/wp\/v2\/types\/page"}],"author":[{"embeddable":true,"href":"https:\/\/claudia.rootwiki.info\/index.php\/wp-json\/wp\/v2\/users\/1"}],"replies":[{"embeddable":true,"href":"https:\/\/claudia.rootwiki.info\/index.php\/wp-json\/wp\/v2\/comments?post=10"}],"version-history":[{"count":13,"href":"https:\/\/claudia.rootwiki.info\/index.php\/wp-json\/wp\/v2\/pages\/10\/revisions"}],"predecessor-version":[{"id":333,"href":"https:\/\/claudia.rootwiki.info\/index.php\/wp-json\/wp\/v2\/pages\/10\/revisions\/333"}],"wp:featuredmedia":[{"embeddable":true,"href":"https:\/\/claudia.rootwiki.info\/index.php\/wp-json\/wp\/v2\/media\/327"}],"wp:attachment":[{"href":"https:\/\/claudia.rootwiki.info\/index.php\/wp-json\/wp\/v2\/media?parent=10"}],"curies":[{"name":"wp","href":"https:\/\/api.w.org\/{rel}","templated":true}]}}