{"id":103,"date":"2021-06-20T19:08:03","date_gmt":"2021-06-20T19:08:03","guid":{"rendered":"https:\/\/claudia.rootwiki.info\/wordpress\/?page_id=103"},"modified":"2021-09-08T19:34:37","modified_gmt":"2021-09-08T19:34:37","slug":"kurse-paedagogen","status":"publish","type":"page","link":"https:\/\/claudia.rootwiki.info\/index.php\/angebote\/kurse-paedagogen\/","title":{"rendered":"Kurse f\u00fcr P\u00e4dagoginnen\/P\u00e4dagogen"},"content":{"rendered":"\n<p>GFK in der Schule, ist das n\u00f6tig?<\/p>\n\n\n\n<p>Oft sprechen wir nach bestem Wissen und Gewissen. Wir glauben, Dinge nett zu sagen, jedenfalls ganz sicher nicht \u201egewaltt\u00e4tig\u201c. Und dann stellen wir irritiert fest, dass es im Kontakt zum Kollegium, den Sch\u00fclerInnen oder den Eltern zu Missverst\u00e4ndnissen, \u00c4rger und Konflikten kommt.<br>Pl\u00f6tzlich schweigt die Kollegin, Sch\u00fcler werden trotzig und Eltern einfach nur schwierig.<br>Auf dem Pausenplatz kommt es zu offensichtlichen Handgreiflichkeiten oder subtilem Mobbing. Solche Situation kosten Nerven, Energie und Zeit.&nbsp; Kann es sein, dass unwissend doch Gewalt in unseren Worten steckt?<br>Mit der&nbsp;Gewaltfreien Kommunikation (<a href=\"https:\/\/claudia.rootwiki.info\/index.php\/gfk\/gfk-info\/\">GFK<\/a>) nach Marshall B. Rosenberg erhalten wir ein Werkzeug, das uns hilft, in solchen Situationen besonnener zu reagieren. Mich ehrlich und klar auszudr\u00fccken, gleichzeitig mitf\u00fchlend zuzuh\u00f6ren und die Bed\u00fcrfnisse von mir und meinen Mitmenschen als gleichwertig zu achten. Aufgrund beider Bed\u00fcrfnisse suchen wir nach L\u00f6sungen die tragf\u00e4hig sind weil beide Parteien ber\u00fccksichtigt wurden. <br><br>So gelingt ein wertsch\u00e4tzender Umgang im&nbsp;Kollegium, im Kontakt mit Sch\u00fclerInnen und auch Eltern leichter. Schwierigkeiten&nbsp;k\u00f6nnen gekl\u00e4rt und gemeinsame L\u00f6sungen gefunden werden.<\/p>\n\n\n\n<p>Der nachfolgende Dialog steht als Beispiel f\u00fcr unz\u00e4hlige Situationen, die Mithilfe der GFK wohlwollend und wertsch\u00e4tzend gel\u00f6st werden k\u00f6nnen.<br>Die Lehrperson gibt den Sch\u00fclerInnen den Auftrag, eine Aufgabe in Einzelarbeit zu l\u00f6sen.<br>Ein Kind wendet sich nicht der Aufgabe zu, sondern schaut aus dem Fenster.<br>Der Lehrer spricht den Sch\u00fcler an:&nbsp;<\/p>\n\n\n\n<p><strong>Lehrer:<\/strong>&nbsp;Du schaust aus dem Fenster. Mir scheint es, als seist du gerade lustlos und w\u00fcrdest lieber etwas anders tun, als die Aufgabe zu l\u00f6sen? Ist das so?&nbsp;<br><strong>Sch\u00fcler:<\/strong>&nbsp;(gereizt) Scheiss Mathe!<br><strong>L.:<\/strong>&nbsp;Das klingt f\u00fcr mich so, wie wenn du Mathe hasst und du nur etwas lernen m\u00f6chtest, das dir auch sinnvoll erscheint.<br><strong>S.:<\/strong>&nbsp;Genau, so ist es!<br><strong>L.:<\/strong>&nbsp;M\u00f6chtest du verstehen, welchen Sinn es hat, Mathe zu lernen, bevor du bereit bist, dich mit dieser Aufgabe auseinander zu setzten?<br><strong>S.:<\/strong>&nbsp;Ja.<br><strong>L.:<\/strong>&nbsp;Jetzt bin ich grad unsicher und w\u00fcrde es gerne verstehen. M\u00f6chtest du wissen, wie dir Mathe n\u00fctzlich ist oder geht es um das L\u00f6sen von Aufgaben?&nbsp;<br><strong>S.:<\/strong>&nbsp;Mathe ist einfach zu kompliziert&#8230;<br><strong>L.:<\/strong>&nbsp;Willst du damit sagen, dass du frustriert bist und mehr Hilfe brauchst, um zu verstehen, wie man Matheprobleme l\u00f6st?<br><strong>S.:<\/strong>&nbsp;(nickt) Hmmmm&#8230;<br><strong>L.:<\/strong>&nbsp;Mir liegt am Herzen, dass ihr alle einigermassen gern zur Schule kommt. Ich m\u00f6chte dich gerne unterst\u00fctzen.<br><strong>S.:<\/strong>&nbsp;Wie?<br><strong>L.:<\/strong>&nbsp;Hast du einen Vorschlag?<br><strong>S:<\/strong> Ja&#8230; ich probiere es zuerst selber und wenn ich es nicht auf die Reihe bekomme, melde ich mich&#8230;<br><strong>L: <\/strong>Das passt f\u00fcr mich.<br><strong>S:<\/strong> Ok&#8230;<br><strong>L.:<\/strong>&nbsp;(reagiert auf das nonverbale Verhalten des Sch\u00fclers) Du scheinst an der Idee zu zweifeln?<br><strong>S.:<\/strong>&nbsp;Und was ist, wenn Sie keine Zeit haben?<br><strong>L.:<\/strong>&nbsp;Brauchst du Klarheit, was wir in einem solchen Fall machen werden?<br><strong>S.:<\/strong>&nbsp;Ja.<br><strong>L.:<\/strong>&nbsp;Wenn ich mit einem anderen Kind besch\u00e4ftigt bin, was w\u00fcrde dir in einem solchen Moment helfen?&nbsp;<br><strong>S:<\/strong> Wenn ich Sch\u00fcler X oder Y um Hilfe fragen darf.<br><strong>L:<\/strong> Mir ist wichtig, dass es im Schulzimmer so ruhig ist, dass konzentriert gearbeitet werden kann und dass du in so einem Moment nur \u00fcber Mathe sprichst. Bist du bereit, X oder Y fl\u00fcsternd um Hilfe zu bitten und zur\u00fcck an den Platz zu gehen, wenn deine Frage gekl\u00e4rt ist?<br><strong>S:<\/strong> (grinst schelmisch) Also keine anderen Gespr\u00e4che? (wirkt ernst) Ok, ich bin einverstanden!<br><strong>L:<\/strong> Was h\u00e4ltst du davon, wenn wir die Beiden zuerst fragen. Wenn sie einverstanden sind, probieren wir es zwei Wochen aus und setzen uns dann wieder zusammen und schauen, wie es dir damit ergangen ist. Wie klingt das f\u00fcr dich?<br><strong>S:<\/strong> (erleichtert) Ja, das ist gut. Dankesch\u00f6n!<br><strong>L:<\/strong> Ich danke dir!<\/p>\n\n\n\n<p>Die GFK ist keine Manipulationsmethode, um jemanden dazu zu bringen, etwas zu tun. Vielmehr geht es darum, dass Gef\u00fchle und Bed\u00fcrfnisse von beiden Seiten gesehen und geh\u00f6rt werden. So w\u00e4chst gegenseitig vertrauen, was wiederum zu tragf\u00e4higen L\u00f6sungen f\u00fchrt.<br>Strebt das Kollegium eine Atmosph\u00e4re des Vertrauens und des gegenseitigen Respektes an, wird sich das nachhaltig auf die Sch\u00fclerInnen und das gesamte Schulklima auswirken.<\/p>\n\n\n\n<p><strong>Voraussetzungen?<br><\/strong>F\u00fcr ein Einf\u00fchrungseminar: Keine<br>F\u00fcr GFK Trainings Einheiten:  Einf\u00fchrungsseminar (2 Tage)<\/p>\n\n\n\n<p><strong>Wo?<br><\/strong>In den R\u00e4umlichkeiten der Schule.<\/p>\n\n\n\n<p><strong>Wann?<br><\/strong>In individueller Absprache.<\/p>\n\n\n\n<p><strong>Wer?<br><\/strong>Lehrpersonen die sich einen wertsch\u00e4tzenden Umgang im Schulzimmer w\u00fcnschen.<\/p>\n\n\n\n<p><strong>Wieviel?<br><\/strong>150.-\/Stunde, inkl. Material<\/p>\n\n\n\n<p><a href=\"https:\/\/claudia.rootwiki.info\/index.php\/kontakt\/\">Anmeldung<\/a><\/p>\n","protected":false},"excerpt":{"rendered":"<p>GFK in der Schule, ist das n\u00f6tig? Oft sprechen wir nach bestem Wissen und Gewissen. Wir glauben, Dinge nett zu sagen, jedenfalls ganz sicher nicht \u201egewaltt\u00e4tig\u201c. Und dann stellen wir irritiert fest, dass es im Kontakt zum Kollegium, den Sch\u00fclerInnen oder den Eltern zu Missverst\u00e4ndnissen, \u00c4rger und Konflikten kommt.Pl\u00f6tzlich schweigt die Kollegin, Sch\u00fcler werden trotzig &hellip; <\/p>\n<p class=\"link-more\"><a href=\"https:\/\/claudia.rootwiki.info\/index.php\/angebote\/kurse-paedagogen\/\" class=\"more-link\"><span class=\"screen-reader-text\">\u201eKurse f\u00fcr P\u00e4dagoginnen\/P\u00e4dagogen\u201c<\/span> weiterlesen<\/a><\/p>\n","protected":false},"author":1,"featured_media":284,"parent":68,"menu_order":6,"comment_status":"closed","ping_status":"closed","template":"","meta":{"footnotes":""},"class_list":["post-103","page","type-page","status-publish","has-post-thumbnail","hentry"],"yoast_head":"<!-- This site is optimized with the Yoast SEO plugin v27.4 - https:\/\/yoast.com\/product\/yoast-seo-wordpress\/ -->\n<title>Kurse f\u00fcr P\u00e4dagoginnen\/P\u00e4dagogen - EmpathieReich<\/title>\n<meta name=\"robots\" content=\"noindex, follow, max-snippet:-1, max-image-preview:large, max-video-preview:-1\" \/>\n<meta property=\"og:locale\" content=\"de_DE\" \/>\n<meta property=\"og:type\" content=\"article\" \/>\n<meta property=\"og:title\" content=\"Kurse f\u00fcr P\u00e4dagoginnen\/P\u00e4dagogen - EmpathieReich\" \/>\n<meta property=\"og:description\" content=\"GFK in der Schule, ist das n\u00f6tig? Oft sprechen wir nach bestem Wissen und Gewissen. Wir glauben, Dinge nett zu sagen, jedenfalls ganz sicher nicht \u201egewaltt\u00e4tig\u201c. Und dann stellen wir irritiert fest, dass es im Kontakt zum Kollegium, den Sch\u00fclerInnen oder den Eltern zu Missverst\u00e4ndnissen, \u00c4rger und Konflikten kommt.Pl\u00f6tzlich schweigt die Kollegin, Sch\u00fcler werden trotzig &hellip; \u201eKurse f\u00fcr P\u00e4dagoginnen\/P\u00e4dagogen\u201c weiterlesen\" \/>\n<meta property=\"og:url\" content=\"https:\/\/claudia.rootwiki.info\/index.php\/angebote\/kurse-paedagogen\/\" \/>\n<meta property=\"og:site_name\" content=\"EmpathieReich\" \/>\n<meta property=\"article:modified_time\" content=\"2021-09-08T19:34:37+00:00\" \/>\n<meta property=\"og:image\" content=\"https:\/\/claudia.rootwiki.info\/wp-content\/uploads\/2021\/08\/board-children.jpg\" \/>\n\t<meta property=\"og:image:width\" content=\"1920\" \/>\n\t<meta property=\"og:image:height\" content=\"1008\" \/>\n\t<meta property=\"og:image:type\" content=\"image\/jpeg\" \/>\n<meta name=\"twitter:card\" content=\"summary_large_image\" \/>\n<meta name=\"twitter:label1\" content=\"Gesch\u00e4tzte Lesezeit\" \/>\n\t<meta name=\"twitter:data1\" content=\"4\u00a0Minuten\" \/>\n<script type=\"application\/ld+json\" class=\"yoast-schema-graph\">{\"@context\":\"https:\\\/\\\/schema.org\",\"@graph\":[{\"@type\":\"WebPage\",\"@id\":\"https:\\\/\\\/claudia.rootwiki.info\\\/index.php\\\/angebote\\\/kurse-paedagogen\\\/\",\"url\":\"https:\\\/\\\/claudia.rootwiki.info\\\/index.php\\\/angebote\\\/kurse-paedagogen\\\/\",\"name\":\"Kurse f\u00fcr P\u00e4dagoginnen\\\/P\u00e4dagogen - EmpathieReich\",\"isPartOf\":{\"@id\":\"https:\\\/\\\/claudia.rootwiki.info\\\/#website\"},\"primaryImageOfPage\":{\"@id\":\"https:\\\/\\\/claudia.rootwiki.info\\\/index.php\\\/angebote\\\/kurse-paedagogen\\\/#primaryimage\"},\"image\":{\"@id\":\"https:\\\/\\\/claudia.rootwiki.info\\\/index.php\\\/angebote\\\/kurse-paedagogen\\\/#primaryimage\"},\"thumbnailUrl\":\"https:\\\/\\\/claudia.rootwiki.info\\\/wp-content\\\/uploads\\\/2021\\\/08\\\/board-children.jpg\",\"datePublished\":\"2021-06-20T19:08:03+00:00\",\"dateModified\":\"2021-09-08T19:34:37+00:00\",\"breadcrumb\":{\"@id\":\"https:\\\/\\\/claudia.rootwiki.info\\\/index.php\\\/angebote\\\/kurse-paedagogen\\\/#breadcrumb\"},\"inLanguage\":\"de\",\"potentialAction\":[{\"@type\":\"ReadAction\",\"target\":[\"https:\\\/\\\/claudia.rootwiki.info\\\/index.php\\\/angebote\\\/kurse-paedagogen\\\/\"]}]},{\"@type\":\"ImageObject\",\"inLanguage\":\"de\",\"@id\":\"https:\\\/\\\/claudia.rootwiki.info\\\/index.php\\\/angebote\\\/kurse-paedagogen\\\/#primaryimage\",\"url\":\"https:\\\/\\\/claudia.rootwiki.info\\\/wp-content\\\/uploads\\\/2021\\\/08\\\/board-children.jpg\",\"contentUrl\":\"https:\\\/\\\/claudia.rootwiki.info\\\/wp-content\\\/uploads\\\/2021\\\/08\\\/board-children.jpg\",\"width\":1920,\"height\":1008,\"caption\":\"Wandtafel Schulkinder\"},{\"@type\":\"BreadcrumbList\",\"@id\":\"https:\\\/\\\/claudia.rootwiki.info\\\/index.php\\\/angebote\\\/kurse-paedagogen\\\/#breadcrumb\",\"itemListElement\":[{\"@type\":\"ListItem\",\"position\":1,\"name\":\"Startseite\",\"item\":\"https:\\\/\\\/claudia.rootwiki.info\\\/\"},{\"@type\":\"ListItem\",\"position\":2,\"name\":\"Angebote\",\"item\":\"https:\\\/\\\/claudia.rootwiki.info\\\/index.php\\\/angebote\\\/\"},{\"@type\":\"ListItem\",\"position\":3,\"name\":\"Kurse f\u00fcr P\u00e4dagoginnen\\\/P\u00e4dagogen\"}]},{\"@type\":\"WebSite\",\"@id\":\"https:\\\/\\\/claudia.rootwiki.info\\\/#website\",\"url\":\"https:\\\/\\\/claudia.rootwiki.info\\\/\",\"name\":\"EmpathieReich\",\"description\":\"Gewaltfreie Kommunikation\",\"publisher\":{\"@id\":\"https:\\\/\\\/claudia.rootwiki.info\\\/#organization\"},\"potentialAction\":[{\"@type\":\"SearchAction\",\"target\":{\"@type\":\"EntryPoint\",\"urlTemplate\":\"https:\\\/\\\/claudia.rootwiki.info\\\/?s={search_term_string}\"},\"query-input\":{\"@type\":\"PropertyValueSpecification\",\"valueRequired\":true,\"valueName\":\"search_term_string\"}}],\"inLanguage\":\"de\"},{\"@type\":\"Organization\",\"@id\":\"https:\\\/\\\/claudia.rootwiki.info\\\/#organization\",\"name\":\"EmpathieReich\",\"url\":\"https:\\\/\\\/claudia.rootwiki.info\\\/\",\"logo\":{\"@type\":\"ImageObject\",\"inLanguage\":\"de\",\"@id\":\"https:\\\/\\\/claudia.rootwiki.info\\\/#\\\/schema\\\/logo\\\/image\\\/\",\"url\":\"https:\\\/\\\/claudia.rootwiki.info\\\/wp-content\\\/uploads\\\/2021\\\/10\\\/cropped-empathieReich_Plus_negWeiss.png\",\"contentUrl\":\"https:\\\/\\\/claudia.rootwiki.info\\\/wp-content\\\/uploads\\\/2021\\\/10\\\/cropped-empathieReich_Plus_negWeiss.png\",\"width\":990,\"height\":250,\"caption\":\"EmpathieReich\"},\"image\":{\"@id\":\"https:\\\/\\\/claudia.rootwiki.info\\\/#\\\/schema\\\/logo\\\/image\\\/\"}}]}<\/script>\n<!-- \/ Yoast SEO plugin. -->","yoast_head_json":{"title":"Kurse f\u00fcr P\u00e4dagoginnen\/P\u00e4dagogen - EmpathieReich","robots":{"index":"noindex","follow":"follow","max-snippet":"max-snippet:-1","max-image-preview":"max-image-preview:large","max-video-preview":"max-video-preview:-1"},"og_locale":"de_DE","og_type":"article","og_title":"Kurse f\u00fcr P\u00e4dagoginnen\/P\u00e4dagogen - EmpathieReich","og_description":"GFK in der Schule, ist das n\u00f6tig? Oft sprechen wir nach bestem Wissen und Gewissen. Wir glauben, Dinge nett zu sagen, jedenfalls ganz sicher nicht \u201egewaltt\u00e4tig\u201c. Und dann stellen wir irritiert fest, dass es im Kontakt zum Kollegium, den Sch\u00fclerInnen oder den Eltern zu Missverst\u00e4ndnissen, \u00c4rger und Konflikten kommt.Pl\u00f6tzlich schweigt die Kollegin, Sch\u00fcler werden trotzig &hellip; \u201eKurse f\u00fcr P\u00e4dagoginnen\/P\u00e4dagogen\u201c weiterlesen","og_url":"https:\/\/claudia.rootwiki.info\/index.php\/angebote\/kurse-paedagogen\/","og_site_name":"EmpathieReich","article_modified_time":"2021-09-08T19:34:37+00:00","og_image":[{"width":1920,"height":1008,"url":"https:\/\/claudia.rootwiki.info\/wp-content\/uploads\/2021\/08\/board-children.jpg","type":"image\/jpeg"}],"twitter_card":"summary_large_image","twitter_misc":{"Gesch\u00e4tzte Lesezeit":"4\u00a0Minuten"},"schema":{"@context":"https:\/\/schema.org","@graph":[{"@type":"WebPage","@id":"https:\/\/claudia.rootwiki.info\/index.php\/angebote\/kurse-paedagogen\/","url":"https:\/\/claudia.rootwiki.info\/index.php\/angebote\/kurse-paedagogen\/","name":"Kurse f\u00fcr P\u00e4dagoginnen\/P\u00e4dagogen - EmpathieReich","isPartOf":{"@id":"https:\/\/claudia.rootwiki.info\/#website"},"primaryImageOfPage":{"@id":"https:\/\/claudia.rootwiki.info\/index.php\/angebote\/kurse-paedagogen\/#primaryimage"},"image":{"@id":"https:\/\/claudia.rootwiki.info\/index.php\/angebote\/kurse-paedagogen\/#primaryimage"},"thumbnailUrl":"https:\/\/claudia.rootwiki.info\/wp-content\/uploads\/2021\/08\/board-children.jpg","datePublished":"2021-06-20T19:08:03+00:00","dateModified":"2021-09-08T19:34:37+00:00","breadcrumb":{"@id":"https:\/\/claudia.rootwiki.info\/index.php\/angebote\/kurse-paedagogen\/#breadcrumb"},"inLanguage":"de","potentialAction":[{"@type":"ReadAction","target":["https:\/\/claudia.rootwiki.info\/index.php\/angebote\/kurse-paedagogen\/"]}]},{"@type":"ImageObject","inLanguage":"de","@id":"https:\/\/claudia.rootwiki.info\/index.php\/angebote\/kurse-paedagogen\/#primaryimage","url":"https:\/\/claudia.rootwiki.info\/wp-content\/uploads\/2021\/08\/board-children.jpg","contentUrl":"https:\/\/claudia.rootwiki.info\/wp-content\/uploads\/2021\/08\/board-children.jpg","width":1920,"height":1008,"caption":"Wandtafel Schulkinder"},{"@type":"BreadcrumbList","@id":"https:\/\/claudia.rootwiki.info\/index.php\/angebote\/kurse-paedagogen\/#breadcrumb","itemListElement":[{"@type":"ListItem","position":1,"name":"Startseite","item":"https:\/\/claudia.rootwiki.info\/"},{"@type":"ListItem","position":2,"name":"Angebote","item":"https:\/\/claudia.rootwiki.info\/index.php\/angebote\/"},{"@type":"ListItem","position":3,"name":"Kurse f\u00fcr P\u00e4dagoginnen\/P\u00e4dagogen"}]},{"@type":"WebSite","@id":"https:\/\/claudia.rootwiki.info\/#website","url":"https:\/\/claudia.rootwiki.info\/","name":"EmpathieReich","description":"Gewaltfreie Kommunikation","publisher":{"@id":"https:\/\/claudia.rootwiki.info\/#organization"},"potentialAction":[{"@type":"SearchAction","target":{"@type":"EntryPoint","urlTemplate":"https:\/\/claudia.rootwiki.info\/?s={search_term_string}"},"query-input":{"@type":"PropertyValueSpecification","valueRequired":true,"valueName":"search_term_string"}}],"inLanguage":"de"},{"@type":"Organization","@id":"https:\/\/claudia.rootwiki.info\/#organization","name":"EmpathieReich","url":"https:\/\/claudia.rootwiki.info\/","logo":{"@type":"ImageObject","inLanguage":"de","@id":"https:\/\/claudia.rootwiki.info\/#\/schema\/logo\/image\/","url":"https:\/\/claudia.rootwiki.info\/wp-content\/uploads\/2021\/10\/cropped-empathieReich_Plus_negWeiss.png","contentUrl":"https:\/\/claudia.rootwiki.info\/wp-content\/uploads\/2021\/10\/cropped-empathieReich_Plus_negWeiss.png","width":990,"height":250,"caption":"EmpathieReich"},"image":{"@id":"https:\/\/claudia.rootwiki.info\/#\/schema\/logo\/image\/"}}]}},"_links":{"self":[{"href":"https:\/\/claudia.rootwiki.info\/index.php\/wp-json\/wp\/v2\/pages\/103","targetHints":{"allow":["GET"]}}],"collection":[{"href":"https:\/\/claudia.rootwiki.info\/index.php\/wp-json\/wp\/v2\/pages"}],"about":[{"href":"https:\/\/claudia.rootwiki.info\/index.php\/wp-json\/wp\/v2\/types\/page"}],"author":[{"embeddable":true,"href":"https:\/\/claudia.rootwiki.info\/index.php\/wp-json\/wp\/v2\/users\/1"}],"replies":[{"embeddable":true,"href":"https:\/\/claudia.rootwiki.info\/index.php\/wp-json\/wp\/v2\/comments?post=103"}],"version-history":[{"count":17,"href":"https:\/\/claudia.rootwiki.info\/index.php\/wp-json\/wp\/v2\/pages\/103\/revisions"}],"predecessor-version":[{"id":411,"href":"https:\/\/claudia.rootwiki.info\/index.php\/wp-json\/wp\/v2\/pages\/103\/revisions\/411"}],"up":[{"embeddable":true,"href":"https:\/\/claudia.rootwiki.info\/index.php\/wp-json\/wp\/v2\/pages\/68"}],"wp:featuredmedia":[{"embeddable":true,"href":"https:\/\/claudia.rootwiki.info\/index.php\/wp-json\/wp\/v2\/media\/284"}],"wp:attachment":[{"href":"https:\/\/claudia.rootwiki.info\/index.php\/wp-json\/wp\/v2\/media?parent=103"}],"curies":[{"name":"wp","href":"https:\/\/api.w.org\/{rel}","templated":true}]}}