{"id":11,"date":"2021-06-07T18:21:00","date_gmt":"2021-06-07T18:21:00","guid":{"rendered":"https:\/\/claudia.rootwiki.info\/wordpress\/?page_id=11"},"modified":"2021-10-03T13:55:02","modified_gmt":"2021-10-03T13:55:02","slug":"ueber-mich-detail","status":"publish","type":"page","link":"https:\/\/claudia.rootwiki.info\/index.php\/ueber-mich\/ueber-mich-detail\/","title":{"rendered":"\u00dcber mich"},"content":{"rendered":"\n<p>Auf meinem Weg als Mutter zweier Kinder war es meinem Mann und mir stets ein Anliegen, die Erziehung wohlwollend und wertsch\u00e4tzend zu gestalten. Manch ein Erziehungsratgeber, den ich zu Hilfe zog, zeigte mir das Ziel auf, doch der Weg zum Ziel blieb f\u00fcr mich im Verborgenen.<br>Als ich 2012 auf die GFK gesto\u00dfen bin, war das f\u00fcr mich wie ein 6er im Lotto. Ein Werkzeug, das mit konkreten Schritten hilft den Weg zu gestalten. Ein Werkzeug, das meinen Wunsch nach Selbstwirksamkeit und Klarheit n\u00e4hrt. Gleichzeitig ist es ein Werkzeug, das in mir eine wohlwollende, wertsch\u00e4tzende Haltung wachsen l\u00e4sst. Meinen Mitmenschen und mir gegen\u00fcber in gleichem Mass.<\/p>\n\n\n\n<p>Ich war und bin restlos begeistert.<br>Diese Jahre mit der GFK haben mich gepr\u00e4gt und ver\u00e4ndert.<\/p>\n\n\n\n<p>Dabei sticht f\u00fcr mich eine Essenz besonders heraus:<br>Ich bin \u00fcberzeugt: ein Geheimnis f\u00fcr ein gelingendes Miteinander ist die \u00dcbernahme der Verantwortung f\u00fcr die eigenen Gef\u00fchle und Bed\u00fcrfnisse und <em>NUR<\/em> f\u00fcr die eigenen. Das ist ein Weg, den jeder selber geht. Und den ich manchmal wirklich anstrengend finde. Doch das in der Gruppe zu lernen macht einfach viel mehr Spass.<br>In meinen Seminaren und \u00dcbungsgruppen begleite ich Sie gerne dabei! Es ist mein Beitrag zum Frieden auf dieser Welt. Eine Begegnung auf Augenh\u00f6he.<\/p>\n\n\n\n<p>Werden auch Sie ein Teil vom EmpathieReich \u00a9.<br>Ich freue mich auf Sie!<br><br><br><\/p>\n\n\n\n<figure class=\"wp-block-image size-large is-resized\"><a href=\"https:\/\/www.fachverband-gfk.org\/\" target=\"_blank\" rel=\"noopener\"><img loading=\"lazy\" decoding=\"async\" src=\"https:\/\/claudia.rootwiki.info\/wp-content\/uploads\/2021\/06\/Siegel_Anerkannte-Trainerin-1024x500.png\" alt=\"\" class=\"wp-image-56\" width=\"256\" height=\"125\" srcset=\"https:\/\/claudia.rootwiki.info\/wp-content\/uploads\/2021\/06\/Siegel_Anerkannte-Trainerin-1024x500.png 1024w, https:\/\/claudia.rootwiki.info\/wp-content\/uploads\/2021\/06\/Siegel_Anerkannte-Trainerin-300x146.png 300w, https:\/\/claudia.rootwiki.info\/wp-content\/uploads\/2021\/06\/Siegel_Anerkannte-Trainerin-768x375.png 768w, https:\/\/claudia.rootwiki.info\/wp-content\/uploads\/2021\/06\/Siegel_Anerkannte-Trainerin-1536x750.png 1536w, https:\/\/claudia.rootwiki.info\/wp-content\/uploads\/2021\/06\/Siegel_Anerkannte-Trainerin.png 1912w\" sizes=\"auto, (max-width: 256px) 100vw, 256px\" \/><\/a><\/figure>\n","protected":false},"excerpt":{"rendered":"<p>Auf meinem Weg als Mutter zweier Kinder war es meinem Mann und mir stets ein Anliegen, die Erziehung wohlwollend und wertsch\u00e4tzend zu gestalten. Manch ein Erziehungsratgeber, den ich zu Hilfe zog, zeigte mir das Ziel auf, doch der Weg zum Ziel blieb f\u00fcr mich im Verborgenen.Als ich 2012 auf die GFK gesto\u00dfen bin, war das &hellip; <\/p>\n<p class=\"link-more\"><a href=\"https:\/\/claudia.rootwiki.info\/index.php\/ueber-mich\/ueber-mich-detail\/\" class=\"more-link\"><span class=\"screen-reader-text\">\u201e\u00dcber mich\u201c<\/span> weiterlesen<\/a><\/p>\n","protected":false},"author":1,"featured_media":440,"parent":279,"menu_order":0,"comment_status":"closed","ping_status":"closed","template":"","meta":{"footnotes":""},"class_list":["post-11","page","type-page","status-publish","has-post-thumbnail","hentry"],"yoast_head":"<!-- This site is optimized with the Yoast SEO plugin v27.4 - https:\/\/yoast.com\/product\/yoast-seo-wordpress\/ -->\n<title>\u00dcber mich - EmpathieReich<\/title>\n<meta name=\"description\" content=\"Claudia B\u00fcchel GFK Trainerin Fachverband EmpathieReich empathie reich\" \/>\n<meta name=\"robots\" content=\"noindex, follow, max-snippet:-1, max-image-preview:large, max-video-preview:-1\" \/>\n<meta property=\"og:locale\" content=\"de_DE\" \/>\n<meta property=\"og:type\" content=\"article\" \/>\n<meta property=\"og:title\" content=\"\u00dcber mich - EmpathieReich\" \/>\n<meta property=\"og:description\" content=\"Claudia B\u00fcchel GFK Trainerin Fachverband EmpathieReich empathie reich\" \/>\n<meta property=\"og:url\" content=\"https:\/\/claudia.rootwiki.info\/index.php\/ueber-mich\/ueber-mich-detail\/\" \/>\n<meta property=\"og:site_name\" content=\"EmpathieReich\" \/>\n<meta property=\"article:modified_time\" content=\"2021-10-03T13:55:02+00:00\" \/>\n<meta property=\"og:image\" content=\"https:\/\/claudia.rootwiki.info\/wp-content\/uploads\/2023\/02\/claudia_ansicht-scaled-e1676838215844.jpg\" \/>\n\t<meta property=\"og:image:width\" content=\"2560\" \/>\n\t<meta property=\"og:image:height\" content=\"1920\" \/>\n\t<meta property=\"og:image:type\" content=\"image\/jpeg\" \/>\n<meta name=\"twitter:card\" content=\"summary_large_image\" \/>\n<meta name=\"twitter:label1\" content=\"Gesch\u00e4tzte Lesezeit\" \/>\n\t<meta name=\"twitter:data1\" content=\"2\u00a0Minuten\" \/>\n<script type=\"application\/ld+json\" class=\"yoast-schema-graph\">{\"@context\":\"https:\\\/\\\/schema.org\",\"@graph\":[{\"@type\":\"WebPage\",\"@id\":\"https:\\\/\\\/claudia.rootwiki.info\\\/index.php\\\/ueber-mich\\\/ueber-mich-detail\\\/\",\"url\":\"https:\\\/\\\/claudia.rootwiki.info\\\/index.php\\\/ueber-mich\\\/ueber-mich-detail\\\/\",\"name\":\"\u00dcber mich - EmpathieReich\",\"isPartOf\":{\"@id\":\"https:\\\/\\\/claudia.rootwiki.info\\\/#website\"},\"primaryImageOfPage\":{\"@id\":\"https:\\\/\\\/claudia.rootwiki.info\\\/index.php\\\/ueber-mich\\\/ueber-mich-detail\\\/#primaryimage\"},\"image\":{\"@id\":\"https:\\\/\\\/claudia.rootwiki.info\\\/index.php\\\/ueber-mich\\\/ueber-mich-detail\\\/#primaryimage\"},\"thumbnailUrl\":\"https:\\\/\\\/claudia.rootwiki.info\\\/wp-content\\\/uploads\\\/2021\\\/10\\\/claudia_blond-scaled.jpg\",\"datePublished\":\"2021-06-07T18:21:00+00:00\",\"dateModified\":\"2021-10-03T13:55:02+00:00\",\"description\":\"Claudia B\u00fcchel GFK Trainerin Fachverband EmpathieReich empathie reich\",\"breadcrumb\":{\"@id\":\"https:\\\/\\\/claudia.rootwiki.info\\\/index.php\\\/ueber-mich\\\/ueber-mich-detail\\\/#breadcrumb\"},\"inLanguage\":\"de\",\"potentialAction\":[{\"@type\":\"ReadAction\",\"target\":[\"https:\\\/\\\/claudia.rootwiki.info\\\/index.php\\\/ueber-mich\\\/ueber-mich-detail\\\/\"]}]},{\"@type\":\"ImageObject\",\"inLanguage\":\"de\",\"@id\":\"https:\\\/\\\/claudia.rootwiki.info\\\/index.php\\\/ueber-mich\\\/ueber-mich-detail\\\/#primaryimage\",\"url\":\"https:\\\/\\\/claudia.rootwiki.info\\\/wp-content\\\/uploads\\\/2021\\\/10\\\/claudia_blond-scaled.jpg\",\"contentUrl\":\"https:\\\/\\\/claudia.rootwiki.info\\\/wp-content\\\/uploads\\\/2021\\\/10\\\/claudia_blond-scaled.jpg\",\"width\":2560,\"height\":1920,\"caption\":\"Claudia B\u00fcchel\"},{\"@type\":\"BreadcrumbList\",\"@id\":\"https:\\\/\\\/claudia.rootwiki.info\\\/index.php\\\/ueber-mich\\\/ueber-mich-detail\\\/#breadcrumb\",\"itemListElement\":[{\"@type\":\"ListItem\",\"position\":1,\"name\":\"Startseite\",\"item\":\"https:\\\/\\\/claudia.rootwiki.info\\\/\"},{\"@type\":\"ListItem\",\"position\":2,\"name\":\"\u00dcber mich\",\"item\":\"https:\\\/\\\/claudia.rootwiki.info\\\/index.php\\\/ueber-mich\\\/\"},{\"@type\":\"ListItem\",\"position\":3,\"name\":\"\u00dcber mich\"}]},{\"@type\":\"WebSite\",\"@id\":\"https:\\\/\\\/claudia.rootwiki.info\\\/#website\",\"url\":\"https:\\\/\\\/claudia.rootwiki.info\\\/\",\"name\":\"EmpathieReich\",\"description\":\"Gewaltfreie Kommunikation\",\"publisher\":{\"@id\":\"https:\\\/\\\/claudia.rootwiki.info\\\/#organization\"},\"potentialAction\":[{\"@type\":\"SearchAction\",\"target\":{\"@type\":\"EntryPoint\",\"urlTemplate\":\"https:\\\/\\\/claudia.rootwiki.info\\\/?s={search_term_string}\"},\"query-input\":{\"@type\":\"PropertyValueSpecification\",\"valueRequired\":true,\"valueName\":\"search_term_string\"}}],\"inLanguage\":\"de\"},{\"@type\":\"Organization\",\"@id\":\"https:\\\/\\\/claudia.rootwiki.info\\\/#organization\",\"name\":\"EmpathieReich\",\"url\":\"https:\\\/\\\/claudia.rootwiki.info\\\/\",\"logo\":{\"@type\":\"ImageObject\",\"inLanguage\":\"de\",\"@id\":\"https:\\\/\\\/claudia.rootwiki.info\\\/#\\\/schema\\\/logo\\\/image\\\/\",\"url\":\"https:\\\/\\\/claudia.rootwiki.info\\\/wp-content\\\/uploads\\\/2021\\\/10\\\/cropped-empathieReich_Plus_negWeiss.png\",\"contentUrl\":\"https:\\\/\\\/claudia.rootwiki.info\\\/wp-content\\\/uploads\\\/2021\\\/10\\\/cropped-empathieReich_Plus_negWeiss.png\",\"width\":990,\"height\":250,\"caption\":\"EmpathieReich\"},\"image\":{\"@id\":\"https:\\\/\\\/claudia.rootwiki.info\\\/#\\\/schema\\\/logo\\\/image\\\/\"}}]}<\/script>\n<!-- \/ Yoast SEO plugin. -->","yoast_head_json":{"title":"\u00dcber mich - EmpathieReich","description":"Claudia B\u00fcchel GFK Trainerin Fachverband EmpathieReich empathie reich","robots":{"index":"noindex","follow":"follow","max-snippet":"max-snippet:-1","max-image-preview":"max-image-preview:large","max-video-preview":"max-video-preview:-1"},"og_locale":"de_DE","og_type":"article","og_title":"\u00dcber mich - EmpathieReich","og_description":"Claudia B\u00fcchel GFK Trainerin Fachverband EmpathieReich empathie reich","og_url":"https:\/\/claudia.rootwiki.info\/index.php\/ueber-mich\/ueber-mich-detail\/","og_site_name":"EmpathieReich","article_modified_time":"2021-10-03T13:55:02+00:00","og_image":[{"width":2560,"height":1920,"url":"https:\/\/claudia.rootwiki.info\/wp-content\/uploads\/2023\/02\/claudia_ansicht-scaled-e1676838215844.jpg","type":"image\/jpeg"}],"twitter_card":"summary_large_image","twitter_misc":{"Gesch\u00e4tzte Lesezeit":"2\u00a0Minuten"},"schema":{"@context":"https:\/\/schema.org","@graph":[{"@type":"WebPage","@id":"https:\/\/claudia.rootwiki.info\/index.php\/ueber-mich\/ueber-mich-detail\/","url":"https:\/\/claudia.rootwiki.info\/index.php\/ueber-mich\/ueber-mich-detail\/","name":"\u00dcber mich - EmpathieReich","isPartOf":{"@id":"https:\/\/claudia.rootwiki.info\/#website"},"primaryImageOfPage":{"@id":"https:\/\/claudia.rootwiki.info\/index.php\/ueber-mich\/ueber-mich-detail\/#primaryimage"},"image":{"@id":"https:\/\/claudia.rootwiki.info\/index.php\/ueber-mich\/ueber-mich-detail\/#primaryimage"},"thumbnailUrl":"https:\/\/claudia.rootwiki.info\/wp-content\/uploads\/2021\/10\/claudia_blond-scaled.jpg","datePublished":"2021-06-07T18:21:00+00:00","dateModified":"2021-10-03T13:55:02+00:00","description":"Claudia B\u00fcchel GFK Trainerin Fachverband EmpathieReich empathie reich","breadcrumb":{"@id":"https:\/\/claudia.rootwiki.info\/index.php\/ueber-mich\/ueber-mich-detail\/#breadcrumb"},"inLanguage":"de","potentialAction":[{"@type":"ReadAction","target":["https:\/\/claudia.rootwiki.info\/index.php\/ueber-mich\/ueber-mich-detail\/"]}]},{"@type":"ImageObject","inLanguage":"de","@id":"https:\/\/claudia.rootwiki.info\/index.php\/ueber-mich\/ueber-mich-detail\/#primaryimage","url":"https:\/\/claudia.rootwiki.info\/wp-content\/uploads\/2021\/10\/claudia_blond-scaled.jpg","contentUrl":"https:\/\/claudia.rootwiki.info\/wp-content\/uploads\/2021\/10\/claudia_blond-scaled.jpg","width":2560,"height":1920,"caption":"Claudia B\u00fcchel"},{"@type":"BreadcrumbList","@id":"https:\/\/claudia.rootwiki.info\/index.php\/ueber-mich\/ueber-mich-detail\/#breadcrumb","itemListElement":[{"@type":"ListItem","position":1,"name":"Startseite","item":"https:\/\/claudia.rootwiki.info\/"},{"@type":"ListItem","position":2,"name":"\u00dcber mich","item":"https:\/\/claudia.rootwiki.info\/index.php\/ueber-mich\/"},{"@type":"ListItem","position":3,"name":"\u00dcber mich"}]},{"@type":"WebSite","@id":"https:\/\/claudia.rootwiki.info\/#website","url":"https:\/\/claudia.rootwiki.info\/","name":"EmpathieReich","description":"Gewaltfreie Kommunikation","publisher":{"@id":"https:\/\/claudia.rootwiki.info\/#organization"},"potentialAction":[{"@type":"SearchAction","target":{"@type":"EntryPoint","urlTemplate":"https:\/\/claudia.rootwiki.info\/?s={search_term_string}"},"query-input":{"@type":"PropertyValueSpecification","valueRequired":true,"valueName":"search_term_string"}}],"inLanguage":"de"},{"@type":"Organization","@id":"https:\/\/claudia.rootwiki.info\/#organization","name":"EmpathieReich","url":"https:\/\/claudia.rootwiki.info\/","logo":{"@type":"ImageObject","inLanguage":"de","@id":"https:\/\/claudia.rootwiki.info\/#\/schema\/logo\/image\/","url":"https:\/\/claudia.rootwiki.info\/wp-content\/uploads\/2021\/10\/cropped-empathieReich_Plus_negWeiss.png","contentUrl":"https:\/\/claudia.rootwiki.info\/wp-content\/uploads\/2021\/10\/cropped-empathieReich_Plus_negWeiss.png","width":990,"height":250,"caption":"EmpathieReich"},"image":{"@id":"https:\/\/claudia.rootwiki.info\/#\/schema\/logo\/image\/"}}]}},"_links":{"self":[{"href":"https:\/\/claudia.rootwiki.info\/index.php\/wp-json\/wp\/v2\/pages\/11","targetHints":{"allow":["GET"]}}],"collection":[{"href":"https:\/\/claudia.rootwiki.info\/index.php\/wp-json\/wp\/v2\/pages"}],"about":[{"href":"https:\/\/claudia.rootwiki.info\/index.php\/wp-json\/wp\/v2\/types\/page"}],"author":[{"embeddable":true,"href":"https:\/\/claudia.rootwiki.info\/index.php\/wp-json\/wp\/v2\/users\/1"}],"replies":[{"embeddable":true,"href":"https:\/\/claudia.rootwiki.info\/index.php\/wp-json\/wp\/v2\/comments?post=11"}],"version-history":[{"count":17,"href":"https:\/\/claudia.rootwiki.info\/index.php\/wp-json\/wp\/v2\/pages\/11\/revisions"}],"predecessor-version":[{"id":404,"href":"https:\/\/claudia.rootwiki.info\/index.php\/wp-json\/wp\/v2\/pages\/11\/revisions\/404"}],"up":[{"embeddable":true,"href":"https:\/\/claudia.rootwiki.info\/index.php\/wp-json\/wp\/v2\/pages\/279"}],"wp:featuredmedia":[{"embeddable":true,"href":"https:\/\/claudia.rootwiki.info\/index.php\/wp-json\/wp\/v2\/media\/440"}],"wp:attachment":[{"href":"https:\/\/claudia.rootwiki.info\/index.php\/wp-json\/wp\/v2\/media?parent=11"}],"curies":[{"name":"wp","href":"https:\/\/api.w.org\/{rel}","templated":true}]}}