{"id":110,"date":"2021-06-30T18:08:12","date_gmt":"2021-06-30T18:08:12","guid":{"rendered":"https:\/\/claudia.rootwiki.info\/wordpress\/?page_id=110"},"modified":"2022-08-23T16:11:02","modified_gmt":"2022-08-23T16:11:02","slug":"schnupperabend","status":"publish","type":"page","link":"https:\/\/claudia.rootwiki.info\/index.php\/angebote\/schnupperabend\/","title":{"rendered":"Schnupperabend"},"content":{"rendered":"\n<p><a href=\"https:\/\/claudia.rootwiki.info\/index.php\/gfk\/gfk-info\/\">GFK<\/a>\u2026 Giraffensprache\u2026<br>Fragen Sie sich, was diese drei Buchstaben mit Giraffen zu tun haben? Und was diese Abk\u00fcrzung denn bedeutet?<br>Haben Sie schon von der GFK geh\u00f6rt und m\u00f6chten gerne einen Einblick erhalten?<br>Dann ist dieser Schnupperabend genau das Richtige f\u00fcr Sie!<br>An diesem erlebnisreichen Abend erhalten Sie einen Einblick in die gewaltfreie Kommunikation.<br>Sie erfahren wer die GFK ins Leben gerufen hat. Wie sich mit 4 Schritten Konflikte l\u00f6sen lassen und k\u00f6nnen es gleich selber ausprobieren.<br><br>Gwundrig? Dann kommen Sie vorbei!<\/p>\n\n\n\n<p><strong>Voraussetzungen?<\/strong><br>Interesse an wertsch\u00e4tzender Kommunikation.<\/p>\n\n\n\n<p><strong>Wo?<\/strong><br>In den R\u00e4umlichkeiten der FEG Wetzikon.<\/p>\n\n\n\n<p><strong>Wann?<\/strong><br>Dienstag 27. September 2022<\/p>\n\n\n\n<p><strong>Wer?<\/strong><br>Menschen mit Interesse an der GFK.<\/p>\n\n\n\n<p><strong>Kosten?<\/strong><br>Sie sind eingeladen.<\/p>\n\n\n\n<p><a href=\"https:\/\/claudia.rootwiki.info\/index.php\/kontakt\/\">Anmeldung<\/a><\/p>\n","protected":false},"excerpt":{"rendered":"<p>GFK\u2026 Giraffensprache\u2026Fragen Sie sich, was diese drei Buchstaben mit Giraffen zu tun haben? Und was diese Abk\u00fcrzung denn bedeutet?Haben Sie schon von der GFK geh\u00f6rt und m\u00f6chten gerne einen Einblick erhalten?Dann ist dieser Schnupperabend genau das Richtige f\u00fcr Sie!An diesem erlebnisreichen Abend erhalten Sie einen Einblick in die gewaltfreie Kommunikation.Sie erfahren wer die GFK ins &hellip; <\/p>\n<p class=\"link-more\"><a href=\"https:\/\/claudia.rootwiki.info\/index.php\/angebote\/schnupperabend\/\" class=\"more-link\"><span class=\"screen-reader-text\">\u201eSchnupperabend\u201c<\/span> weiterlesen<\/a><\/p>\n","protected":false},"author":1,"featured_media":112,"parent":68,"menu_order":1,"comment_status":"closed","ping_status":"closed","template":"","meta":{"footnotes":""},"class_list":["post-110","page","type-page","status-publish","has-post-thumbnail","hentry"],"yoast_head":"<!-- This site is optimized with the Yoast SEO plugin v27.4 - https:\/\/yoast.com\/product\/yoast-seo-wordpress\/ -->\n<title>Schnupperabend - EmpathieReich<\/title>\n<meta name=\"robots\" content=\"noindex, follow, max-snippet:-1, max-image-preview:large, max-video-preview:-1\" \/>\n<meta property=\"og:locale\" content=\"de_DE\" \/>\n<meta property=\"og:type\" content=\"article\" \/>\n<meta property=\"og:title\" content=\"Schnupperabend - EmpathieReich\" \/>\n<meta property=\"og:description\" content=\"GFK\u2026 Giraffensprache\u2026Fragen Sie sich, was diese drei Buchstaben mit Giraffen zu tun haben? Und was diese Abk\u00fcrzung denn bedeutet?Haben Sie schon von der GFK geh\u00f6rt und m\u00f6chten gerne einen Einblick erhalten?Dann ist dieser Schnupperabend genau das Richtige f\u00fcr Sie!An diesem erlebnisreichen Abend erhalten Sie einen Einblick in die gewaltfreie Kommunikation.Sie erfahren wer die GFK ins &hellip; \u201eSchnupperabend\u201c weiterlesen\" \/>\n<meta property=\"og:url\" content=\"https:\/\/claudia.rootwiki.info\/index.php\/angebote\/schnupperabend\/\" \/>\n<meta property=\"og:site_name\" content=\"EmpathieReich\" \/>\n<meta property=\"article:modified_time\" content=\"2022-08-23T16:11:02+00:00\" \/>\n<meta property=\"og:image\" content=\"https:\/\/claudia.rootwiki.info\/wp-content\/uploads\/2021\/06\/mann_bank.jpg\" \/>\n\t<meta property=\"og:image:width\" content=\"1920\" \/>\n\t<meta property=\"og:image:height\" content=\"1280\" \/>\n\t<meta property=\"og:image:type\" content=\"image\/jpeg\" \/>\n<meta name=\"twitter:card\" content=\"summary_large_image\" \/>\n<meta name=\"twitter:label1\" content=\"Gesch\u00e4tzte Lesezeit\" \/>\n\t<meta name=\"twitter:data1\" content=\"1\u00a0Minute\" \/>\n<script type=\"application\/ld+json\" class=\"yoast-schema-graph\">{\"@context\":\"https:\\\/\\\/schema.org\",\"@graph\":[{\"@type\":\"WebPage\",\"@id\":\"https:\\\/\\\/claudia.rootwiki.info\\\/index.php\\\/angebote\\\/schnupperabend\\\/\",\"url\":\"https:\\\/\\\/claudia.rootwiki.info\\\/index.php\\\/angebote\\\/schnupperabend\\\/\",\"name\":\"Schnupperabend - EmpathieReich\",\"isPartOf\":{\"@id\":\"https:\\\/\\\/claudia.rootwiki.info\\\/#website\"},\"primaryImageOfPage\":{\"@id\":\"https:\\\/\\\/claudia.rootwiki.info\\\/index.php\\\/angebote\\\/schnupperabend\\\/#primaryimage\"},\"image\":{\"@id\":\"https:\\\/\\\/claudia.rootwiki.info\\\/index.php\\\/angebote\\\/schnupperabend\\\/#primaryimage\"},\"thumbnailUrl\":\"https:\\\/\\\/claudia.rootwiki.info\\\/wp-content\\\/uploads\\\/2021\\\/06\\\/mann_bank.jpg\",\"datePublished\":\"2021-06-30T18:08:12+00:00\",\"dateModified\":\"2022-08-23T16:11:02+00:00\",\"breadcrumb\":{\"@id\":\"https:\\\/\\\/claudia.rootwiki.info\\\/index.php\\\/angebote\\\/schnupperabend\\\/#breadcrumb\"},\"inLanguage\":\"de\",\"potentialAction\":[{\"@type\":\"ReadAction\",\"target\":[\"https:\\\/\\\/claudia.rootwiki.info\\\/index.php\\\/angebote\\\/schnupperabend\\\/\"]}]},{\"@type\":\"ImageObject\",\"inLanguage\":\"de\",\"@id\":\"https:\\\/\\\/claudia.rootwiki.info\\\/index.php\\\/angebote\\\/schnupperabend\\\/#primaryimage\",\"url\":\"https:\\\/\\\/claudia.rootwiki.info\\\/wp-content\\\/uploads\\\/2021\\\/06\\\/mann_bank.jpg\",\"contentUrl\":\"https:\\\/\\\/claudia.rootwiki.info\\\/wp-content\\\/uploads\\\/2021\\\/06\\\/mann_bank.jpg\",\"width\":1920,\"height\":1280,\"caption\":\"Mann auf Bank\"},{\"@type\":\"BreadcrumbList\",\"@id\":\"https:\\\/\\\/claudia.rootwiki.info\\\/index.php\\\/angebote\\\/schnupperabend\\\/#breadcrumb\",\"itemListElement\":[{\"@type\":\"ListItem\",\"position\":1,\"name\":\"Startseite\",\"item\":\"https:\\\/\\\/claudia.rootwiki.info\\\/\"},{\"@type\":\"ListItem\",\"position\":2,\"name\":\"Angebote\",\"item\":\"https:\\\/\\\/claudia.rootwiki.info\\\/index.php\\\/angebote\\\/\"},{\"@type\":\"ListItem\",\"position\":3,\"name\":\"Schnupperabend\"}]},{\"@type\":\"WebSite\",\"@id\":\"https:\\\/\\\/claudia.rootwiki.info\\\/#website\",\"url\":\"https:\\\/\\\/claudia.rootwiki.info\\\/\",\"name\":\"EmpathieReich\",\"description\":\"Gewaltfreie Kommunikation\",\"publisher\":{\"@id\":\"https:\\\/\\\/claudia.rootwiki.info\\\/#organization\"},\"potentialAction\":[{\"@type\":\"SearchAction\",\"target\":{\"@type\":\"EntryPoint\",\"urlTemplate\":\"https:\\\/\\\/claudia.rootwiki.info\\\/?s={search_term_string}\"},\"query-input\":{\"@type\":\"PropertyValueSpecification\",\"valueRequired\":true,\"valueName\":\"search_term_string\"}}],\"inLanguage\":\"de\"},{\"@type\":\"Organization\",\"@id\":\"https:\\\/\\\/claudia.rootwiki.info\\\/#organization\",\"name\":\"EmpathieReich\",\"url\":\"https:\\\/\\\/claudia.rootwiki.info\\\/\",\"logo\":{\"@type\":\"ImageObject\",\"inLanguage\":\"de\",\"@id\":\"https:\\\/\\\/claudia.rootwiki.info\\\/#\\\/schema\\\/logo\\\/image\\\/\",\"url\":\"https:\\\/\\\/claudia.rootwiki.info\\\/wp-content\\\/uploads\\\/2021\\\/10\\\/cropped-empathieReich_Plus_negWeiss.png\",\"contentUrl\":\"https:\\\/\\\/claudia.rootwiki.info\\\/wp-content\\\/uploads\\\/2021\\\/10\\\/cropped-empathieReich_Plus_negWeiss.png\",\"width\":990,\"height\":250,\"caption\":\"EmpathieReich\"},\"image\":{\"@id\":\"https:\\\/\\\/claudia.rootwiki.info\\\/#\\\/schema\\\/logo\\\/image\\\/\"}}]}<\/script>\n<!-- \/ Yoast SEO plugin. -->","yoast_head_json":{"title":"Schnupperabend - EmpathieReich","robots":{"index":"noindex","follow":"follow","max-snippet":"max-snippet:-1","max-image-preview":"max-image-preview:large","max-video-preview":"max-video-preview:-1"},"og_locale":"de_DE","og_type":"article","og_title":"Schnupperabend - EmpathieReich","og_description":"GFK\u2026 Giraffensprache\u2026Fragen Sie sich, was diese drei Buchstaben mit Giraffen zu tun haben? Und was diese Abk\u00fcrzung denn bedeutet?Haben Sie schon von der GFK geh\u00f6rt und m\u00f6chten gerne einen Einblick erhalten?Dann ist dieser Schnupperabend genau das Richtige f\u00fcr Sie!An diesem erlebnisreichen Abend erhalten Sie einen Einblick in die gewaltfreie Kommunikation.Sie erfahren wer die GFK ins &hellip; \u201eSchnupperabend\u201c weiterlesen","og_url":"https:\/\/claudia.rootwiki.info\/index.php\/angebote\/schnupperabend\/","og_site_name":"EmpathieReich","article_modified_time":"2022-08-23T16:11:02+00:00","og_image":[{"width":1920,"height":1280,"url":"https:\/\/claudia.rootwiki.info\/wp-content\/uploads\/2021\/06\/mann_bank.jpg","type":"image\/jpeg"}],"twitter_card":"summary_large_image","twitter_misc":{"Gesch\u00e4tzte Lesezeit":"1\u00a0Minute"},"schema":{"@context":"https:\/\/schema.org","@graph":[{"@type":"WebPage","@id":"https:\/\/claudia.rootwiki.info\/index.php\/angebote\/schnupperabend\/","url":"https:\/\/claudia.rootwiki.info\/index.php\/angebote\/schnupperabend\/","name":"Schnupperabend - EmpathieReich","isPartOf":{"@id":"https:\/\/claudia.rootwiki.info\/#website"},"primaryImageOfPage":{"@id":"https:\/\/claudia.rootwiki.info\/index.php\/angebote\/schnupperabend\/#primaryimage"},"image":{"@id":"https:\/\/claudia.rootwiki.info\/index.php\/angebote\/schnupperabend\/#primaryimage"},"thumbnailUrl":"https:\/\/claudia.rootwiki.info\/wp-content\/uploads\/2021\/06\/mann_bank.jpg","datePublished":"2021-06-30T18:08:12+00:00","dateModified":"2022-08-23T16:11:02+00:00","breadcrumb":{"@id":"https:\/\/claudia.rootwiki.info\/index.php\/angebote\/schnupperabend\/#breadcrumb"},"inLanguage":"de","potentialAction":[{"@type":"ReadAction","target":["https:\/\/claudia.rootwiki.info\/index.php\/angebote\/schnupperabend\/"]}]},{"@type":"ImageObject","inLanguage":"de","@id":"https:\/\/claudia.rootwiki.info\/index.php\/angebote\/schnupperabend\/#primaryimage","url":"https:\/\/claudia.rootwiki.info\/wp-content\/uploads\/2021\/06\/mann_bank.jpg","contentUrl":"https:\/\/claudia.rootwiki.info\/wp-content\/uploads\/2021\/06\/mann_bank.jpg","width":1920,"height":1280,"caption":"Mann auf Bank"},{"@type":"BreadcrumbList","@id":"https:\/\/claudia.rootwiki.info\/index.php\/angebote\/schnupperabend\/#breadcrumb","itemListElement":[{"@type":"ListItem","position":1,"name":"Startseite","item":"https:\/\/claudia.rootwiki.info\/"},{"@type":"ListItem","position":2,"name":"Angebote","item":"https:\/\/claudia.rootwiki.info\/index.php\/angebote\/"},{"@type":"ListItem","position":3,"name":"Schnupperabend"}]},{"@type":"WebSite","@id":"https:\/\/claudia.rootwiki.info\/#website","url":"https:\/\/claudia.rootwiki.info\/","name":"EmpathieReich","description":"Gewaltfreie Kommunikation","publisher":{"@id":"https:\/\/claudia.rootwiki.info\/#organization"},"potentialAction":[{"@type":"SearchAction","target":{"@type":"EntryPoint","urlTemplate":"https:\/\/claudia.rootwiki.info\/?s={search_term_string}"},"query-input":{"@type":"PropertyValueSpecification","valueRequired":true,"valueName":"search_term_string"}}],"inLanguage":"de"},{"@type":"Organization","@id":"https:\/\/claudia.rootwiki.info\/#organization","name":"EmpathieReich","url":"https:\/\/claudia.rootwiki.info\/","logo":{"@type":"ImageObject","inLanguage":"de","@id":"https:\/\/claudia.rootwiki.info\/#\/schema\/logo\/image\/","url":"https:\/\/claudia.rootwiki.info\/wp-content\/uploads\/2021\/10\/cropped-empathieReich_Plus_negWeiss.png","contentUrl":"https:\/\/claudia.rootwiki.info\/wp-content\/uploads\/2021\/10\/cropped-empathieReich_Plus_negWeiss.png","width":990,"height":250,"caption":"EmpathieReich"},"image":{"@id":"https:\/\/claudia.rootwiki.info\/#\/schema\/logo\/image\/"}}]}},"_links":{"self":[{"href":"https:\/\/claudia.rootwiki.info\/index.php\/wp-json\/wp\/v2\/pages\/110","targetHints":{"allow":["GET"]}}],"collection":[{"href":"https:\/\/claudia.rootwiki.info\/index.php\/wp-json\/wp\/v2\/pages"}],"about":[{"href":"https:\/\/claudia.rootwiki.info\/index.php\/wp-json\/wp\/v2\/types\/page"}],"author":[{"embeddable":true,"href":"https:\/\/claudia.rootwiki.info\/index.php\/wp-json\/wp\/v2\/users\/1"}],"replies":[{"embeddable":true,"href":"https:\/\/claudia.rootwiki.info\/index.php\/wp-json\/wp\/v2\/comments?post=110"}],"version-history":[{"count":11,"href":"https:\/\/claudia.rootwiki.info\/index.php\/wp-json\/wp\/v2\/pages\/110\/revisions"}],"predecessor-version":[{"id":469,"href":"https:\/\/claudia.rootwiki.info\/index.php\/wp-json\/wp\/v2\/pages\/110\/revisions\/469"}],"up":[{"embeddable":true,"href":"https:\/\/claudia.rootwiki.info\/index.php\/wp-json\/wp\/v2\/pages\/68"}],"wp:featuredmedia":[{"embeddable":true,"href":"https:\/\/claudia.rootwiki.info\/index.php\/wp-json\/wp\/v2\/media\/112"}],"wp:attachment":[{"href":"https:\/\/claudia.rootwiki.info\/index.php\/wp-json\/wp\/v2\/media?parent=110"}],"curies":[{"name":"wp","href":"https:\/\/api.w.org\/{rel}","templated":true}]}}