{"id":127,"date":"2021-06-30T18:36:42","date_gmt":"2021-06-30T18:36:42","guid":{"rendered":"https:\/\/claudia.rootwiki.info\/wordpress\/?page_id=127"},"modified":"2022-08-23T16:18:24","modified_gmt":"2022-08-23T16:18:24","slug":"einfuehrungskurs","status":"publish","type":"page","link":"https:\/\/claudia.rootwiki.info\/index.php\/angebote\/einfuehrungskurs\/","title":{"rendered":"Einf\u00fchrungs-Jahreskurs"},"content":{"rendered":"\n<p>Mit diesem Einf\u00fchrungs-Jahreskurs m\u00f6chte ich Menschen motivieren, aus ihren alten Verhaltensweisen auszubrechen, Neues auszuprobieren, neue Wege zu wagen und so die innere Haltung zu ver\u00e4ndern.<\/p>\n\n\n\n<p>Die <a href=\"https:\/\/claudia.rootwiki.info\/index.php\/gfk\/gfk-info\/\">GFK <\/a>ist ein wirkungsvolles Werkzeug, das auf einer wohlwollenden und wertsch\u00e4tzenden Haltung gr\u00fcndet. Aus meiner Sicht, eine zutiefst christliche Haltung.<br>Meine Hoffnung ist, dass Menschen in der GFK ein Werkzeug kennen lernen, mit dem sie in ihrem Alltag Worte f\u00fcr ihre Anliegen finden und gleichzeitig dem Gegen\u00fcber unvoreingenommen zuh\u00f6ren k\u00f6nnen. Ich w\u00fcnsche mir Begegnung auf Augenh\u00f6he, egal ob mit den Kindern, in der Partnerschaft, dem Nachbarn oder dem Chef.<br>Die GFK erm\u00f6glicht, in Konfliktsituationen, Wege zu finden, um wieder aufeinander zuzugehen. Sie findet M\u00f6glichkeiten, die Bed\u00fcrfnisse aller Beteiligten mit einzubeziehen \u2013 ohne \u201erichtig und falsch\u201c und \u201eVerlierer und Gewinner\u201c.<\/p>\n\n\n\n<h2 class=\"wp-block-heading\">Seminarinhalt<\/h2>\n\n\n\n<ul class=\"wp-block-list\"><li>Beobachten ohne Bewertung<br>Mit Hilfe von \u00dcbungen gewinnen wir ein Verst\u00e4ndnis f\u00fcr den Unterschied zwischen Beobachtung und Bewertung\/Urteil.<\/li><li>Unsere Gef\u00fchle<br>Wir erweitern unseren Gef\u00fchlswortschatz und \u00fcben die Unterscheidung von Gef\u00fchlen, Gedanken und Interpretationen.<\/li><li>Unsere Bed\u00fcrfnisse<br>Wir erfahren, wie unserer Bed\u00fcrfnisse im Zusammenhang mit unseren Handlungen stehen und lernen, Bed\u00fcrfnisse wahrzunehmen und mitzuteilen.<\/li><li>Bitte und Forderung<br>Wir entdecken den Unterschied von einer Bitte und einer Forderung\u2013 und lernen eine Bitte positiv, machbar und konkret auf das Hier und Jetzt bezogen, auszusprechen. Dadurch w\u00e4chst unsere Chance darauf, dass unsere Bed\u00fcrfnisse erf\u00fcllt werden.<\/li><li>Umgang mit Wut und \u00c4rger<br>Wir lernen Wut und \u00c4rger in Gef\u00fchle und Bed\u00fcrfnisse umzuwandeln und sie in einer respektvollen Weise mitzuteilen.<\/li><\/ul>\n\n\n\n<p><strong>Voraussetzungen?<\/strong><br>Interesse an wertsch\u00e4tzender Kommunikation.<\/p>\n\n\n\n<p><strong>Wo?<\/strong><br>Rebacher 15, 8342 Wernetshausen oder in ihren R\u00e4umlichkeiten.<\/p>\n\n\n\n<p><strong>Wann?<\/strong><br>Start am Dienstag 31. Januar 2023, Dienstag 20. Juni 2023<br>Monatlich ein Abend \u00e0 2,5 Stunden, insgesamt 10 Abende<br>Die Termine werden in Absprache mit den Teilnehmern der Gruppe bestimmt.<br>Ein Seminar findet ab 6 Teilnehmer bis maximal 8 Teilnehmer statt.<\/p>\n\n\n\n<p><strong>Wer?<\/strong><br>Menschen denen eine verbindende und wertsch\u00e4tzende Kommunikation am Herzen liegt und die Methode und Haltung der GFK kennenlernen wollen.<\/p>\n\n\n\n<p><strong>Wieviel?<\/strong><br>600.-, inkl. Material<\/p>\n\n\n\n<p> Mir ist es wichtig, dass Menschen unabh\u00e4ngig von ihrem Einkommen an den Seminaren und der \u00dcbungsgruppe teilnehmen k\u00f6nnen. \u00dcberschreiten die Kosten Ihre finanziellen M\u00f6glichkeiten, melden Sie sich bei <a href=\"https:\/\/claudia.rootwiki.info\/index.php\/kontakt\/\">mir<\/a>. Wir finden bestimmt eine L\u00f6sung! <\/p>\n\n\n\n<p><a href=\"https:\/\/claudia.rootwiki.info\/index.php\/kontakt\/\">Anmeldung<\/a><\/p>\n","protected":false},"excerpt":{"rendered":"<p>Mit diesem Einf\u00fchrungs-Jahreskurs m\u00f6chte ich Menschen motivieren, aus ihren alten Verhaltensweisen auszubrechen, Neues auszuprobieren, neue Wege zu wagen und so die innere Haltung zu ver\u00e4ndern. Die GFK ist ein wirkungsvolles Werkzeug, das auf einer wohlwollenden und wertsch\u00e4tzenden Haltung gr\u00fcndet. Aus meiner Sicht, eine zutiefst christliche Haltung.Meine Hoffnung ist, dass Menschen in der GFK ein Werkzeug &hellip; <\/p>\n<p class=\"link-more\"><a href=\"https:\/\/claudia.rootwiki.info\/index.php\/angebote\/einfuehrungskurs\/\" class=\"more-link\"><span class=\"screen-reader-text\">\u201eEinf\u00fchrungs-Jahreskurs\u201c<\/span> weiterlesen<\/a><\/p>\n","protected":false},"author":1,"featured_media":345,"parent":68,"menu_order":3,"comment_status":"closed","ping_status":"closed","template":"","meta":{"footnotes":""},"class_list":["post-127","page","type-page","status-publish","has-post-thumbnail","hentry"],"yoast_head":"<!-- This site is optimized with the Yoast SEO plugin v27.4 - https:\/\/yoast.com\/product\/yoast-seo-wordpress\/ -->\n<title>Einf\u00fchrungs-Jahreskurs - EmpathieReich<\/title>\n<meta name=\"robots\" content=\"noindex, follow, max-snippet:-1, max-image-preview:large, max-video-preview:-1\" \/>\n<meta property=\"og:locale\" content=\"de_DE\" \/>\n<meta property=\"og:type\" content=\"article\" \/>\n<meta property=\"og:title\" content=\"Einf\u00fchrungs-Jahreskurs - EmpathieReich\" \/>\n<meta property=\"og:description\" content=\"Mit diesem Einf\u00fchrungs-Jahreskurs m\u00f6chte ich Menschen motivieren, aus ihren alten Verhaltensweisen auszubrechen, Neues auszuprobieren, neue Wege zu wagen und so die innere Haltung zu ver\u00e4ndern. Die GFK ist ein wirkungsvolles Werkzeug, das auf einer wohlwollenden und wertsch\u00e4tzenden Haltung gr\u00fcndet. Aus meiner Sicht, eine zutiefst christliche Haltung.Meine Hoffnung ist, dass Menschen in der GFK ein Werkzeug &hellip; \u201eEinf\u00fchrungs-Jahreskurs\u201c weiterlesen\" \/>\n<meta property=\"og:url\" content=\"https:\/\/claudia.rootwiki.info\/index.php\/angebote\/einfuehrungskurs\/\" \/>\n<meta property=\"og:site_name\" content=\"EmpathieReich\" \/>\n<meta property=\"article:modified_time\" content=\"2022-08-23T16:18:24+00:00\" \/>\n<meta property=\"og:image\" content=\"https:\/\/claudia.rootwiki.info\/wp-content\/uploads\/2021\/08\/clock-brain.jpg\" \/>\n\t<meta property=\"og:image:width\" content=\"1920\" \/>\n\t<meta property=\"og:image:height\" content=\"1080\" \/>\n\t<meta property=\"og:image:type\" content=\"image\/jpeg\" \/>\n<meta name=\"twitter:card\" content=\"summary_large_image\" \/>\n<meta name=\"twitter:label1\" content=\"Gesch\u00e4tzte Lesezeit\" \/>\n\t<meta name=\"twitter:data1\" content=\"2\u00a0Minuten\" \/>\n<script type=\"application\/ld+json\" class=\"yoast-schema-graph\">{\"@context\":\"https:\\\/\\\/schema.org\",\"@graph\":[{\"@type\":\"WebPage\",\"@id\":\"https:\\\/\\\/claudia.rootwiki.info\\\/index.php\\\/angebote\\\/einfuehrungskurs\\\/\",\"url\":\"https:\\\/\\\/claudia.rootwiki.info\\\/index.php\\\/angebote\\\/einfuehrungskurs\\\/\",\"name\":\"Einf\u00fchrungs-Jahreskurs - EmpathieReich\",\"isPartOf\":{\"@id\":\"https:\\\/\\\/claudia.rootwiki.info\\\/#website\"},\"primaryImageOfPage\":{\"@id\":\"https:\\\/\\\/claudia.rootwiki.info\\\/index.php\\\/angebote\\\/einfuehrungskurs\\\/#primaryimage\"},\"image\":{\"@id\":\"https:\\\/\\\/claudia.rootwiki.info\\\/index.php\\\/angebote\\\/einfuehrungskurs\\\/#primaryimage\"},\"thumbnailUrl\":\"https:\\\/\\\/claudia.rootwiki.info\\\/wp-content\\\/uploads\\\/2021\\\/08\\\/clock-brain.jpg\",\"datePublished\":\"2021-06-30T18:36:42+00:00\",\"dateModified\":\"2022-08-23T16:18:24+00:00\",\"breadcrumb\":{\"@id\":\"https:\\\/\\\/claudia.rootwiki.info\\\/index.php\\\/angebote\\\/einfuehrungskurs\\\/#breadcrumb\"},\"inLanguage\":\"de\",\"potentialAction\":[{\"@type\":\"ReadAction\",\"target\":[\"https:\\\/\\\/claudia.rootwiki.info\\\/index.php\\\/angebote\\\/einfuehrungskurs\\\/\"]}]},{\"@type\":\"ImageObject\",\"inLanguage\":\"de\",\"@id\":\"https:\\\/\\\/claudia.rootwiki.info\\\/index.php\\\/angebote\\\/einfuehrungskurs\\\/#primaryimage\",\"url\":\"https:\\\/\\\/claudia.rootwiki.info\\\/wp-content\\\/uploads\\\/2021\\\/08\\\/clock-brain.jpg\",\"contentUrl\":\"https:\\\/\\\/claudia.rootwiki.info\\\/wp-content\\\/uploads\\\/2021\\\/08\\\/clock-brain.jpg\",\"width\":1920,\"height\":1080,\"caption\":\"Uhr Denken\"},{\"@type\":\"BreadcrumbList\",\"@id\":\"https:\\\/\\\/claudia.rootwiki.info\\\/index.php\\\/angebote\\\/einfuehrungskurs\\\/#breadcrumb\",\"itemListElement\":[{\"@type\":\"ListItem\",\"position\":1,\"name\":\"Startseite\",\"item\":\"https:\\\/\\\/claudia.rootwiki.info\\\/\"},{\"@type\":\"ListItem\",\"position\":2,\"name\":\"Angebote\",\"item\":\"https:\\\/\\\/claudia.rootwiki.info\\\/index.php\\\/angebote\\\/\"},{\"@type\":\"ListItem\",\"position\":3,\"name\":\"Einf\u00fchrungs-Jahreskurs\"}]},{\"@type\":\"WebSite\",\"@id\":\"https:\\\/\\\/claudia.rootwiki.info\\\/#website\",\"url\":\"https:\\\/\\\/claudia.rootwiki.info\\\/\",\"name\":\"EmpathieReich\",\"description\":\"Gewaltfreie Kommunikation\",\"publisher\":{\"@id\":\"https:\\\/\\\/claudia.rootwiki.info\\\/#organization\"},\"potentialAction\":[{\"@type\":\"SearchAction\",\"target\":{\"@type\":\"EntryPoint\",\"urlTemplate\":\"https:\\\/\\\/claudia.rootwiki.info\\\/?s={search_term_string}\"},\"query-input\":{\"@type\":\"PropertyValueSpecification\",\"valueRequired\":true,\"valueName\":\"search_term_string\"}}],\"inLanguage\":\"de\"},{\"@type\":\"Organization\",\"@id\":\"https:\\\/\\\/claudia.rootwiki.info\\\/#organization\",\"name\":\"EmpathieReich\",\"url\":\"https:\\\/\\\/claudia.rootwiki.info\\\/\",\"logo\":{\"@type\":\"ImageObject\",\"inLanguage\":\"de\",\"@id\":\"https:\\\/\\\/claudia.rootwiki.info\\\/#\\\/schema\\\/logo\\\/image\\\/\",\"url\":\"https:\\\/\\\/claudia.rootwiki.info\\\/wp-content\\\/uploads\\\/2021\\\/10\\\/cropped-empathieReich_Plus_negWeiss.png\",\"contentUrl\":\"https:\\\/\\\/claudia.rootwiki.info\\\/wp-content\\\/uploads\\\/2021\\\/10\\\/cropped-empathieReich_Plus_negWeiss.png\",\"width\":990,\"height\":250,\"caption\":\"EmpathieReich\"},\"image\":{\"@id\":\"https:\\\/\\\/claudia.rootwiki.info\\\/#\\\/schema\\\/logo\\\/image\\\/\"}}]}<\/script>\n<!-- \/ Yoast SEO plugin. -->","yoast_head_json":{"title":"Einf\u00fchrungs-Jahreskurs - EmpathieReich","robots":{"index":"noindex","follow":"follow","max-snippet":"max-snippet:-1","max-image-preview":"max-image-preview:large","max-video-preview":"max-video-preview:-1"},"og_locale":"de_DE","og_type":"article","og_title":"Einf\u00fchrungs-Jahreskurs - EmpathieReich","og_description":"Mit diesem Einf\u00fchrungs-Jahreskurs m\u00f6chte ich Menschen motivieren, aus ihren alten Verhaltensweisen auszubrechen, Neues auszuprobieren, neue Wege zu wagen und so die innere Haltung zu ver\u00e4ndern. Die GFK ist ein wirkungsvolles Werkzeug, das auf einer wohlwollenden und wertsch\u00e4tzenden Haltung gr\u00fcndet. Aus meiner Sicht, eine zutiefst christliche Haltung.Meine Hoffnung ist, dass Menschen in der GFK ein Werkzeug &hellip; \u201eEinf\u00fchrungs-Jahreskurs\u201c weiterlesen","og_url":"https:\/\/claudia.rootwiki.info\/index.php\/angebote\/einfuehrungskurs\/","og_site_name":"EmpathieReich","article_modified_time":"2022-08-23T16:18:24+00:00","og_image":[{"width":1920,"height":1080,"url":"https:\/\/claudia.rootwiki.info\/wp-content\/uploads\/2021\/08\/clock-brain.jpg","type":"image\/jpeg"}],"twitter_card":"summary_large_image","twitter_misc":{"Gesch\u00e4tzte Lesezeit":"2\u00a0Minuten"},"schema":{"@context":"https:\/\/schema.org","@graph":[{"@type":"WebPage","@id":"https:\/\/claudia.rootwiki.info\/index.php\/angebote\/einfuehrungskurs\/","url":"https:\/\/claudia.rootwiki.info\/index.php\/angebote\/einfuehrungskurs\/","name":"Einf\u00fchrungs-Jahreskurs - EmpathieReich","isPartOf":{"@id":"https:\/\/claudia.rootwiki.info\/#website"},"primaryImageOfPage":{"@id":"https:\/\/claudia.rootwiki.info\/index.php\/angebote\/einfuehrungskurs\/#primaryimage"},"image":{"@id":"https:\/\/claudia.rootwiki.info\/index.php\/angebote\/einfuehrungskurs\/#primaryimage"},"thumbnailUrl":"https:\/\/claudia.rootwiki.info\/wp-content\/uploads\/2021\/08\/clock-brain.jpg","datePublished":"2021-06-30T18:36:42+00:00","dateModified":"2022-08-23T16:18:24+00:00","breadcrumb":{"@id":"https:\/\/claudia.rootwiki.info\/index.php\/angebote\/einfuehrungskurs\/#breadcrumb"},"inLanguage":"de","potentialAction":[{"@type":"ReadAction","target":["https:\/\/claudia.rootwiki.info\/index.php\/angebote\/einfuehrungskurs\/"]}]},{"@type":"ImageObject","inLanguage":"de","@id":"https:\/\/claudia.rootwiki.info\/index.php\/angebote\/einfuehrungskurs\/#primaryimage","url":"https:\/\/claudia.rootwiki.info\/wp-content\/uploads\/2021\/08\/clock-brain.jpg","contentUrl":"https:\/\/claudia.rootwiki.info\/wp-content\/uploads\/2021\/08\/clock-brain.jpg","width":1920,"height":1080,"caption":"Uhr Denken"},{"@type":"BreadcrumbList","@id":"https:\/\/claudia.rootwiki.info\/index.php\/angebote\/einfuehrungskurs\/#breadcrumb","itemListElement":[{"@type":"ListItem","position":1,"name":"Startseite","item":"https:\/\/claudia.rootwiki.info\/"},{"@type":"ListItem","position":2,"name":"Angebote","item":"https:\/\/claudia.rootwiki.info\/index.php\/angebote\/"},{"@type":"ListItem","position":3,"name":"Einf\u00fchrungs-Jahreskurs"}]},{"@type":"WebSite","@id":"https:\/\/claudia.rootwiki.info\/#website","url":"https:\/\/claudia.rootwiki.info\/","name":"EmpathieReich","description":"Gewaltfreie Kommunikation","publisher":{"@id":"https:\/\/claudia.rootwiki.info\/#organization"},"potentialAction":[{"@type":"SearchAction","target":{"@type":"EntryPoint","urlTemplate":"https:\/\/claudia.rootwiki.info\/?s={search_term_string}"},"query-input":{"@type":"PropertyValueSpecification","valueRequired":true,"valueName":"search_term_string"}}],"inLanguage":"de"},{"@type":"Organization","@id":"https:\/\/claudia.rootwiki.info\/#organization","name":"EmpathieReich","url":"https:\/\/claudia.rootwiki.info\/","logo":{"@type":"ImageObject","inLanguage":"de","@id":"https:\/\/claudia.rootwiki.info\/#\/schema\/logo\/image\/","url":"https:\/\/claudia.rootwiki.info\/wp-content\/uploads\/2021\/10\/cropped-empathieReich_Plus_negWeiss.png","contentUrl":"https:\/\/claudia.rootwiki.info\/wp-content\/uploads\/2021\/10\/cropped-empathieReich_Plus_negWeiss.png","width":990,"height":250,"caption":"EmpathieReich"},"image":{"@id":"https:\/\/claudia.rootwiki.info\/#\/schema\/logo\/image\/"}}]}},"_links":{"self":[{"href":"https:\/\/claudia.rootwiki.info\/index.php\/wp-json\/wp\/v2\/pages\/127","targetHints":{"allow":["GET"]}}],"collection":[{"href":"https:\/\/claudia.rootwiki.info\/index.php\/wp-json\/wp\/v2\/pages"}],"about":[{"href":"https:\/\/claudia.rootwiki.info\/index.php\/wp-json\/wp\/v2\/types\/page"}],"author":[{"embeddable":true,"href":"https:\/\/claudia.rootwiki.info\/index.php\/wp-json\/wp\/v2\/users\/1"}],"replies":[{"embeddable":true,"href":"https:\/\/claudia.rootwiki.info\/index.php\/wp-json\/wp\/v2\/comments?post=127"}],"version-history":[{"count":11,"href":"https:\/\/claudia.rootwiki.info\/index.php\/wp-json\/wp\/v2\/pages\/127\/revisions"}],"predecessor-version":[{"id":473,"href":"https:\/\/claudia.rootwiki.info\/index.php\/wp-json\/wp\/v2\/pages\/127\/revisions\/473"}],"up":[{"embeddable":true,"href":"https:\/\/claudia.rootwiki.info\/index.php\/wp-json\/wp\/v2\/pages\/68"}],"wp:featuredmedia":[{"embeddable":true,"href":"https:\/\/claudia.rootwiki.info\/index.php\/wp-json\/wp\/v2\/media\/345"}],"wp:attachment":[{"href":"https:\/\/claudia.rootwiki.info\/index.php\/wp-json\/wp\/v2\/media?parent=127"}],"curies":[{"name":"wp","href":"https:\/\/api.w.org\/{rel}","templated":true}]}}