{"id":137,"date":"2021-06-30T18:50:03","date_gmt":"2021-06-30T18:50:03","guid":{"rendered":"https:\/\/claudia.rootwiki.info\/wordpress\/?page_id=137"},"modified":"2021-09-14T17:47:54","modified_gmt":"2021-09-14T17:47:54","slug":"giraffentraum","status":"publish","type":"page","link":"https:\/\/claudia.rootwiki.info\/index.php\/angebote\/giraffentraum\/","title":{"rendered":"Giraffentraum\u00ae f\u00fcr den Kindergarten"},"content":{"rendered":"\n<h2 class=\"has-medium-font-size wp-block-heading\">Giraffentraum\u00ae nach Frank Gaschler<\/h2>\n\n\n\n<p><em>\u201eMama, wir haben eine Baby-Giraffe in unserer Gruppe!\u201c Mit diesen Worten begr\u00fc\u00dft Lisa ihre Mama, als diese ihre Tochter am Montagmittag abholen will. \u201eSie ist allein, aber wir k\u00fcmmern uns alle um sie.\u201c<\/em><\/p>\n\n\n\n<p>Das Projekt Giraffentraum<\/p>\n\n\n\n<p>Das Projekt <a href=\"https:\/\/giraffentraum.de\/wp\/\">Giraffentraum<\/a>\u00ae&nbsp;f\u00fcr Kinderg\u00e4rten basiert auf der Gewaltfreien Kommunikation nach Marshall B. Rosenberg.<br>Das Projekt wird den Kindern mit der Geschichte eines Giraffenbabys n\u00e4her gebracht.<br>Ein Giraffenbaby verirrt sich und sucht Zuflucht im Kindergarten. Es ist traurig, weil es zur\u00fcck zu seiner Mama m\u00f6chte. Doch niemand weiss, wo die Mama ist. Die Kinder helfen der kleinen Giraffe, ihre Mama zu finden und lernen dabei die Sprache der gewaltfreien Kommunikation.<\/p>\n\n\n\n<h3 class=\"wp-block-heading\">Ablauf<\/h3>\n\n\n\n<p>Die Kindergartenlehrpersonen erhalten eine Einf\u00fchrung in die Methode und Haltung der Gewaltfreien Kommunikation und werden damit vertraut gemacht. F\u00fcr den Ablauf des Projektes wird der Projektleitfaden erarbeitet, der die Umsetzung in einzelnen Schritten erkl\u00e4rt. Zus\u00e4tzlich werden Mediation und Streitschlichtung trainiert. Ziel ist es, in den Kindern die Freunde an der \u201eGiraffensprache\u201c zu wecken.<br>Die Kindergartenlehrpersonen erarbeitet mit den Kindern die Einf\u00fchrung in die GFK anhand der Geschichte und dem Projektleitfaden. Dies wird den Kindern spielerisch vermittelt. Idealerweise in 10 Tagen.<br>So lernen die Kinder zu sagen, was genau sie gesehen oder erlebt haben. Sie werden ermutigt, \u00fcber ihre Gef\u00fchle und Bed\u00fcrfnisse zu sprechen und konkrete Bitten zu \u00e4ussern. Gleichzeitig lernen sie, die Bed\u00fcrfnisse und W\u00fcnsche des Gegen\u00fcbers zu h\u00f6ren. In der Giraffenecke unterst\u00fctzt die Kindergartenlehrpersonen Kinder beim selbstst\u00e4ndigen L\u00f6sen ihrer Konflikte.<br>Aufbauend auf den GFK-Grundlagen werden im Kindergarten Empathie, Perspektiven\u00fcbernahme und Streitschlichtung ge\u00fcbt.<br>Ziel des Projektes Giraffentraum\u00ae ist, das Selbstbewusstsein von Kindern vor allem in Stress- und Krisensituationen zu st\u00e4rken, die Kommunikationsf\u00e4higkeit und die Sozialkompetenz zu f\u00f6rdern und M\u00f6glichkeiten zur Konfliktl\u00f6sung zu vermitteln. Dies entspricht den Zielvorgaben des Lehrplan 21.<\/p>\n\n\n\n<p>Ziel des Lehrplan 21 ist es, die sozialen Basiskompetenzen zu vermitteln:<\/p>\n\n\n\n<h3 class=\"wp-block-heading\">Die Kinder &#8230;<\/h3>\n\n\n\n<ul class=\"wp-block-list\"><li>entwickeln Vertrauen in ihre F\u00e4higkeiten und Fertigkeiten und k\u00f6nnen diese einsch\u00e4tzen;<\/li><li>\u00fcbernehmen zunehmend die Verantwortung f\u00fcr das eigene Handeln<\/li><li>lernen, \u00dcberlegungen von anderen in das eigene Denken einzubeziehen (Perspektiven\u00fcbernahme)<\/li><li>lernen, ihre Bed\u00fcrfnisse je nach Situation in der Gruppe durchzusetzen oder zur\u00fcckzustellen<\/li><li>sind in der Lage, kurzfristige W\u00fcnsche aufzuschieben und l\u00e4ngerfristige Ziele zu verfolgen<\/li><li>\u00fcben sich darin, die eigenen Emotionen zu regulieren<\/li><li>erweitern ihre Frustrationstoleranz<\/li><\/ul>\n\n\n\n<h3 class=\"wp-block-heading\">Ablauf, Umfang<\/h3>\n\n\n\n<ul class=\"wp-block-list\"><li>Einf\u00fchrungsseminar Gewaltfreie Kommunikation f\u00fcr P\u00e4dagogen: 2 Tage<\/li><li>Einf\u00fchrung in den Projektleitfaden: 1 Tag<\/li><li>Coaching der Lehrpersonen innerhalb des Projektes: 3 halbe Tage<\/li><li>Elternabend: 1 Abend<\/li><li>Einf\u00fchrungsseminar f\u00fcr Eltern: 1-2 Tage<\/li><\/ul>\n\n\n\n<p>Wenn Sie mehr zum Projekt Giraffentraum\u00ae wissen m\u00f6chten, nehmen Sie bitte mit mir Kontakt auf.<\/p>\n\n\n\n<p><strong>Voraussetzungen?<\/strong><br>Den Wunsch die <a href=\"https:\/\/claudia.rootwiki.info\/index.php\/gfk\/gfk-info\/\">GFK <\/a>schon in jungen Jahren in die Herzen der Kinder zu s\u00e4en.<\/p>\n\n\n\n<p><strong>Wo?<\/strong><br>In den R\u00e4umlichkeiten des Kindergartens.<\/p>\n\n\n\n<p><strong>Wann?<\/strong><br>Nach individueller Absprache.<\/p>\n\n\n\n<p><strong>Wer?<\/strong><br>Lehrperson der Kindergartenstufe.<br>Eltern der Kinderg\u00e4rtner.<\/p>\n\n\n\n<p><strong>Wieviel?<\/strong><br>1500.- exkl. Material<\/p>\n\n\n\n<p><a href=\"https:\/\/claudia.rootwiki.info\/index.php\/kontakt\/\">Anmeldung<\/a><\/p>\n","protected":false},"excerpt":{"rendered":"<p>Giraffentraum\u00ae nach Frank Gaschler \u201eMama, wir haben eine Baby-Giraffe in unserer Gruppe!\u201c Mit diesen Worten begr\u00fc\u00dft Lisa ihre Mama, als diese ihre Tochter am Montagmittag abholen will. \u201eSie ist allein, aber wir k\u00fcmmern uns alle um sie.\u201c Das Projekt Giraffentraum Das Projekt Giraffentraum\u00ae&nbsp;f\u00fcr Kinderg\u00e4rten basiert auf der Gewaltfreien Kommunikation nach Marshall B. Rosenberg.Das Projekt wird &hellip; <\/p>\n<p class=\"link-more\"><a href=\"https:\/\/claudia.rootwiki.info\/index.php\/angebote\/giraffentraum\/\" class=\"more-link\"><span class=\"screen-reader-text\">\u201eGiraffentraum\u00ae f\u00fcr den Kindergarten\u201c<\/span> weiterlesen<\/a><\/p>\n","protected":false},"author":1,"featured_media":138,"parent":68,"menu_order":5,"comment_status":"closed","ping_status":"closed","template":"","meta":{"footnotes":""},"class_list":["post-137","page","type-page","status-publish","has-post-thumbnail","hentry"],"yoast_head":"<!-- This site is optimized with the Yoast SEO plugin v27.4 - https:\/\/yoast.com\/product\/yoast-seo-wordpress\/ -->\n<title>Giraffentraum\u00ae f\u00fcr den Kindergarten - EmpathieReich<\/title>\n<meta name=\"robots\" content=\"noindex, follow, max-snippet:-1, max-image-preview:large, max-video-preview:-1\" \/>\n<meta property=\"og:locale\" content=\"de_DE\" \/>\n<meta property=\"og:type\" content=\"article\" \/>\n<meta property=\"og:title\" content=\"Giraffentraum\u00ae f\u00fcr den Kindergarten - EmpathieReich\" \/>\n<meta property=\"og:description\" content=\"Giraffentraum\u00ae nach Frank Gaschler \u201eMama, wir haben eine Baby-Giraffe in unserer Gruppe!\u201c Mit diesen Worten begr\u00fc\u00dft Lisa ihre Mama, als diese ihre Tochter am Montagmittag abholen will. \u201eSie ist allein, aber wir k\u00fcmmern uns alle um sie.\u201c Das Projekt Giraffentraum Das Projekt Giraffentraum\u00ae&nbsp;f\u00fcr Kinderg\u00e4rten basiert auf der Gewaltfreien Kommunikation nach Marshall B. Rosenberg.Das Projekt wird &hellip; \u201eGiraffentraum\u00ae f\u00fcr den Kindergarten\u201c weiterlesen\" \/>\n<meta property=\"og:url\" content=\"https:\/\/claudia.rootwiki.info\/index.php\/angebote\/giraffentraum\/\" \/>\n<meta property=\"og:site_name\" content=\"EmpathieReich\" \/>\n<meta property=\"article:modified_time\" content=\"2021-09-14T17:47:54+00:00\" \/>\n<meta property=\"og:image\" content=\"https:\/\/claudia.rootwiki.info\/wp-content\/uploads\/2021\/06\/kindergarten.jpg\" \/>\n\t<meta property=\"og:image:width\" content=\"1920\" \/>\n\t<meta property=\"og:image:height\" content=\"1280\" \/>\n\t<meta property=\"og:image:type\" content=\"image\/jpeg\" \/>\n<meta name=\"twitter:card\" content=\"summary_large_image\" \/>\n<meta name=\"twitter:label1\" content=\"Gesch\u00e4tzte Lesezeit\" \/>\n\t<meta name=\"twitter:data1\" content=\"2\u00a0Minuten\" \/>\n<script type=\"application\/ld+json\" class=\"yoast-schema-graph\">{\"@context\":\"https:\\\/\\\/schema.org\",\"@graph\":[{\"@type\":\"WebPage\",\"@id\":\"https:\\\/\\\/claudia.rootwiki.info\\\/index.php\\\/angebote\\\/giraffentraum\\\/\",\"url\":\"https:\\\/\\\/claudia.rootwiki.info\\\/index.php\\\/angebote\\\/giraffentraum\\\/\",\"name\":\"Giraffentraum\u00ae f\u00fcr den Kindergarten - EmpathieReich\",\"isPartOf\":{\"@id\":\"https:\\\/\\\/claudia.rootwiki.info\\\/#website\"},\"primaryImageOfPage\":{\"@id\":\"https:\\\/\\\/claudia.rootwiki.info\\\/index.php\\\/angebote\\\/giraffentraum\\\/#primaryimage\"},\"image\":{\"@id\":\"https:\\\/\\\/claudia.rootwiki.info\\\/index.php\\\/angebote\\\/giraffentraum\\\/#primaryimage\"},\"thumbnailUrl\":\"https:\\\/\\\/claudia.rootwiki.info\\\/wp-content\\\/uploads\\\/2021\\\/06\\\/kindergarten.jpg\",\"datePublished\":\"2021-06-30T18:50:03+00:00\",\"dateModified\":\"2021-09-14T17:47:54+00:00\",\"breadcrumb\":{\"@id\":\"https:\\\/\\\/claudia.rootwiki.info\\\/index.php\\\/angebote\\\/giraffentraum\\\/#breadcrumb\"},\"inLanguage\":\"de\",\"potentialAction\":[{\"@type\":\"ReadAction\",\"target\":[\"https:\\\/\\\/claudia.rootwiki.info\\\/index.php\\\/angebote\\\/giraffentraum\\\/\"]}]},{\"@type\":\"ImageObject\",\"inLanguage\":\"de\",\"@id\":\"https:\\\/\\\/claudia.rootwiki.info\\\/index.php\\\/angebote\\\/giraffentraum\\\/#primaryimage\",\"url\":\"https:\\\/\\\/claudia.rootwiki.info\\\/wp-content\\\/uploads\\\/2021\\\/06\\\/kindergarten.jpg\",\"contentUrl\":\"https:\\\/\\\/claudia.rootwiki.info\\\/wp-content\\\/uploads\\\/2021\\\/06\\\/kindergarten.jpg\",\"width\":1920,\"height\":1280,\"caption\":\"Kindergarten\"},{\"@type\":\"BreadcrumbList\",\"@id\":\"https:\\\/\\\/claudia.rootwiki.info\\\/index.php\\\/angebote\\\/giraffentraum\\\/#breadcrumb\",\"itemListElement\":[{\"@type\":\"ListItem\",\"position\":1,\"name\":\"Startseite\",\"item\":\"https:\\\/\\\/claudia.rootwiki.info\\\/\"},{\"@type\":\"ListItem\",\"position\":2,\"name\":\"Angebote\",\"item\":\"https:\\\/\\\/claudia.rootwiki.info\\\/index.php\\\/angebote\\\/\"},{\"@type\":\"ListItem\",\"position\":3,\"name\":\"Giraffentraum\u00ae f\u00fcr den Kindergarten\"}]},{\"@type\":\"WebSite\",\"@id\":\"https:\\\/\\\/claudia.rootwiki.info\\\/#website\",\"url\":\"https:\\\/\\\/claudia.rootwiki.info\\\/\",\"name\":\"EmpathieReich\",\"description\":\"Gewaltfreie Kommunikation\",\"publisher\":{\"@id\":\"https:\\\/\\\/claudia.rootwiki.info\\\/#organization\"},\"potentialAction\":[{\"@type\":\"SearchAction\",\"target\":{\"@type\":\"EntryPoint\",\"urlTemplate\":\"https:\\\/\\\/claudia.rootwiki.info\\\/?s={search_term_string}\"},\"query-input\":{\"@type\":\"PropertyValueSpecification\",\"valueRequired\":true,\"valueName\":\"search_term_string\"}}],\"inLanguage\":\"de\"},{\"@type\":\"Organization\",\"@id\":\"https:\\\/\\\/claudia.rootwiki.info\\\/#organization\",\"name\":\"EmpathieReich\",\"url\":\"https:\\\/\\\/claudia.rootwiki.info\\\/\",\"logo\":{\"@type\":\"ImageObject\",\"inLanguage\":\"de\",\"@id\":\"https:\\\/\\\/claudia.rootwiki.info\\\/#\\\/schema\\\/logo\\\/image\\\/\",\"url\":\"https:\\\/\\\/claudia.rootwiki.info\\\/wp-content\\\/uploads\\\/2021\\\/10\\\/cropped-empathieReich_Plus_negWeiss.png\",\"contentUrl\":\"https:\\\/\\\/claudia.rootwiki.info\\\/wp-content\\\/uploads\\\/2021\\\/10\\\/cropped-empathieReich_Plus_negWeiss.png\",\"width\":990,\"height\":250,\"caption\":\"EmpathieReich\"},\"image\":{\"@id\":\"https:\\\/\\\/claudia.rootwiki.info\\\/#\\\/schema\\\/logo\\\/image\\\/\"}}]}<\/script>\n<!-- \/ Yoast SEO plugin. -->","yoast_head_json":{"title":"Giraffentraum\u00ae f\u00fcr den Kindergarten - EmpathieReich","robots":{"index":"noindex","follow":"follow","max-snippet":"max-snippet:-1","max-image-preview":"max-image-preview:large","max-video-preview":"max-video-preview:-1"},"og_locale":"de_DE","og_type":"article","og_title":"Giraffentraum\u00ae f\u00fcr den Kindergarten - EmpathieReich","og_description":"Giraffentraum\u00ae nach Frank Gaschler \u201eMama, wir haben eine Baby-Giraffe in unserer Gruppe!\u201c Mit diesen Worten begr\u00fc\u00dft Lisa ihre Mama, als diese ihre Tochter am Montagmittag abholen will. \u201eSie ist allein, aber wir k\u00fcmmern uns alle um sie.\u201c Das Projekt Giraffentraum Das Projekt Giraffentraum\u00ae&nbsp;f\u00fcr Kinderg\u00e4rten basiert auf der Gewaltfreien Kommunikation nach Marshall B. Rosenberg.Das Projekt wird &hellip; \u201eGiraffentraum\u00ae f\u00fcr den Kindergarten\u201c weiterlesen","og_url":"https:\/\/claudia.rootwiki.info\/index.php\/angebote\/giraffentraum\/","og_site_name":"EmpathieReich","article_modified_time":"2021-09-14T17:47:54+00:00","og_image":[{"width":1920,"height":1280,"url":"https:\/\/claudia.rootwiki.info\/wp-content\/uploads\/2021\/06\/kindergarten.jpg","type":"image\/jpeg"}],"twitter_card":"summary_large_image","twitter_misc":{"Gesch\u00e4tzte Lesezeit":"2\u00a0Minuten"},"schema":{"@context":"https:\/\/schema.org","@graph":[{"@type":"WebPage","@id":"https:\/\/claudia.rootwiki.info\/index.php\/angebote\/giraffentraum\/","url":"https:\/\/claudia.rootwiki.info\/index.php\/angebote\/giraffentraum\/","name":"Giraffentraum\u00ae f\u00fcr den Kindergarten - EmpathieReich","isPartOf":{"@id":"https:\/\/claudia.rootwiki.info\/#website"},"primaryImageOfPage":{"@id":"https:\/\/claudia.rootwiki.info\/index.php\/angebote\/giraffentraum\/#primaryimage"},"image":{"@id":"https:\/\/claudia.rootwiki.info\/index.php\/angebote\/giraffentraum\/#primaryimage"},"thumbnailUrl":"https:\/\/claudia.rootwiki.info\/wp-content\/uploads\/2021\/06\/kindergarten.jpg","datePublished":"2021-06-30T18:50:03+00:00","dateModified":"2021-09-14T17:47:54+00:00","breadcrumb":{"@id":"https:\/\/claudia.rootwiki.info\/index.php\/angebote\/giraffentraum\/#breadcrumb"},"inLanguage":"de","potentialAction":[{"@type":"ReadAction","target":["https:\/\/claudia.rootwiki.info\/index.php\/angebote\/giraffentraum\/"]}]},{"@type":"ImageObject","inLanguage":"de","@id":"https:\/\/claudia.rootwiki.info\/index.php\/angebote\/giraffentraum\/#primaryimage","url":"https:\/\/claudia.rootwiki.info\/wp-content\/uploads\/2021\/06\/kindergarten.jpg","contentUrl":"https:\/\/claudia.rootwiki.info\/wp-content\/uploads\/2021\/06\/kindergarten.jpg","width":1920,"height":1280,"caption":"Kindergarten"},{"@type":"BreadcrumbList","@id":"https:\/\/claudia.rootwiki.info\/index.php\/angebote\/giraffentraum\/#breadcrumb","itemListElement":[{"@type":"ListItem","position":1,"name":"Startseite","item":"https:\/\/claudia.rootwiki.info\/"},{"@type":"ListItem","position":2,"name":"Angebote","item":"https:\/\/claudia.rootwiki.info\/index.php\/angebote\/"},{"@type":"ListItem","position":3,"name":"Giraffentraum\u00ae f\u00fcr den Kindergarten"}]},{"@type":"WebSite","@id":"https:\/\/claudia.rootwiki.info\/#website","url":"https:\/\/claudia.rootwiki.info\/","name":"EmpathieReich","description":"Gewaltfreie Kommunikation","publisher":{"@id":"https:\/\/claudia.rootwiki.info\/#organization"},"potentialAction":[{"@type":"SearchAction","target":{"@type":"EntryPoint","urlTemplate":"https:\/\/claudia.rootwiki.info\/?s={search_term_string}"},"query-input":{"@type":"PropertyValueSpecification","valueRequired":true,"valueName":"search_term_string"}}],"inLanguage":"de"},{"@type":"Organization","@id":"https:\/\/claudia.rootwiki.info\/#organization","name":"EmpathieReich","url":"https:\/\/claudia.rootwiki.info\/","logo":{"@type":"ImageObject","inLanguage":"de","@id":"https:\/\/claudia.rootwiki.info\/#\/schema\/logo\/image\/","url":"https:\/\/claudia.rootwiki.info\/wp-content\/uploads\/2021\/10\/cropped-empathieReich_Plus_negWeiss.png","contentUrl":"https:\/\/claudia.rootwiki.info\/wp-content\/uploads\/2021\/10\/cropped-empathieReich_Plus_negWeiss.png","width":990,"height":250,"caption":"EmpathieReich"},"image":{"@id":"https:\/\/claudia.rootwiki.info\/#\/schema\/logo\/image\/"}}]}},"_links":{"self":[{"href":"https:\/\/claudia.rootwiki.info\/index.php\/wp-json\/wp\/v2\/pages\/137","targetHints":{"allow":["GET"]}}],"collection":[{"href":"https:\/\/claudia.rootwiki.info\/index.php\/wp-json\/wp\/v2\/pages"}],"about":[{"href":"https:\/\/claudia.rootwiki.info\/index.php\/wp-json\/wp\/v2\/types\/page"}],"author":[{"embeddable":true,"href":"https:\/\/claudia.rootwiki.info\/index.php\/wp-json\/wp\/v2\/users\/1"}],"replies":[{"embeddable":true,"href":"https:\/\/claudia.rootwiki.info\/index.php\/wp-json\/wp\/v2\/comments?post=137"}],"version-history":[{"count":10,"href":"https:\/\/claudia.rootwiki.info\/index.php\/wp-json\/wp\/v2\/pages\/137\/revisions"}],"predecessor-version":[{"id":427,"href":"https:\/\/claudia.rootwiki.info\/index.php\/wp-json\/wp\/v2\/pages\/137\/revisions\/427"}],"up":[{"embeddable":true,"href":"https:\/\/claudia.rootwiki.info\/index.php\/wp-json\/wp\/v2\/pages\/68"}],"wp:featuredmedia":[{"embeddable":true,"href":"https:\/\/claudia.rootwiki.info\/index.php\/wp-json\/wp\/v2\/media\/138"}],"wp:attachment":[{"href":"https:\/\/claudia.rootwiki.info\/index.php\/wp-json\/wp\/v2\/media?parent=137"}],"curies":[{"name":"wp","href":"https:\/\/api.w.org\/{rel}","templated":true}]}}