{"id":148,"date":"2021-06-30T19:14:18","date_gmt":"2021-06-30T19:14:18","guid":{"rendered":"https:\/\/claudia.rootwiki.info\/wordpress\/?page_id=148"},"modified":"2021-09-08T19:31:24","modified_gmt":"2021-09-08T19:31:24","slug":"gfk-ursprung","status":"publish","type":"page","link":"https:\/\/claudia.rootwiki.info\/index.php\/gfk\/gfk-info\/gfk-ursprung\/","title":{"rendered":"Ursprung der GFK"},"content":{"rendered":"\n<h2 class=\"has-medium-font-size wp-block-heading\">Marshall B. Rosenberg (6. Oktober 1934 &#8211; 7. Februar 2015)<\/h2>\n\n\n\n<figure class=\"wp-block-image size-medium\"><img loading=\"lazy\" decoding=\"async\" width=\"200\" height=\"300\" src=\"https:\/\/claudia.rootwiki.info\/wp-content\/uploads\/2021\/08\/marshall_rosenberg-200x300.jpg\" alt=\"Marshall B. Rosenberg\" class=\"wp-image-167\" srcset=\"https:\/\/claudia.rootwiki.info\/wp-content\/uploads\/2021\/08\/marshall_rosenberg-200x300.jpg 200w, https:\/\/claudia.rootwiki.info\/wp-content\/uploads\/2021\/08\/marshall_rosenberg.jpg 591w\" sizes=\"auto, (max-width: 200px) 100vw, 200px\" \/><\/figure>\n\n\n\n<p><a href=\"https:\/\/de.wikipedia.org\/wiki\/Marshall_B._Rosenberg\">Marshall Rosenberg<\/a> kam am 6. Oktober 1934 in Ohio, USA, zur Welt.<br>1943, als er 9 Jahre alt war, zogen seine Eltern nach Detroit. Kurz nach seiner Ankunft brachen in diesem Wohnquartier Rassenkrawalle aus. In der direkten Nachbarschaft wurden innerhalb einer Woche \u00fcber 40 Menschen get\u00f6tet. Zu ihrem eigenen Schutz verbarrikadierten sich die Rosenbergs damals in ihrem Haus.<ins> <\/ins>In der Schule wurde er fast t\u00e4glich von seinen Mitsch\u00fclern f\u00fcr seinen j\u00fcdischen Nachnamen verpr\u00fcgelt.<\/p>\n\n\n\n<p>In der Schule und auf der Stra\u00dfe entwickelte er sich zu einem gef\u00fcrchteten Raufbold.<br>Dreimal wurde er von der Schule verwiesen. 1950 zogen die Rosenbergs in einen anderen Stadtteil. Dort gelang es dem damals 16-j\u00e4hrigen Marshall, seinen Schulabschluss zu machen.<br>Die Gewalt, die Marshall Rosenberg in Detroit erlebte, pr\u00e4gte ihn.<\/p>\n\n\n\n<p>Nach seinem Studium unter anderen bei <a href=\"https:\/\/de.wikipedia.org\/wiki\/Carl_Rogers\">Carls Rogers<\/a>, promovierte Marshall Rosenberg im Jahr 1961 als klinischer Psychologe. Doch die Arbeit als Psychologe erf\u00fcllte ihn nicht. In ihm wuchs der Wunsch, Menschen zu bef\u00e4higen, konstruktiv f\u00fcr ihre Bed\u00fcrfnisse einzustehen und so zu einem friedlicheren Miteinander beizutragen. Basierend auf seinen Erfahrungen entwickelte Rosenberg die Gewaltfreie Kommunikation als Mittel zur Konfliktkl\u00e4rung und als gewaltfreie innere Haltung. 1984 gr\u00fcndete er das \u201cCenter for Nonviolent Communication (CNVC)\u201d, \u00fcbersetzt \u201eZentrum f\u00fcr Gewaltfreie Kommunikation (GFK)\u201c.<br>Mit Hilfe der GFK lehrte er an Schulen, Konflikte gewaltfrei zu l\u00f6sen. Er vermittelte zwischen sogenannten \u201eaufs\u00e4ssigen\u201c Studenten und deren Schulleitung. Er arbeitete mit Aktivisten der B\u00fcrgerrechtsbewegung und lehrte in Firmen. Er mediierte bei Konflikten in Israel\/Pal\u00e4stina, Ruanda oder Ex Jugoslawien.<\/p>\n\n\n\n<p>Die GFK bew\u00e4hrt sich seitdem als ein starkes Werkzeug, um Differenzen auf der pers\u00f6nlichen, beruflichen und politischen Ebene zu l\u00f6sen.<\/p>\n\n\n\n<p>Die Zeit zwischen der Gr\u00fcndung des CNVC 1984 und dem gesundheitlich bedingten R\u00fcckzug Marshall Rosenbergs 2011 war von einer ununterbrochenen Reiset\u00e4tigkeit gepr\u00e4gt. Die Liste der Orte und L\u00e4nder, in denen Rosenberg Workshops gab und GFK-Trainer ausbildete, ist beeindruckend lang. Sein Beitrag bei Konfliktvermittlungen ist immens.<br>Am 7. Februar 2015 starb Marshall B. Rosenberg in seinem 80. Lebensjahr.<\/p>\n","protected":false},"excerpt":{"rendered":"<p>Marshall B. Rosenberg (6. Oktober 1934 &#8211; 7. Februar 2015) Marshall Rosenberg kam am 6. Oktober 1934 in Ohio, USA, zur Welt.1943, als er 9 Jahre alt war, zogen seine Eltern nach Detroit. Kurz nach seiner Ankunft brachen in diesem Wohnquartier Rassenkrawalle aus. In der direkten Nachbarschaft wurden innerhalb einer Woche \u00fcber 40 Menschen get\u00f6tet. &hellip; <\/p>\n<p class=\"link-more\"><a href=\"https:\/\/claudia.rootwiki.info\/index.php\/gfk\/gfk-info\/gfk-ursprung\/\" class=\"more-link\"><span class=\"screen-reader-text\">\u201eUrsprung der GFK\u201c<\/span> weiterlesen<\/a><\/p>\n","protected":false},"author":1,"featured_media":0,"parent":274,"menu_order":0,"comment_status":"closed","ping_status":"closed","template":"","meta":{"footnotes":""},"class_list":["post-148","page","type-page","status-publish","hentry"],"yoast_head":"<!-- This site is optimized with the Yoast SEO plugin v27.4 - https:\/\/yoast.com\/product\/yoast-seo-wordpress\/ -->\n<title>Ursprung der GFK - EmpathieReich<\/title>\n<meta name=\"robots\" content=\"noindex, follow, max-snippet:-1, max-image-preview:large, max-video-preview:-1\" \/>\n<meta property=\"og:locale\" content=\"de_DE\" \/>\n<meta property=\"og:type\" content=\"article\" \/>\n<meta property=\"og:title\" content=\"Ursprung der GFK - EmpathieReich\" \/>\n<meta property=\"og:description\" content=\"Marshall B. Rosenberg (6. Oktober 1934 &#8211; 7. Februar 2015) Marshall Rosenberg kam am 6. Oktober 1934 in Ohio, USA, zur Welt.1943, als er 9 Jahre alt war, zogen seine Eltern nach Detroit. Kurz nach seiner Ankunft brachen in diesem Wohnquartier Rassenkrawalle aus. In der direkten Nachbarschaft wurden innerhalb einer Woche \u00fcber 40 Menschen get\u00f6tet. &hellip; \u201eUrsprung der GFK\u201c weiterlesen\" \/>\n<meta property=\"og:url\" content=\"https:\/\/claudia.rootwiki.info\/index.php\/gfk\/gfk-info\/gfk-ursprung\/\" \/>\n<meta property=\"og:site_name\" content=\"EmpathieReich\" \/>\n<meta property=\"article:modified_time\" content=\"2021-09-08T19:31:24+00:00\" \/>\n<meta property=\"og:image\" content=\"https:\/\/claudia.rootwiki.info\/wp-content\/uploads\/2021\/08\/marshall_rosenberg-200x300.jpg\" \/>\n<meta name=\"twitter:card\" content=\"summary_large_image\" \/>\n<meta name=\"twitter:label1\" content=\"Gesch\u00e4tzte Lesezeit\" \/>\n\t<meta name=\"twitter:data1\" content=\"2\u00a0Minuten\" \/>\n<script type=\"application\/ld+json\" class=\"yoast-schema-graph\">{\"@context\":\"https:\\\/\\\/schema.org\",\"@graph\":[{\"@type\":\"WebPage\",\"@id\":\"https:\\\/\\\/claudia.rootwiki.info\\\/index.php\\\/gfk\\\/gfk-info\\\/gfk-ursprung\\\/\",\"url\":\"https:\\\/\\\/claudia.rootwiki.info\\\/index.php\\\/gfk\\\/gfk-info\\\/gfk-ursprung\\\/\",\"name\":\"Ursprung der GFK - EmpathieReich\",\"isPartOf\":{\"@id\":\"https:\\\/\\\/claudia.rootwiki.info\\\/#website\"},\"primaryImageOfPage\":{\"@id\":\"https:\\\/\\\/claudia.rootwiki.info\\\/index.php\\\/gfk\\\/gfk-info\\\/gfk-ursprung\\\/#primaryimage\"},\"image\":{\"@id\":\"https:\\\/\\\/claudia.rootwiki.info\\\/index.php\\\/gfk\\\/gfk-info\\\/gfk-ursprung\\\/#primaryimage\"},\"thumbnailUrl\":\"https:\\\/\\\/claudia.rootwiki.info\\\/wp-content\\\/uploads\\\/2021\\\/08\\\/marshall_rosenberg-200x300.jpg\",\"datePublished\":\"2021-06-30T19:14:18+00:00\",\"dateModified\":\"2021-09-08T19:31:24+00:00\",\"breadcrumb\":{\"@id\":\"https:\\\/\\\/claudia.rootwiki.info\\\/index.php\\\/gfk\\\/gfk-info\\\/gfk-ursprung\\\/#breadcrumb\"},\"inLanguage\":\"de\",\"potentialAction\":[{\"@type\":\"ReadAction\",\"target\":[\"https:\\\/\\\/claudia.rootwiki.info\\\/index.php\\\/gfk\\\/gfk-info\\\/gfk-ursprung\\\/\"]}]},{\"@type\":\"ImageObject\",\"inLanguage\":\"de\",\"@id\":\"https:\\\/\\\/claudia.rootwiki.info\\\/index.php\\\/gfk\\\/gfk-info\\\/gfk-ursprung\\\/#primaryimage\",\"url\":\"https:\\\/\\\/claudia.rootwiki.info\\\/wp-content\\\/uploads\\\/2021\\\/08\\\/marshall_rosenberg.jpg\",\"contentUrl\":\"https:\\\/\\\/claudia.rootwiki.info\\\/wp-content\\\/uploads\\\/2021\\\/08\\\/marshall_rosenberg.jpg\",\"width\":591,\"height\":886,\"caption\":\"Marshall B. Rosenberg\"},{\"@type\":\"BreadcrumbList\",\"@id\":\"https:\\\/\\\/claudia.rootwiki.info\\\/index.php\\\/gfk\\\/gfk-info\\\/gfk-ursprung\\\/#breadcrumb\",\"itemListElement\":[{\"@type\":\"ListItem\",\"position\":1,\"name\":\"Startseite\",\"item\":\"https:\\\/\\\/claudia.rootwiki.info\\\/\"},{\"@type\":\"ListItem\",\"position\":2,\"name\":\"GFK\",\"item\":\"https:\\\/\\\/claudia.rootwiki.info\\\/index.php\\\/gfk\\\/\"},{\"@type\":\"ListItem\",\"position\":3,\"name\":\"Gl\u00fccklich sind diejenigen, die Frieden stiften\",\"item\":\"https:\\\/\\\/claudia.rootwiki.info\\\/index.php\\\/gfk\\\/gfk-info\\\/\"},{\"@type\":\"ListItem\",\"position\":4,\"name\":\"Ursprung der GFK\"}]},{\"@type\":\"WebSite\",\"@id\":\"https:\\\/\\\/claudia.rootwiki.info\\\/#website\",\"url\":\"https:\\\/\\\/claudia.rootwiki.info\\\/\",\"name\":\"EmpathieReich\",\"description\":\"Gewaltfreie Kommunikation\",\"publisher\":{\"@id\":\"https:\\\/\\\/claudia.rootwiki.info\\\/#organization\"},\"potentialAction\":[{\"@type\":\"SearchAction\",\"target\":{\"@type\":\"EntryPoint\",\"urlTemplate\":\"https:\\\/\\\/claudia.rootwiki.info\\\/?s={search_term_string}\"},\"query-input\":{\"@type\":\"PropertyValueSpecification\",\"valueRequired\":true,\"valueName\":\"search_term_string\"}}],\"inLanguage\":\"de\"},{\"@type\":\"Organization\",\"@id\":\"https:\\\/\\\/claudia.rootwiki.info\\\/#organization\",\"name\":\"EmpathieReich\",\"url\":\"https:\\\/\\\/claudia.rootwiki.info\\\/\",\"logo\":{\"@type\":\"ImageObject\",\"inLanguage\":\"de\",\"@id\":\"https:\\\/\\\/claudia.rootwiki.info\\\/#\\\/schema\\\/logo\\\/image\\\/\",\"url\":\"https:\\\/\\\/claudia.rootwiki.info\\\/wp-content\\\/uploads\\\/2021\\\/10\\\/cropped-empathieReich_Plus_negWeiss.png\",\"contentUrl\":\"https:\\\/\\\/claudia.rootwiki.info\\\/wp-content\\\/uploads\\\/2021\\\/10\\\/cropped-empathieReich_Plus_negWeiss.png\",\"width\":990,\"height\":250,\"caption\":\"EmpathieReich\"},\"image\":{\"@id\":\"https:\\\/\\\/claudia.rootwiki.info\\\/#\\\/schema\\\/logo\\\/image\\\/\"}}]}<\/script>\n<!-- \/ Yoast SEO plugin. -->","yoast_head_json":{"title":"Ursprung der GFK - EmpathieReich","robots":{"index":"noindex","follow":"follow","max-snippet":"max-snippet:-1","max-image-preview":"max-image-preview:large","max-video-preview":"max-video-preview:-1"},"og_locale":"de_DE","og_type":"article","og_title":"Ursprung der GFK - EmpathieReich","og_description":"Marshall B. Rosenberg (6. Oktober 1934 &#8211; 7. Februar 2015) Marshall Rosenberg kam am 6. Oktober 1934 in Ohio, USA, zur Welt.1943, als er 9 Jahre alt war, zogen seine Eltern nach Detroit. Kurz nach seiner Ankunft brachen in diesem Wohnquartier Rassenkrawalle aus. In der direkten Nachbarschaft wurden innerhalb einer Woche \u00fcber 40 Menschen get\u00f6tet. &hellip; \u201eUrsprung der GFK\u201c weiterlesen","og_url":"https:\/\/claudia.rootwiki.info\/index.php\/gfk\/gfk-info\/gfk-ursprung\/","og_site_name":"EmpathieReich","article_modified_time":"2021-09-08T19:31:24+00:00","og_image":[{"url":"https:\/\/claudia.rootwiki.info\/wp-content\/uploads\/2021\/08\/marshall_rosenberg-200x300.jpg","type":"","width":"","height":""}],"twitter_card":"summary_large_image","twitter_misc":{"Gesch\u00e4tzte Lesezeit":"2\u00a0Minuten"},"schema":{"@context":"https:\/\/schema.org","@graph":[{"@type":"WebPage","@id":"https:\/\/claudia.rootwiki.info\/index.php\/gfk\/gfk-info\/gfk-ursprung\/","url":"https:\/\/claudia.rootwiki.info\/index.php\/gfk\/gfk-info\/gfk-ursprung\/","name":"Ursprung der GFK - EmpathieReich","isPartOf":{"@id":"https:\/\/claudia.rootwiki.info\/#website"},"primaryImageOfPage":{"@id":"https:\/\/claudia.rootwiki.info\/index.php\/gfk\/gfk-info\/gfk-ursprung\/#primaryimage"},"image":{"@id":"https:\/\/claudia.rootwiki.info\/index.php\/gfk\/gfk-info\/gfk-ursprung\/#primaryimage"},"thumbnailUrl":"https:\/\/claudia.rootwiki.info\/wp-content\/uploads\/2021\/08\/marshall_rosenberg-200x300.jpg","datePublished":"2021-06-30T19:14:18+00:00","dateModified":"2021-09-08T19:31:24+00:00","breadcrumb":{"@id":"https:\/\/claudia.rootwiki.info\/index.php\/gfk\/gfk-info\/gfk-ursprung\/#breadcrumb"},"inLanguage":"de","potentialAction":[{"@type":"ReadAction","target":["https:\/\/claudia.rootwiki.info\/index.php\/gfk\/gfk-info\/gfk-ursprung\/"]}]},{"@type":"ImageObject","inLanguage":"de","@id":"https:\/\/claudia.rootwiki.info\/index.php\/gfk\/gfk-info\/gfk-ursprung\/#primaryimage","url":"https:\/\/claudia.rootwiki.info\/wp-content\/uploads\/2021\/08\/marshall_rosenberg.jpg","contentUrl":"https:\/\/claudia.rootwiki.info\/wp-content\/uploads\/2021\/08\/marshall_rosenberg.jpg","width":591,"height":886,"caption":"Marshall B. Rosenberg"},{"@type":"BreadcrumbList","@id":"https:\/\/claudia.rootwiki.info\/index.php\/gfk\/gfk-info\/gfk-ursprung\/#breadcrumb","itemListElement":[{"@type":"ListItem","position":1,"name":"Startseite","item":"https:\/\/claudia.rootwiki.info\/"},{"@type":"ListItem","position":2,"name":"GFK","item":"https:\/\/claudia.rootwiki.info\/index.php\/gfk\/"},{"@type":"ListItem","position":3,"name":"Gl\u00fccklich sind diejenigen, die Frieden stiften","item":"https:\/\/claudia.rootwiki.info\/index.php\/gfk\/gfk-info\/"},{"@type":"ListItem","position":4,"name":"Ursprung der GFK"}]},{"@type":"WebSite","@id":"https:\/\/claudia.rootwiki.info\/#website","url":"https:\/\/claudia.rootwiki.info\/","name":"EmpathieReich","description":"Gewaltfreie Kommunikation","publisher":{"@id":"https:\/\/claudia.rootwiki.info\/#organization"},"potentialAction":[{"@type":"SearchAction","target":{"@type":"EntryPoint","urlTemplate":"https:\/\/claudia.rootwiki.info\/?s={search_term_string}"},"query-input":{"@type":"PropertyValueSpecification","valueRequired":true,"valueName":"search_term_string"}}],"inLanguage":"de"},{"@type":"Organization","@id":"https:\/\/claudia.rootwiki.info\/#organization","name":"EmpathieReich","url":"https:\/\/claudia.rootwiki.info\/","logo":{"@type":"ImageObject","inLanguage":"de","@id":"https:\/\/claudia.rootwiki.info\/#\/schema\/logo\/image\/","url":"https:\/\/claudia.rootwiki.info\/wp-content\/uploads\/2021\/10\/cropped-empathieReich_Plus_negWeiss.png","contentUrl":"https:\/\/claudia.rootwiki.info\/wp-content\/uploads\/2021\/10\/cropped-empathieReich_Plus_negWeiss.png","width":990,"height":250,"caption":"EmpathieReich"},"image":{"@id":"https:\/\/claudia.rootwiki.info\/#\/schema\/logo\/image\/"}}]}},"_links":{"self":[{"href":"https:\/\/claudia.rootwiki.info\/index.php\/wp-json\/wp\/v2\/pages\/148","targetHints":{"allow":["GET"]}}],"collection":[{"href":"https:\/\/claudia.rootwiki.info\/index.php\/wp-json\/wp\/v2\/pages"}],"about":[{"href":"https:\/\/claudia.rootwiki.info\/index.php\/wp-json\/wp\/v2\/types\/page"}],"author":[{"embeddable":true,"href":"https:\/\/claudia.rootwiki.info\/index.php\/wp-json\/wp\/v2\/users\/1"}],"replies":[{"embeddable":true,"href":"https:\/\/claudia.rootwiki.info\/index.php\/wp-json\/wp\/v2\/comments?post=148"}],"version-history":[{"count":10,"href":"https:\/\/claudia.rootwiki.info\/index.php\/wp-json\/wp\/v2\/pages\/148\/revisions"}],"predecessor-version":[{"id":408,"href":"https:\/\/claudia.rootwiki.info\/index.php\/wp-json\/wp\/v2\/pages\/148\/revisions\/408"}],"up":[{"embeddable":true,"href":"https:\/\/claudia.rootwiki.info\/index.php\/wp-json\/wp\/v2\/pages\/274"}],"wp:attachment":[{"href":"https:\/\/claudia.rootwiki.info\/index.php\/wp-json\/wp\/v2\/media?parent=148"}],"curies":[{"name":"wp","href":"https:\/\/api.w.org\/{rel}","templated":true}]}}