{"id":193,"date":"2021-08-11T12:31:00","date_gmt":"2021-08-11T12:31:00","guid":{"rendered":"https:\/\/claudia.rootwiki.info\/wordpress\/?page_id=193"},"modified":"2021-09-08T18:55:48","modified_gmt":"2021-09-08T18:55:48","slug":"frauenfruehstueck","status":"publish","type":"page","link":"https:\/\/claudia.rootwiki.info\/index.php\/angebote\/frauenfruehstueck\/","title":{"rendered":"Frauenfr\u00fchst\u00fcck"},"content":{"rendered":"\n<h2 class=\"has-medium-font-size wp-block-heading\">Streiten ohne Verlierer &#8211; geht das \u00fcberhaupt?<\/h2>\n\n\n\n<p>Ein Wort folgt dem anderen, der Puls rast, der Kopf wird rot, man br\u00fcllt oder h\u00fcllt sich in Schweigen, Jeder k\u00e4mpft f\u00fcr seine Sicht. Und dabei wollte man diesen Streit nicht, hatte es sich fest vorgenommen, es das n\u00e4chste Mal besser zu machen.<br>Nach jedem Streit bleibt die eine Frage: Wie schaffen wir es, im Streit auf Augenh\u00f6he zu bleiben?<br>Gibt es ein wirklich wirksames Werkzeug, um Konflikte zu l\u00f6sen? Ohne dass wir uns emotionale Wunden zuf\u00fcgen? Ohne Sieger und Verlierer?<br>Marshall B. Rosenberg hat uns mit der Gewaltfreien Kommunikation (<a href=\"https:\/\/claudia.rootwiki.info\/index.php\/gfk\/gfk-info\/\">GFK<\/a>) ein wirksames Werkzeug geschenkt.<br>Ein Werkzeug, mit dem es gelingt, in einer wertsch\u00e4tzend Verbindung zu bleiben, auch w\u00e4hrend eines Streits.<br>Ich bin zutiefst \u00fcberzeugt davon! Von Frau zu Frau, lassen Sie sich \u00fcberraschen.<\/p>\n\n\n\n<p><strong>Voraussetzungen?<\/strong><br>Interesse an wertsch\u00e4tzender Kommunikation.<\/p>\n\n\n\n<p><strong>Wo?<\/strong><br>In den R\u00e4umlichkeiten Ihrer Wahl.<\/p>\n\n\n\n<p><strong>Wann?<\/strong><br>Datum nach Absprache.<\/p>\n\n\n\n<p><strong>Wer?<\/strong><br>Frauen mit Interesse an der GFK.<\/p>\n\n\n\n<p><strong>Kosten?<\/strong><br>Individuell nach Absprache.<\/p>\n\n\n\n<p><a href=\"https:\/\/claudia.rootwiki.info\/index.php\/kontakt\/\">Anmeldung<\/a><\/p>\n","protected":false},"excerpt":{"rendered":"<p>Streiten ohne Verlierer &#8211; geht das \u00fcberhaupt? Ein Wort folgt dem anderen, der Puls rast, der Kopf wird rot, man br\u00fcllt oder h\u00fcllt sich in Schweigen, Jeder k\u00e4mpft f\u00fcr seine Sicht. Und dabei wollte man diesen Streit nicht, hatte es sich fest vorgenommen, es das n\u00e4chste Mal besser zu machen.Nach jedem Streit bleibt die eine &hellip; <\/p>\n<p class=\"link-more\"><a href=\"https:\/\/claudia.rootwiki.info\/index.php\/angebote\/frauenfruehstueck\/\" class=\"more-link\"><span class=\"screen-reader-text\">\u201eFrauenfr\u00fchst\u00fcck\u201c<\/span> weiterlesen<\/a><\/p>\n","protected":false},"author":1,"featured_media":143,"parent":68,"menu_order":8,"comment_status":"closed","ping_status":"closed","template":"","meta":{"footnotes":""},"class_list":["post-193","page","type-page","status-publish","has-post-thumbnail","hentry"],"yoast_head":"<!-- This site is optimized with the Yoast SEO plugin v27.4 - https:\/\/yoast.com\/product\/yoast-seo-wordpress\/ -->\n<title>Frauenfr\u00fchst\u00fcck - EmpathieReich<\/title>\n<meta name=\"robots\" content=\"noindex, follow, max-snippet:-1, max-image-preview:large, max-video-preview:-1\" \/>\n<meta property=\"og:locale\" content=\"de_DE\" \/>\n<meta property=\"og:type\" content=\"article\" \/>\n<meta property=\"og:title\" content=\"Frauenfr\u00fchst\u00fcck - EmpathieReich\" \/>\n<meta property=\"og:description\" content=\"Streiten ohne Verlierer &#8211; geht das \u00fcberhaupt? Ein Wort folgt dem anderen, der Puls rast, der Kopf wird rot, man br\u00fcllt oder h\u00fcllt sich in Schweigen, Jeder k\u00e4mpft f\u00fcr seine Sicht. Und dabei wollte man diesen Streit nicht, hatte es sich fest vorgenommen, es das n\u00e4chste Mal besser zu machen.Nach jedem Streit bleibt die eine &hellip; \u201eFrauenfr\u00fchst\u00fcck\u201c weiterlesen\" \/>\n<meta property=\"og:url\" content=\"https:\/\/claudia.rootwiki.info\/index.php\/angebote\/frauenfruehstueck\/\" \/>\n<meta property=\"og:site_name\" content=\"EmpathieReich\" \/>\n<meta property=\"article:modified_time\" content=\"2021-09-08T18:55:48+00:00\" \/>\n<meta property=\"og:image\" content=\"https:\/\/claudia.rootwiki.info\/wp-content\/uploads\/2021\/06\/schluessel.jpg\" \/>\n\t<meta property=\"og:image:width\" content=\"1920\" \/>\n\t<meta property=\"og:image:height\" content=\"1080\" \/>\n\t<meta property=\"og:image:type\" content=\"image\/jpeg\" \/>\n<meta name=\"twitter:card\" content=\"summary_large_image\" \/>\n<meta name=\"twitter:label1\" content=\"Gesch\u00e4tzte Lesezeit\" \/>\n\t<meta name=\"twitter:data1\" content=\"1\u00a0Minute\" \/>\n<script type=\"application\/ld+json\" class=\"yoast-schema-graph\">{\"@context\":\"https:\\\/\\\/schema.org\",\"@graph\":[{\"@type\":\"WebPage\",\"@id\":\"https:\\\/\\\/claudia.rootwiki.info\\\/index.php\\\/angebote\\\/frauenfruehstueck\\\/\",\"url\":\"https:\\\/\\\/claudia.rootwiki.info\\\/index.php\\\/angebote\\\/frauenfruehstueck\\\/\",\"name\":\"Frauenfr\u00fchst\u00fcck - EmpathieReich\",\"isPartOf\":{\"@id\":\"https:\\\/\\\/claudia.rootwiki.info\\\/#website\"},\"primaryImageOfPage\":{\"@id\":\"https:\\\/\\\/claudia.rootwiki.info\\\/index.php\\\/angebote\\\/frauenfruehstueck\\\/#primaryimage\"},\"image\":{\"@id\":\"https:\\\/\\\/claudia.rootwiki.info\\\/index.php\\\/angebote\\\/frauenfruehstueck\\\/#primaryimage\"},\"thumbnailUrl\":\"https:\\\/\\\/claudia.rootwiki.info\\\/wp-content\\\/uploads\\\/2021\\\/06\\\/schluessel.jpg\",\"datePublished\":\"2021-08-11T12:31:00+00:00\",\"dateModified\":\"2021-09-08T18:55:48+00:00\",\"breadcrumb\":{\"@id\":\"https:\\\/\\\/claudia.rootwiki.info\\\/index.php\\\/angebote\\\/frauenfruehstueck\\\/#breadcrumb\"},\"inLanguage\":\"de\",\"potentialAction\":[{\"@type\":\"ReadAction\",\"target\":[\"https:\\\/\\\/claudia.rootwiki.info\\\/index.php\\\/angebote\\\/frauenfruehstueck\\\/\"]}]},{\"@type\":\"ImageObject\",\"inLanguage\":\"de\",\"@id\":\"https:\\\/\\\/claudia.rootwiki.info\\\/index.php\\\/angebote\\\/frauenfruehstueck\\\/#primaryimage\",\"url\":\"https:\\\/\\\/claudia.rootwiki.info\\\/wp-content\\\/uploads\\\/2021\\\/06\\\/schluessel.jpg\",\"contentUrl\":\"https:\\\/\\\/claudia.rootwiki.info\\\/wp-content\\\/uploads\\\/2021\\\/06\\\/schluessel.jpg\",\"width\":1920,\"height\":1080,\"caption\":\"Schl\u00fcssel\"},{\"@type\":\"BreadcrumbList\",\"@id\":\"https:\\\/\\\/claudia.rootwiki.info\\\/index.php\\\/angebote\\\/frauenfruehstueck\\\/#breadcrumb\",\"itemListElement\":[{\"@type\":\"ListItem\",\"position\":1,\"name\":\"Startseite\",\"item\":\"https:\\\/\\\/claudia.rootwiki.info\\\/\"},{\"@type\":\"ListItem\",\"position\":2,\"name\":\"Angebote\",\"item\":\"https:\\\/\\\/claudia.rootwiki.info\\\/index.php\\\/angebote\\\/\"},{\"@type\":\"ListItem\",\"position\":3,\"name\":\"Frauenfr\u00fchst\u00fcck\"}]},{\"@type\":\"WebSite\",\"@id\":\"https:\\\/\\\/claudia.rootwiki.info\\\/#website\",\"url\":\"https:\\\/\\\/claudia.rootwiki.info\\\/\",\"name\":\"EmpathieReich\",\"description\":\"Gewaltfreie Kommunikation\",\"publisher\":{\"@id\":\"https:\\\/\\\/claudia.rootwiki.info\\\/#organization\"},\"potentialAction\":[{\"@type\":\"SearchAction\",\"target\":{\"@type\":\"EntryPoint\",\"urlTemplate\":\"https:\\\/\\\/claudia.rootwiki.info\\\/?s={search_term_string}\"},\"query-input\":{\"@type\":\"PropertyValueSpecification\",\"valueRequired\":true,\"valueName\":\"search_term_string\"}}],\"inLanguage\":\"de\"},{\"@type\":\"Organization\",\"@id\":\"https:\\\/\\\/claudia.rootwiki.info\\\/#organization\",\"name\":\"EmpathieReich\",\"url\":\"https:\\\/\\\/claudia.rootwiki.info\\\/\",\"logo\":{\"@type\":\"ImageObject\",\"inLanguage\":\"de\",\"@id\":\"https:\\\/\\\/claudia.rootwiki.info\\\/#\\\/schema\\\/logo\\\/image\\\/\",\"url\":\"https:\\\/\\\/claudia.rootwiki.info\\\/wp-content\\\/uploads\\\/2021\\\/10\\\/cropped-empathieReich_Plus_negWeiss.png\",\"contentUrl\":\"https:\\\/\\\/claudia.rootwiki.info\\\/wp-content\\\/uploads\\\/2021\\\/10\\\/cropped-empathieReich_Plus_negWeiss.png\",\"width\":990,\"height\":250,\"caption\":\"EmpathieReich\"},\"image\":{\"@id\":\"https:\\\/\\\/claudia.rootwiki.info\\\/#\\\/schema\\\/logo\\\/image\\\/\"}}]}<\/script>\n<!-- \/ Yoast SEO plugin. -->","yoast_head_json":{"title":"Frauenfr\u00fchst\u00fcck - EmpathieReich","robots":{"index":"noindex","follow":"follow","max-snippet":"max-snippet:-1","max-image-preview":"max-image-preview:large","max-video-preview":"max-video-preview:-1"},"og_locale":"de_DE","og_type":"article","og_title":"Frauenfr\u00fchst\u00fcck - EmpathieReich","og_description":"Streiten ohne Verlierer &#8211; geht das \u00fcberhaupt? Ein Wort folgt dem anderen, der Puls rast, der Kopf wird rot, man br\u00fcllt oder h\u00fcllt sich in Schweigen, Jeder k\u00e4mpft f\u00fcr seine Sicht. Und dabei wollte man diesen Streit nicht, hatte es sich fest vorgenommen, es das n\u00e4chste Mal besser zu machen.Nach jedem Streit bleibt die eine &hellip; \u201eFrauenfr\u00fchst\u00fcck\u201c weiterlesen","og_url":"https:\/\/claudia.rootwiki.info\/index.php\/angebote\/frauenfruehstueck\/","og_site_name":"EmpathieReich","article_modified_time":"2021-09-08T18:55:48+00:00","og_image":[{"width":1920,"height":1080,"url":"https:\/\/claudia.rootwiki.info\/wp-content\/uploads\/2021\/06\/schluessel.jpg","type":"image\/jpeg"}],"twitter_card":"summary_large_image","twitter_misc":{"Gesch\u00e4tzte Lesezeit":"1\u00a0Minute"},"schema":{"@context":"https:\/\/schema.org","@graph":[{"@type":"WebPage","@id":"https:\/\/claudia.rootwiki.info\/index.php\/angebote\/frauenfruehstueck\/","url":"https:\/\/claudia.rootwiki.info\/index.php\/angebote\/frauenfruehstueck\/","name":"Frauenfr\u00fchst\u00fcck - EmpathieReich","isPartOf":{"@id":"https:\/\/claudia.rootwiki.info\/#website"},"primaryImageOfPage":{"@id":"https:\/\/claudia.rootwiki.info\/index.php\/angebote\/frauenfruehstueck\/#primaryimage"},"image":{"@id":"https:\/\/claudia.rootwiki.info\/index.php\/angebote\/frauenfruehstueck\/#primaryimage"},"thumbnailUrl":"https:\/\/claudia.rootwiki.info\/wp-content\/uploads\/2021\/06\/schluessel.jpg","datePublished":"2021-08-11T12:31:00+00:00","dateModified":"2021-09-08T18:55:48+00:00","breadcrumb":{"@id":"https:\/\/claudia.rootwiki.info\/index.php\/angebote\/frauenfruehstueck\/#breadcrumb"},"inLanguage":"de","potentialAction":[{"@type":"ReadAction","target":["https:\/\/claudia.rootwiki.info\/index.php\/angebote\/frauenfruehstueck\/"]}]},{"@type":"ImageObject","inLanguage":"de","@id":"https:\/\/claudia.rootwiki.info\/index.php\/angebote\/frauenfruehstueck\/#primaryimage","url":"https:\/\/claudia.rootwiki.info\/wp-content\/uploads\/2021\/06\/schluessel.jpg","contentUrl":"https:\/\/claudia.rootwiki.info\/wp-content\/uploads\/2021\/06\/schluessel.jpg","width":1920,"height":1080,"caption":"Schl\u00fcssel"},{"@type":"BreadcrumbList","@id":"https:\/\/claudia.rootwiki.info\/index.php\/angebote\/frauenfruehstueck\/#breadcrumb","itemListElement":[{"@type":"ListItem","position":1,"name":"Startseite","item":"https:\/\/claudia.rootwiki.info\/"},{"@type":"ListItem","position":2,"name":"Angebote","item":"https:\/\/claudia.rootwiki.info\/index.php\/angebote\/"},{"@type":"ListItem","position":3,"name":"Frauenfr\u00fchst\u00fcck"}]},{"@type":"WebSite","@id":"https:\/\/claudia.rootwiki.info\/#website","url":"https:\/\/claudia.rootwiki.info\/","name":"EmpathieReich","description":"Gewaltfreie Kommunikation","publisher":{"@id":"https:\/\/claudia.rootwiki.info\/#organization"},"potentialAction":[{"@type":"SearchAction","target":{"@type":"EntryPoint","urlTemplate":"https:\/\/claudia.rootwiki.info\/?s={search_term_string}"},"query-input":{"@type":"PropertyValueSpecification","valueRequired":true,"valueName":"search_term_string"}}],"inLanguage":"de"},{"@type":"Organization","@id":"https:\/\/claudia.rootwiki.info\/#organization","name":"EmpathieReich","url":"https:\/\/claudia.rootwiki.info\/","logo":{"@type":"ImageObject","inLanguage":"de","@id":"https:\/\/claudia.rootwiki.info\/#\/schema\/logo\/image\/","url":"https:\/\/claudia.rootwiki.info\/wp-content\/uploads\/2021\/10\/cropped-empathieReich_Plus_negWeiss.png","contentUrl":"https:\/\/claudia.rootwiki.info\/wp-content\/uploads\/2021\/10\/cropped-empathieReich_Plus_negWeiss.png","width":990,"height":250,"caption":"EmpathieReich"},"image":{"@id":"https:\/\/claudia.rootwiki.info\/#\/schema\/logo\/image\/"}}]}},"_links":{"self":[{"href":"https:\/\/claudia.rootwiki.info\/index.php\/wp-json\/wp\/v2\/pages\/193","targetHints":{"allow":["GET"]}}],"collection":[{"href":"https:\/\/claudia.rootwiki.info\/index.php\/wp-json\/wp\/v2\/pages"}],"about":[{"href":"https:\/\/claudia.rootwiki.info\/index.php\/wp-json\/wp\/v2\/types\/page"}],"author":[{"embeddable":true,"href":"https:\/\/claudia.rootwiki.info\/index.php\/wp-json\/wp\/v2\/users\/1"}],"replies":[{"embeddable":true,"href":"https:\/\/claudia.rootwiki.info\/index.php\/wp-json\/wp\/v2\/comments?post=193"}],"version-history":[{"count":8,"href":"https:\/\/claudia.rootwiki.info\/index.php\/wp-json\/wp\/v2\/pages\/193\/revisions"}],"predecessor-version":[{"id":395,"href":"https:\/\/claudia.rootwiki.info\/index.php\/wp-json\/wp\/v2\/pages\/193\/revisions\/395"}],"up":[{"embeddable":true,"href":"https:\/\/claudia.rootwiki.info\/index.php\/wp-json\/wp\/v2\/pages\/68"}],"wp:featuredmedia":[{"embeddable":true,"href":"https:\/\/claudia.rootwiki.info\/index.php\/wp-json\/wp\/v2\/media\/143"}],"wp:attachment":[{"href":"https:\/\/claudia.rootwiki.info\/index.php\/wp-json\/wp\/v2\/media?parent=193"}],"curies":[{"name":"wp","href":"https:\/\/api.w.org\/{rel}","templated":true}]}}