{"id":269,"date":"2021-08-22T13:25:08","date_gmt":"2021-08-22T13:25:08","guid":{"rendered":"https:\/\/claudia.rootwiki.info\/?page_id=269"},"modified":"2021-08-30T11:32:45","modified_gmt":"2021-08-30T11:32:45","slug":"i-have-a-dream-detail","status":"publish","type":"page","link":"https:\/\/claudia.rootwiki.info\/index.php\/startseite\/i-have-a-dream-detail\/","title":{"rendered":"I have a dream&#8230;"},"content":{"rendered":"\n<p>EmpathieReich\u00a9, ein Ort\u2026<br><br>&#8230;wo ich mir selber und anderen akzeptierend, wohlwollend und wertsch\u00e4tzend begegne.<\/p>\n\n\n\n<p>&#8230;wo ich einf\u00fchlsam meine Bed\u00fcrfnisse wahrnehme und Verantwortung f\u00fcr meine Gef\u00fchle \u00fcbernehme.<\/p>\n\n\n\n<p>&#8230;wo deine und meine Bed\u00fcrfnisse gleichwertig sind und wir in gegenseitiger Wertsch\u00e4tzung f\u00fcr diese Bed\u00fcrfnisse nach tragf\u00e4higen L\u00f6sungen suchen.<\/p>\n\n\n\n<p>Die Gewaltfreie Kommunikation, kurz <a href=\"https:\/\/claudia.rootwiki.info\/index.php\/gfk\/gfk-info\/\">GFK<\/a>, nach Marshall B. Rosenberg ist ein Werkzeug, das zu einem inneren Frieden wie auch zu einem vers\u00f6hnlichen und verbindenden Umgang miteinander f\u00fchrt.<br>Mein Herz brennt daf\u00fcr, meinen Mitmenschen dieses Werkzeug n\u00e4her zu bringen und so zu einem friedlicheren, lebenswerteren Miteinander beizutragen.<\/p>\n\n\n\n<p>Ich freue mich, wenn ich Sie mit der GFK in Kontakt bringen darf.<\/p>\n","protected":false},"excerpt":{"rendered":"<p>EmpathieReich\u00a9, ein Ort\u2026 &#8230;wo ich mir selber und anderen akzeptierend, wohlwollend und wertsch\u00e4tzend begegne. &#8230;wo ich einf\u00fchlsam meine Bed\u00fcrfnisse wahrnehme und Verantwortung f\u00fcr meine Gef\u00fchle \u00fcbernehme. &#8230;wo deine und meine Bed\u00fcrfnisse gleichwertig sind und wir in gegenseitiger Wertsch\u00e4tzung f\u00fcr diese Bed\u00fcrfnisse nach tragf\u00e4higen L\u00f6sungen suchen. Die Gewaltfreie Kommunikation, kurz GFK, nach Marshall B. Rosenberg ist &hellip; <\/p>\n<p class=\"link-more\"><a href=\"https:\/\/claudia.rootwiki.info\/index.php\/startseite\/i-have-a-dream-detail\/\" class=\"more-link\"><span class=\"screen-reader-text\">\u201eI have a dream&#8230;\u201c<\/span> weiterlesen<\/a><\/p>\n","protected":false},"author":1,"featured_media":327,"parent":10,"menu_order":0,"comment_status":"closed","ping_status":"closed","template":"","meta":{"footnotes":""},"class_list":["post-269","page","type-page","status-publish","has-post-thumbnail","hentry"],"yoast_head":"<!-- This site is optimized with the Yoast SEO plugin v27.4 - https:\/\/yoast.com\/product\/yoast-seo-wordpress\/ -->\n<title>I have a dream... - EmpathieReich<\/title>\n<meta name=\"robots\" content=\"noindex, follow, max-snippet:-1, max-image-preview:large, max-video-preview:-1\" \/>\n<meta property=\"og:locale\" content=\"de_DE\" \/>\n<meta property=\"og:type\" content=\"article\" \/>\n<meta property=\"og:title\" content=\"I have a dream... - EmpathieReich\" \/>\n<meta property=\"og:description\" content=\"EmpathieReich\u00a9, ein Ort\u2026 &#8230;wo ich mir selber und anderen akzeptierend, wohlwollend und wertsch\u00e4tzend begegne. &#8230;wo ich einf\u00fchlsam meine Bed\u00fcrfnisse wahrnehme und Verantwortung f\u00fcr meine Gef\u00fchle \u00fcbernehme. &#8230;wo deine und meine Bed\u00fcrfnisse gleichwertig sind und wir in gegenseitiger Wertsch\u00e4tzung f\u00fcr diese Bed\u00fcrfnisse nach tragf\u00e4higen L\u00f6sungen suchen. Die Gewaltfreie Kommunikation, kurz GFK, nach Marshall B. Rosenberg ist &hellip; \u201eI have a dream&#8230;\u201c weiterlesen\" \/>\n<meta property=\"og:url\" content=\"https:\/\/claudia.rootwiki.info\/index.php\/startseite\/i-have-a-dream-detail\/\" \/>\n<meta property=\"og:site_name\" content=\"EmpathieReich\" \/>\n<meta property=\"article:modified_time\" content=\"2021-08-30T11:32:45+00:00\" \/>\n<meta property=\"og:image\" content=\"https:\/\/claudia.rootwiki.info\/wp-content\/uploads\/2021\/08\/blume_mauer_blau-1.jpg\" \/>\n\t<meta property=\"og:image:width\" content=\"1600\" \/>\n\t<meta property=\"og:image:height\" content=\"1200\" \/>\n\t<meta property=\"og:image:type\" content=\"image\/jpeg\" \/>\n<meta name=\"twitter:card\" content=\"summary_large_image\" \/>\n<meta name=\"twitter:label1\" content=\"Gesch\u00e4tzte Lesezeit\" \/>\n\t<meta name=\"twitter:data1\" content=\"1\u00a0Minute\" \/>\n<script type=\"application\/ld+json\" class=\"yoast-schema-graph\">{\"@context\":\"https:\\\/\\\/schema.org\",\"@graph\":[{\"@type\":\"WebPage\",\"@id\":\"https:\\\/\\\/claudia.rootwiki.info\\\/index.php\\\/startseite\\\/i-have-a-dream-detail\\\/\",\"url\":\"https:\\\/\\\/claudia.rootwiki.info\\\/index.php\\\/startseite\\\/i-have-a-dream-detail\\\/\",\"name\":\"I have a dream... - EmpathieReich\",\"isPartOf\":{\"@id\":\"https:\\\/\\\/claudia.rootwiki.info\\\/#website\"},\"primaryImageOfPage\":{\"@id\":\"https:\\\/\\\/claudia.rootwiki.info\\\/index.php\\\/startseite\\\/i-have-a-dream-detail\\\/#primaryimage\"},\"image\":{\"@id\":\"https:\\\/\\\/claudia.rootwiki.info\\\/index.php\\\/startseite\\\/i-have-a-dream-detail\\\/#primaryimage\"},\"thumbnailUrl\":\"https:\\\/\\\/claudia.rootwiki.info\\\/wp-content\\\/uploads\\\/2021\\\/08\\\/blume_mauer_blau-1.jpg\",\"datePublished\":\"2021-08-22T13:25:08+00:00\",\"dateModified\":\"2021-08-30T11:32:45+00:00\",\"breadcrumb\":{\"@id\":\"https:\\\/\\\/claudia.rootwiki.info\\\/index.php\\\/startseite\\\/i-have-a-dream-detail\\\/#breadcrumb\"},\"inLanguage\":\"de\",\"potentialAction\":[{\"@type\":\"ReadAction\",\"target\":[\"https:\\\/\\\/claudia.rootwiki.info\\\/index.php\\\/startseite\\\/i-have-a-dream-detail\\\/\"]}]},{\"@type\":\"ImageObject\",\"inLanguage\":\"de\",\"@id\":\"https:\\\/\\\/claudia.rootwiki.info\\\/index.php\\\/startseite\\\/i-have-a-dream-detail\\\/#primaryimage\",\"url\":\"https:\\\/\\\/claudia.rootwiki.info\\\/wp-content\\\/uploads\\\/2021\\\/08\\\/blume_mauer_blau-1.jpg\",\"contentUrl\":\"https:\\\/\\\/claudia.rootwiki.info\\\/wp-content\\\/uploads\\\/2021\\\/08\\\/blume_mauer_blau-1.jpg\",\"width\":1600,\"height\":1200,\"caption\":\"Blume in Mauer\"},{\"@type\":\"BreadcrumbList\",\"@id\":\"https:\\\/\\\/claudia.rootwiki.info\\\/index.php\\\/startseite\\\/i-have-a-dream-detail\\\/#breadcrumb\",\"itemListElement\":[{\"@type\":\"ListItem\",\"position\":1,\"name\":\"Startseite\",\"item\":\"https:\\\/\\\/claudia.rootwiki.info\\\/\"},{\"@type\":\"ListItem\",\"position\":2,\"name\":\"I have a dream &#8230;\",\"item\":\"https:\\\/\\\/claudia.rootwiki.info\\\/\"},{\"@type\":\"ListItem\",\"position\":3,\"name\":\"I have a dream&#8230;\"}]},{\"@type\":\"WebSite\",\"@id\":\"https:\\\/\\\/claudia.rootwiki.info\\\/#website\",\"url\":\"https:\\\/\\\/claudia.rootwiki.info\\\/\",\"name\":\"EmpathieReich\",\"description\":\"Gewaltfreie Kommunikation\",\"publisher\":{\"@id\":\"https:\\\/\\\/claudia.rootwiki.info\\\/#organization\"},\"potentialAction\":[{\"@type\":\"SearchAction\",\"target\":{\"@type\":\"EntryPoint\",\"urlTemplate\":\"https:\\\/\\\/claudia.rootwiki.info\\\/?s={search_term_string}\"},\"query-input\":{\"@type\":\"PropertyValueSpecification\",\"valueRequired\":true,\"valueName\":\"search_term_string\"}}],\"inLanguage\":\"de\"},{\"@type\":\"Organization\",\"@id\":\"https:\\\/\\\/claudia.rootwiki.info\\\/#organization\",\"name\":\"EmpathieReich\",\"url\":\"https:\\\/\\\/claudia.rootwiki.info\\\/\",\"logo\":{\"@type\":\"ImageObject\",\"inLanguage\":\"de\",\"@id\":\"https:\\\/\\\/claudia.rootwiki.info\\\/#\\\/schema\\\/logo\\\/image\\\/\",\"url\":\"https:\\\/\\\/claudia.rootwiki.info\\\/wp-content\\\/uploads\\\/2021\\\/10\\\/cropped-empathieReich_Plus_negWeiss.png\",\"contentUrl\":\"https:\\\/\\\/claudia.rootwiki.info\\\/wp-content\\\/uploads\\\/2021\\\/10\\\/cropped-empathieReich_Plus_negWeiss.png\",\"width\":990,\"height\":250,\"caption\":\"EmpathieReich\"},\"image\":{\"@id\":\"https:\\\/\\\/claudia.rootwiki.info\\\/#\\\/schema\\\/logo\\\/image\\\/\"}}]}<\/script>\n<!-- \/ Yoast SEO plugin. -->","yoast_head_json":{"title":"I have a dream... - EmpathieReich","robots":{"index":"noindex","follow":"follow","max-snippet":"max-snippet:-1","max-image-preview":"max-image-preview:large","max-video-preview":"max-video-preview:-1"},"og_locale":"de_DE","og_type":"article","og_title":"I have a dream... - EmpathieReich","og_description":"EmpathieReich\u00a9, ein Ort\u2026 &#8230;wo ich mir selber und anderen akzeptierend, wohlwollend und wertsch\u00e4tzend begegne. &#8230;wo ich einf\u00fchlsam meine Bed\u00fcrfnisse wahrnehme und Verantwortung f\u00fcr meine Gef\u00fchle \u00fcbernehme. &#8230;wo deine und meine Bed\u00fcrfnisse gleichwertig sind und wir in gegenseitiger Wertsch\u00e4tzung f\u00fcr diese Bed\u00fcrfnisse nach tragf\u00e4higen L\u00f6sungen suchen. Die Gewaltfreie Kommunikation, kurz GFK, nach Marshall B. Rosenberg ist &hellip; \u201eI have a dream&#8230;\u201c weiterlesen","og_url":"https:\/\/claudia.rootwiki.info\/index.php\/startseite\/i-have-a-dream-detail\/","og_site_name":"EmpathieReich","article_modified_time":"2021-08-30T11:32:45+00:00","og_image":[{"width":1600,"height":1200,"url":"https:\/\/claudia.rootwiki.info\/wp-content\/uploads\/2021\/08\/blume_mauer_blau-1.jpg","type":"image\/jpeg"}],"twitter_card":"summary_large_image","twitter_misc":{"Gesch\u00e4tzte Lesezeit":"1\u00a0Minute"},"schema":{"@context":"https:\/\/schema.org","@graph":[{"@type":"WebPage","@id":"https:\/\/claudia.rootwiki.info\/index.php\/startseite\/i-have-a-dream-detail\/","url":"https:\/\/claudia.rootwiki.info\/index.php\/startseite\/i-have-a-dream-detail\/","name":"I have a dream... - EmpathieReich","isPartOf":{"@id":"https:\/\/claudia.rootwiki.info\/#website"},"primaryImageOfPage":{"@id":"https:\/\/claudia.rootwiki.info\/index.php\/startseite\/i-have-a-dream-detail\/#primaryimage"},"image":{"@id":"https:\/\/claudia.rootwiki.info\/index.php\/startseite\/i-have-a-dream-detail\/#primaryimage"},"thumbnailUrl":"https:\/\/claudia.rootwiki.info\/wp-content\/uploads\/2021\/08\/blume_mauer_blau-1.jpg","datePublished":"2021-08-22T13:25:08+00:00","dateModified":"2021-08-30T11:32:45+00:00","breadcrumb":{"@id":"https:\/\/claudia.rootwiki.info\/index.php\/startseite\/i-have-a-dream-detail\/#breadcrumb"},"inLanguage":"de","potentialAction":[{"@type":"ReadAction","target":["https:\/\/claudia.rootwiki.info\/index.php\/startseite\/i-have-a-dream-detail\/"]}]},{"@type":"ImageObject","inLanguage":"de","@id":"https:\/\/claudia.rootwiki.info\/index.php\/startseite\/i-have-a-dream-detail\/#primaryimage","url":"https:\/\/claudia.rootwiki.info\/wp-content\/uploads\/2021\/08\/blume_mauer_blau-1.jpg","contentUrl":"https:\/\/claudia.rootwiki.info\/wp-content\/uploads\/2021\/08\/blume_mauer_blau-1.jpg","width":1600,"height":1200,"caption":"Blume in Mauer"},{"@type":"BreadcrumbList","@id":"https:\/\/claudia.rootwiki.info\/index.php\/startseite\/i-have-a-dream-detail\/#breadcrumb","itemListElement":[{"@type":"ListItem","position":1,"name":"Startseite","item":"https:\/\/claudia.rootwiki.info\/"},{"@type":"ListItem","position":2,"name":"I have a dream &#8230;","item":"https:\/\/claudia.rootwiki.info\/"},{"@type":"ListItem","position":3,"name":"I have a dream&#8230;"}]},{"@type":"WebSite","@id":"https:\/\/claudia.rootwiki.info\/#website","url":"https:\/\/claudia.rootwiki.info\/","name":"EmpathieReich","description":"Gewaltfreie Kommunikation","publisher":{"@id":"https:\/\/claudia.rootwiki.info\/#organization"},"potentialAction":[{"@type":"SearchAction","target":{"@type":"EntryPoint","urlTemplate":"https:\/\/claudia.rootwiki.info\/?s={search_term_string}"},"query-input":{"@type":"PropertyValueSpecification","valueRequired":true,"valueName":"search_term_string"}}],"inLanguage":"de"},{"@type":"Organization","@id":"https:\/\/claudia.rootwiki.info\/#organization","name":"EmpathieReich","url":"https:\/\/claudia.rootwiki.info\/","logo":{"@type":"ImageObject","inLanguage":"de","@id":"https:\/\/claudia.rootwiki.info\/#\/schema\/logo\/image\/","url":"https:\/\/claudia.rootwiki.info\/wp-content\/uploads\/2021\/10\/cropped-empathieReich_Plus_negWeiss.png","contentUrl":"https:\/\/claudia.rootwiki.info\/wp-content\/uploads\/2021\/10\/cropped-empathieReich_Plus_negWeiss.png","width":990,"height":250,"caption":"EmpathieReich"},"image":{"@id":"https:\/\/claudia.rootwiki.info\/#\/schema\/logo\/image\/"}}]}},"_links":{"self":[{"href":"https:\/\/claudia.rootwiki.info\/index.php\/wp-json\/wp\/v2\/pages\/269","targetHints":{"allow":["GET"]}}],"collection":[{"href":"https:\/\/claudia.rootwiki.info\/index.php\/wp-json\/wp\/v2\/pages"}],"about":[{"href":"https:\/\/claudia.rootwiki.info\/index.php\/wp-json\/wp\/v2\/types\/page"}],"author":[{"embeddable":true,"href":"https:\/\/claudia.rootwiki.info\/index.php\/wp-json\/wp\/v2\/users\/1"}],"replies":[{"embeddable":true,"href":"https:\/\/claudia.rootwiki.info\/index.php\/wp-json\/wp\/v2\/comments?post=269"}],"version-history":[{"count":8,"href":"https:\/\/claudia.rootwiki.info\/index.php\/wp-json\/wp\/v2\/pages\/269\/revisions"}],"predecessor-version":[{"id":353,"href":"https:\/\/claudia.rootwiki.info\/index.php\/wp-json\/wp\/v2\/pages\/269\/revisions\/353"}],"up":[{"embeddable":true,"href":"https:\/\/claudia.rootwiki.info\/index.php\/wp-json\/wp\/v2\/pages\/10"}],"wp:featuredmedia":[{"embeddable":true,"href":"https:\/\/claudia.rootwiki.info\/index.php\/wp-json\/wp\/v2\/media\/327"}],"wp:attachment":[{"href":"https:\/\/claudia.rootwiki.info\/index.php\/wp-json\/wp\/v2\/media?parent=269"}],"curies":[{"name":"wp","href":"https:\/\/api.w.org\/{rel}","templated":true}]}}