{"id":274,"date":"2021-08-22T13:33:22","date_gmt":"2021-08-22T13:33:22","guid":{"rendered":"https:\/\/claudia.rootwiki.info\/?page_id=274"},"modified":"2021-09-10T17:14:22","modified_gmt":"2021-09-10T17:14:22","slug":"gfk-info","status":"publish","type":"page","link":"https:\/\/claudia.rootwiki.info\/index.php\/gfk\/gfk-info\/","title":{"rendered":"Gl\u00fccklich sind diejenigen, die Frieden stiften"},"content":{"rendered":"\n<h4 class=\"wp-block-heading\">Gewaltfreie Kommunikation, was ist das?<\/h4>\n\n\n\n<p>Alles, was wir Menschen tun, tun wir, um uns unsere Bed\u00fcrfnisse zu erf\u00fcllen.<br>Knurrt unser Magen, sind wir hungrig und brauchen Nahrung.<br>Fallen uns die Augen zu, sind wir m\u00fcde und brauchen Erholung.<br>Sind wir in einer Situation \u00e4ngstlich, brauchen wir Sicherheit.<br>Es ist das Bed\u00fcrfnis, das uns handeln l\u00e4sst. Das echte Gef\u00fchl ist der deutliche Hinweis auf ein Bed\u00fcrfnis. Das ist die Grundannahme der GFK. <br>Diese Grundannahme gilt auch f\u00fcr jene Situationen, in denen die Handlung uns selbst oder jemand anderem Schaden zuf\u00fcgt oder wir mit der Verhaltensweise absolut nicht einverstanden sind.<\/p>\n\n\n\n<p>Auch w\u00e4hrend eines Konflikts versuchen beide Parteien, ein f\u00fcr sie wichtiges Bed\u00fcrfnis zu erf\u00fcllen. Es ist ausschlaggebend, sich in schwierigen Situationen sich darauf zu fokussieren. Dadurch erkennen wir, um welche Bed\u00fcrfnisse es sich handelt und f\u00f6rdern so das gegenseitige Verst\u00e4ndnis. Durch eben dieses Verst\u00e4ndnis ist es uns m\u00f6glich, aufeinander zuzugehen und somit einvernehmliche sowie tragf\u00e4hige L\u00f6sungen f\u00fcr den Konflikt zu finden.<\/p>\n\n\n\n<p>Die GFK ist ein Schl\u00fcssel zu einer friedlichen Welt, zu einem Reich voller Empathie.<\/p>\n\n\n\n<p>Durch die Auseinandersetzung mit den eigenen unerf\u00fcllten Bed\u00fcrfnissen, die unserem Handeln zugrunde liegen, w\u00e4chst in uns ein Verst\u00e4ndnis f\u00fcr uns selbst. Daraus w\u00e4chst das Verst\u00e4ndnis f\u00fcr das Gegen\u00fcber. So k\u00f6nnen schmerzvolle Erfahrungen verarbeitet, Feindseligkeiten abgebaut und Beziehungen gest\u00e4rkt werden. <\/p>\n\n\n\n<p>M\u00f6chten Sie sich so ausdr\u00fccken, einbringen, sprechen, dass Sie mit Ihrem Anliegen wirklich verstanden werden? Liegt Ihnen ein friedliches Miteinander anstatt ein Gegeneinander am Herzen? Sehnen Sie sich nach einem Werkzeug, das wirklich hilft, um respektvoll und achtsam mit Ihnen pers\u00f6nlich und Ihren Mitmenschen umzugehen und zu kommunizieren?&nbsp;W\u00fcnschen Sie sich ein wirksames Werkzeug, das im Leben hilft, Ihre Ziele im Einklang mit anderen bestm\u00f6glich zu erreichen?<br>Ich ermutige Sie: Wagen Sie es! Kommen Sie und lernen Sie die GFK kennen.<\/p>\n\n\n\n<p><a href=\"https:\/\/claudia.rootwiki.info\/index.php\/gfk\/gfk-info\/gfk-ursprung\/\">Ursprung der GFK<\/a><\/p>\n\n\n\n<div class=\"wp-block-image\"><figure class=\"aligncenter size-medium\"><img loading=\"lazy\" decoding=\"async\" width=\"300\" height=\"269\" src=\"https:\/\/claudia.rootwiki.info\/wp-content\/uploads\/2021\/09\/taube_flug-300x269.jpg\" alt=\"Taube im Flug\" class=\"wp-image-415\" srcset=\"https:\/\/claudia.rootwiki.info\/wp-content\/uploads\/2021\/09\/taube_flug-300x269.jpg 300w, https:\/\/claudia.rootwiki.info\/wp-content\/uploads\/2021\/09\/taube_flug-768x690.jpg 768w, https:\/\/claudia.rootwiki.info\/wp-content\/uploads\/2021\/09\/taube_flug.jpg 960w\" sizes=\"auto, (max-width: 300px) 100vw, 300px\" \/><\/figure><\/div>\n","protected":false},"excerpt":{"rendered":"<p>Gewaltfreie Kommunikation, was ist das? Alles, was wir Menschen tun, tun wir, um uns unsere Bed\u00fcrfnisse zu erf\u00fcllen.Knurrt unser Magen, sind wir hungrig und brauchen Nahrung.Fallen uns die Augen zu, sind wir m\u00fcde und brauchen Erholung.Sind wir in einer Situation \u00e4ngstlich, brauchen wir Sicherheit.Es ist das Bed\u00fcrfnis, das uns handeln l\u00e4sst. Das echte Gef\u00fchl ist &hellip; <\/p>\n<p class=\"link-more\"><a href=\"https:\/\/claudia.rootwiki.info\/index.php\/gfk\/gfk-info\/\" class=\"more-link\"><span class=\"screen-reader-text\">\u201eGl\u00fccklich sind diejenigen, die Frieden stiften\u201c<\/span> weiterlesen<\/a><\/p>\n","protected":false},"author":1,"featured_media":343,"parent":144,"menu_order":0,"comment_status":"closed","ping_status":"closed","template":"","meta":{"footnotes":""},"class_list":["post-274","page","type-page","status-publish","has-post-thumbnail","hentry"],"yoast_head":"<!-- This site is optimized with the Yoast SEO plugin v27.4 - https:\/\/yoast.com\/product\/yoast-seo-wordpress\/ -->\n<title>GFK Info - EmpathieReich<\/title>\n<meta name=\"robots\" content=\"noindex, follow, max-snippet:-1, max-image-preview:large, max-video-preview:-1\" \/>\n<meta property=\"og:locale\" content=\"de_DE\" \/>\n<meta property=\"og:type\" content=\"article\" \/>\n<meta property=\"og:title\" content=\"GFK Info - EmpathieReich\" \/>\n<meta property=\"og:description\" content=\"Gewaltfreie Kommunikation, was ist das? Alles, was wir Menschen tun, tun wir, um uns unsere Bed\u00fcrfnisse zu erf\u00fcllen.Knurrt unser Magen, sind wir hungrig und brauchen Nahrung.Fallen uns die Augen zu, sind wir m\u00fcde und brauchen Erholung.Sind wir in einer Situation \u00e4ngstlich, brauchen wir Sicherheit.Es ist das Bed\u00fcrfnis, das uns handeln l\u00e4sst. Das echte Gef\u00fchl ist &hellip; \u201eGl\u00fccklich sind diejenigen, die Frieden stiften\u201c weiterlesen\" \/>\n<meta property=\"og:url\" content=\"https:\/\/claudia.rootwiki.info\/index.php\/gfk\/gfk-info\/\" \/>\n<meta property=\"og:site_name\" content=\"EmpathieReich\" \/>\n<meta property=\"article:modified_time\" content=\"2021-09-10T17:14:22+00:00\" \/>\n<meta property=\"og:image\" content=\"https:\/\/claudia.rootwiki.info\/wp-content\/uploads\/2021\/08\/taube.jpg\" \/>\n\t<meta property=\"og:image:width\" content=\"1920\" \/>\n\t<meta property=\"og:image:height\" content=\"1280\" \/>\n\t<meta property=\"og:image:type\" content=\"image\/jpeg\" \/>\n<meta name=\"twitter:card\" content=\"summary_large_image\" \/>\n<meta name=\"twitter:label1\" content=\"Gesch\u00e4tzte Lesezeit\" \/>\n\t<meta name=\"twitter:data1\" content=\"2\u00a0Minuten\" \/>\n<script type=\"application\/ld+json\" class=\"yoast-schema-graph\">{\"@context\":\"https:\\\/\\\/schema.org\",\"@graph\":[{\"@type\":\"WebPage\",\"@id\":\"https:\\\/\\\/claudia.rootwiki.info\\\/index.php\\\/gfk\\\/gfk-info\\\/\",\"url\":\"https:\\\/\\\/claudia.rootwiki.info\\\/index.php\\\/gfk\\\/gfk-info\\\/\",\"name\":\"GFK Info - EmpathieReich\",\"isPartOf\":{\"@id\":\"https:\\\/\\\/claudia.rootwiki.info\\\/#website\"},\"primaryImageOfPage\":{\"@id\":\"https:\\\/\\\/claudia.rootwiki.info\\\/index.php\\\/gfk\\\/gfk-info\\\/#primaryimage\"},\"image\":{\"@id\":\"https:\\\/\\\/claudia.rootwiki.info\\\/index.php\\\/gfk\\\/gfk-info\\\/#primaryimage\"},\"thumbnailUrl\":\"https:\\\/\\\/claudia.rootwiki.info\\\/wp-content\\\/uploads\\\/2021\\\/08\\\/taube.jpg\",\"datePublished\":\"2021-08-22T13:33:22+00:00\",\"dateModified\":\"2021-09-10T17:14:22+00:00\",\"breadcrumb\":{\"@id\":\"https:\\\/\\\/claudia.rootwiki.info\\\/index.php\\\/gfk\\\/gfk-info\\\/#breadcrumb\"},\"inLanguage\":\"de\",\"potentialAction\":[{\"@type\":\"ReadAction\",\"target\":[\"https:\\\/\\\/claudia.rootwiki.info\\\/index.php\\\/gfk\\\/gfk-info\\\/\"]}]},{\"@type\":\"ImageObject\",\"inLanguage\":\"de\",\"@id\":\"https:\\\/\\\/claudia.rootwiki.info\\\/index.php\\\/gfk\\\/gfk-info\\\/#primaryimage\",\"url\":\"https:\\\/\\\/claudia.rootwiki.info\\\/wp-content\\\/uploads\\\/2021\\\/08\\\/taube.jpg\",\"contentUrl\":\"https:\\\/\\\/claudia.rootwiki.info\\\/wp-content\\\/uploads\\\/2021\\\/08\\\/taube.jpg\",\"width\":1920,\"height\":1280,\"caption\":\"Taube\"},{\"@type\":\"BreadcrumbList\",\"@id\":\"https:\\\/\\\/claudia.rootwiki.info\\\/index.php\\\/gfk\\\/gfk-info\\\/#breadcrumb\",\"itemListElement\":[{\"@type\":\"ListItem\",\"position\":1,\"name\":\"Startseite\",\"item\":\"https:\\\/\\\/claudia.rootwiki.info\\\/\"},{\"@type\":\"ListItem\",\"position\":2,\"name\":\"GFK\",\"item\":\"https:\\\/\\\/claudia.rootwiki.info\\\/index.php\\\/gfk\\\/\"},{\"@type\":\"ListItem\",\"position\":3,\"name\":\"Gl\u00fccklich sind diejenigen, die Frieden stiften\"}]},{\"@type\":\"WebSite\",\"@id\":\"https:\\\/\\\/claudia.rootwiki.info\\\/#website\",\"url\":\"https:\\\/\\\/claudia.rootwiki.info\\\/\",\"name\":\"EmpathieReich\",\"description\":\"Gewaltfreie Kommunikation\",\"publisher\":{\"@id\":\"https:\\\/\\\/claudia.rootwiki.info\\\/#organization\"},\"potentialAction\":[{\"@type\":\"SearchAction\",\"target\":{\"@type\":\"EntryPoint\",\"urlTemplate\":\"https:\\\/\\\/claudia.rootwiki.info\\\/?s={search_term_string}\"},\"query-input\":{\"@type\":\"PropertyValueSpecification\",\"valueRequired\":true,\"valueName\":\"search_term_string\"}}],\"inLanguage\":\"de\"},{\"@type\":\"Organization\",\"@id\":\"https:\\\/\\\/claudia.rootwiki.info\\\/#organization\",\"name\":\"EmpathieReich\",\"url\":\"https:\\\/\\\/claudia.rootwiki.info\\\/\",\"logo\":{\"@type\":\"ImageObject\",\"inLanguage\":\"de\",\"@id\":\"https:\\\/\\\/claudia.rootwiki.info\\\/#\\\/schema\\\/logo\\\/image\\\/\",\"url\":\"https:\\\/\\\/claudia.rootwiki.info\\\/wp-content\\\/uploads\\\/2021\\\/10\\\/cropped-empathieReich_Plus_negWeiss.png\",\"contentUrl\":\"https:\\\/\\\/claudia.rootwiki.info\\\/wp-content\\\/uploads\\\/2021\\\/10\\\/cropped-empathieReich_Plus_negWeiss.png\",\"width\":990,\"height\":250,\"caption\":\"EmpathieReich\"},\"image\":{\"@id\":\"https:\\\/\\\/claudia.rootwiki.info\\\/#\\\/schema\\\/logo\\\/image\\\/\"}}]}<\/script>\n<!-- \/ Yoast SEO plugin. -->","yoast_head_json":{"title":"GFK Info - EmpathieReich","robots":{"index":"noindex","follow":"follow","max-snippet":"max-snippet:-1","max-image-preview":"max-image-preview:large","max-video-preview":"max-video-preview:-1"},"og_locale":"de_DE","og_type":"article","og_title":"GFK Info - EmpathieReich","og_description":"Gewaltfreie Kommunikation, was ist das? Alles, was wir Menschen tun, tun wir, um uns unsere Bed\u00fcrfnisse zu erf\u00fcllen.Knurrt unser Magen, sind wir hungrig und brauchen Nahrung.Fallen uns die Augen zu, sind wir m\u00fcde und brauchen Erholung.Sind wir in einer Situation \u00e4ngstlich, brauchen wir Sicherheit.Es ist das Bed\u00fcrfnis, das uns handeln l\u00e4sst. Das echte Gef\u00fchl ist &hellip; \u201eGl\u00fccklich sind diejenigen, die Frieden stiften\u201c weiterlesen","og_url":"https:\/\/claudia.rootwiki.info\/index.php\/gfk\/gfk-info\/","og_site_name":"EmpathieReich","article_modified_time":"2021-09-10T17:14:22+00:00","og_image":[{"width":1920,"height":1280,"url":"https:\/\/claudia.rootwiki.info\/wp-content\/uploads\/2021\/08\/taube.jpg","type":"image\/jpeg"}],"twitter_card":"summary_large_image","twitter_misc":{"Gesch\u00e4tzte Lesezeit":"2\u00a0Minuten"},"schema":{"@context":"https:\/\/schema.org","@graph":[{"@type":"WebPage","@id":"https:\/\/claudia.rootwiki.info\/index.php\/gfk\/gfk-info\/","url":"https:\/\/claudia.rootwiki.info\/index.php\/gfk\/gfk-info\/","name":"GFK Info - EmpathieReich","isPartOf":{"@id":"https:\/\/claudia.rootwiki.info\/#website"},"primaryImageOfPage":{"@id":"https:\/\/claudia.rootwiki.info\/index.php\/gfk\/gfk-info\/#primaryimage"},"image":{"@id":"https:\/\/claudia.rootwiki.info\/index.php\/gfk\/gfk-info\/#primaryimage"},"thumbnailUrl":"https:\/\/claudia.rootwiki.info\/wp-content\/uploads\/2021\/08\/taube.jpg","datePublished":"2021-08-22T13:33:22+00:00","dateModified":"2021-09-10T17:14:22+00:00","breadcrumb":{"@id":"https:\/\/claudia.rootwiki.info\/index.php\/gfk\/gfk-info\/#breadcrumb"},"inLanguage":"de","potentialAction":[{"@type":"ReadAction","target":["https:\/\/claudia.rootwiki.info\/index.php\/gfk\/gfk-info\/"]}]},{"@type":"ImageObject","inLanguage":"de","@id":"https:\/\/claudia.rootwiki.info\/index.php\/gfk\/gfk-info\/#primaryimage","url":"https:\/\/claudia.rootwiki.info\/wp-content\/uploads\/2021\/08\/taube.jpg","contentUrl":"https:\/\/claudia.rootwiki.info\/wp-content\/uploads\/2021\/08\/taube.jpg","width":1920,"height":1280,"caption":"Taube"},{"@type":"BreadcrumbList","@id":"https:\/\/claudia.rootwiki.info\/index.php\/gfk\/gfk-info\/#breadcrumb","itemListElement":[{"@type":"ListItem","position":1,"name":"Startseite","item":"https:\/\/claudia.rootwiki.info\/"},{"@type":"ListItem","position":2,"name":"GFK","item":"https:\/\/claudia.rootwiki.info\/index.php\/gfk\/"},{"@type":"ListItem","position":3,"name":"Gl\u00fccklich sind diejenigen, die Frieden stiften"}]},{"@type":"WebSite","@id":"https:\/\/claudia.rootwiki.info\/#website","url":"https:\/\/claudia.rootwiki.info\/","name":"EmpathieReich","description":"Gewaltfreie Kommunikation","publisher":{"@id":"https:\/\/claudia.rootwiki.info\/#organization"},"potentialAction":[{"@type":"SearchAction","target":{"@type":"EntryPoint","urlTemplate":"https:\/\/claudia.rootwiki.info\/?s={search_term_string}"},"query-input":{"@type":"PropertyValueSpecification","valueRequired":true,"valueName":"search_term_string"}}],"inLanguage":"de"},{"@type":"Organization","@id":"https:\/\/claudia.rootwiki.info\/#organization","name":"EmpathieReich","url":"https:\/\/claudia.rootwiki.info\/","logo":{"@type":"ImageObject","inLanguage":"de","@id":"https:\/\/claudia.rootwiki.info\/#\/schema\/logo\/image\/","url":"https:\/\/claudia.rootwiki.info\/wp-content\/uploads\/2021\/10\/cropped-empathieReich_Plus_negWeiss.png","contentUrl":"https:\/\/claudia.rootwiki.info\/wp-content\/uploads\/2021\/10\/cropped-empathieReich_Plus_negWeiss.png","width":990,"height":250,"caption":"EmpathieReich"},"image":{"@id":"https:\/\/claudia.rootwiki.info\/#\/schema\/logo\/image\/"}}]}},"_links":{"self":[{"href":"https:\/\/claudia.rootwiki.info\/index.php\/wp-json\/wp\/v2\/pages\/274","targetHints":{"allow":["GET"]}}],"collection":[{"href":"https:\/\/claudia.rootwiki.info\/index.php\/wp-json\/wp\/v2\/pages"}],"about":[{"href":"https:\/\/claudia.rootwiki.info\/index.php\/wp-json\/wp\/v2\/types\/page"}],"author":[{"embeddable":true,"href":"https:\/\/claudia.rootwiki.info\/index.php\/wp-json\/wp\/v2\/users\/1"}],"replies":[{"embeddable":true,"href":"https:\/\/claudia.rootwiki.info\/index.php\/wp-json\/wp\/v2\/comments?post=274"}],"version-history":[{"count":9,"href":"https:\/\/claudia.rootwiki.info\/index.php\/wp-json\/wp\/v2\/pages\/274\/revisions"}],"predecessor-version":[{"id":422,"href":"https:\/\/claudia.rootwiki.info\/index.php\/wp-json\/wp\/v2\/pages\/274\/revisions\/422"}],"up":[{"embeddable":true,"href":"https:\/\/claudia.rootwiki.info\/index.php\/wp-json\/wp\/v2\/pages\/144"}],"wp:featuredmedia":[{"embeddable":true,"href":"https:\/\/claudia.rootwiki.info\/index.php\/wp-json\/wp\/v2\/media\/343"}],"wp:attachment":[{"href":"https:\/\/claudia.rootwiki.info\/index.php\/wp-json\/wp\/v2\/media?parent=274"}],"curies":[{"name":"wp","href":"https:\/\/api.w.org\/{rel}","templated":true}]}}