{"id":68,"date":"2021-06-18T18:34:14","date_gmt":"2021-06-18T18:34:14","guid":{"rendered":"https:\/\/claudia.rootwiki.info\/wordpress\/?page_id=68"},"modified":"2021-10-03T13:54:14","modified_gmt":"2021-10-03T13:54:14","slug":"angebote","status":"publish","type":"page","link":"https:\/\/claudia.rootwiki.info\/index.php\/angebote\/","title":{"rendered":"Angebote"},"content":{"rendered":"\n<p style=\"line-height:1.1\"><a href=\"https:\/\/claudia.rootwiki.info\/index.php\/angebote\/schnupperabend\/\">Schnupperabend<\/a><\/p>\n\n\n\n<p style=\"line-height:1.1\"><a href=\"https:\/\/claudia.rootwiki.info\/index.php\/angebote\/einfuehrungsseminar\/\">Einf\u00fchrungsseminar <\/a>(2 Tage)<\/p>\n\n\n\n<p style=\"line-height:1.1\"><a href=\"https:\/\/claudia.rootwiki.info\/index.php\/angebote\/einfuehrungskurs\/\">Einf\u00fchrungs-Jahreskurs <\/a>(10 x 2.5 h)<\/p>\n\n\n\n<p style=\"line-height:1.1\"><a href=\"https:\/\/claudia.rootwiki.info\/index.php\/angebote\/uebungsgruppe\/\">\u00dcbungsgruppe<\/a><\/p>\n\n\n\n<p style=\"line-height:1.1\"><a href=\"https:\/\/claudia.rootwiki.info\/index.php\/angebote\/giraffentraum\/\">Giraffentraum\u00ae f\u00fcr den Kindergarten<\/a><\/p>\n\n\n\n<p><a href=\"https:\/\/claudia.rootwiki.info\/index.php\/angebote\/kurse-paedagogen\/\">Kurse f\u00fcr P\u00e4dagoginnen\/P\u00e4dagogen<\/a><\/p>\n\n\n\n<p><a href=\"https:\/\/claudia.rootwiki.info\/index.php\/angebote\/kurs-schueler\/\">Kurse f\u00fcr Schulklassen<\/a><\/p>\n\n\n\n<p><a href=\"https:\/\/claudia.rootwiki.info\/index.php\/angebote\/frauenfruehstueck\/\">Frauenfr\u00fchst\u00fcck<\/a><\/p>\n\n\n\n<p><strong>Auf Ver\u00e4nderungen zu hoffen, ohne selbst etwas zu tun, ist &#8230;<br>wie am Bahnhof zu stehen und auf ein Schiff zu warten.<\/strong><\/p>\n\n\n\n<p style=\"line-height:1.1\"><br><\/p>\n","protected":false},"excerpt":{"rendered":"<p>Schnupperabend Einf\u00fchrungsseminar (2 Tage) Einf\u00fchrungs-Jahreskurs (10 x 2.5 h) \u00dcbungsgruppe Giraffentraum\u00ae f\u00fcr den Kindergarten Kurse f\u00fcr P\u00e4dagoginnen\/P\u00e4dagogen Kurse f\u00fcr Schulklassen Frauenfr\u00fchst\u00fcck Auf Ver\u00e4nderungen zu hoffen, ohne selbst etwas zu tun, ist &#8230;wie am Bahnhof zu stehen und auf ein Schiff zu warten.<\/p>\n","protected":false},"author":1,"featured_media":439,"parent":0,"menu_order":0,"comment_status":"closed","ping_status":"closed","template":"","meta":{"footnotes":""},"class_list":["post-68","page","type-page","status-publish","has-post-thumbnail","hentry"],"yoast_head":"<!-- This site is optimized with the Yoast SEO plugin v27.4 - https:\/\/yoast.com\/product\/yoast-seo-wordpress\/ -->\n<title>Angebote - EmpathieReich<\/title>\n<meta name=\"description\" content=\"EmpathieReich -\" \/>\n<meta name=\"robots\" content=\"noindex, follow, max-snippet:-1, max-image-preview:large, max-video-preview:-1\" \/>\n<meta property=\"og:locale\" content=\"de_DE\" \/>\n<meta property=\"og:type\" content=\"article\" \/>\n<meta property=\"og:title\" content=\"Angebote - EmpathieReich\" \/>\n<meta property=\"og:description\" content=\"EmpathieReich -\" \/>\n<meta property=\"og:url\" content=\"https:\/\/claudia.rootwiki.info\/index.php\/angebote\/\" \/>\n<meta property=\"og:site_name\" content=\"EmpathieReich\" \/>\n<meta property=\"article:modified_time\" content=\"2021-10-03T13:54:14+00:00\" \/>\n<meta property=\"og:image\" content=\"https:\/\/claudia.rootwiki.info\/wp-content\/uploads\/2021\/10\/haende_buche-scaled.jpg\" \/>\n\t<meta property=\"og:image:width\" content=\"2560\" \/>\n\t<meta property=\"og:image:height\" content=\"1920\" \/>\n\t<meta property=\"og:image:type\" content=\"image\/jpeg\" \/>\n<meta name=\"twitter:card\" content=\"summary_large_image\" \/>\n<meta name=\"twitter:label1\" content=\"Gesch\u00e4tzte Lesezeit\" \/>\n\t<meta name=\"twitter:data1\" content=\"1\u00a0Minute\" \/>\n<script type=\"application\/ld+json\" class=\"yoast-schema-graph\">{\"@context\":\"https:\\\/\\\/schema.org\",\"@graph\":[{\"@type\":\"WebPage\",\"@id\":\"https:\\\/\\\/claudia.rootwiki.info\\\/index.php\\\/angebote\\\/\",\"url\":\"https:\\\/\\\/claudia.rootwiki.info\\\/index.php\\\/angebote\\\/\",\"name\":\"Angebote - EmpathieReich\",\"isPartOf\":{\"@id\":\"https:\\\/\\\/claudia.rootwiki.info\\\/#website\"},\"primaryImageOfPage\":{\"@id\":\"https:\\\/\\\/claudia.rootwiki.info\\\/index.php\\\/angebote\\\/#primaryimage\"},\"image\":{\"@id\":\"https:\\\/\\\/claudia.rootwiki.info\\\/index.php\\\/angebote\\\/#primaryimage\"},\"thumbnailUrl\":\"https:\\\/\\\/claudia.rootwiki.info\\\/wp-content\\\/uploads\\\/2021\\\/10\\\/haende_buche-scaled.jpg\",\"datePublished\":\"2021-06-18T18:34:14+00:00\",\"dateModified\":\"2021-10-03T13:54:14+00:00\",\"description\":\"EmpathieReich -\",\"breadcrumb\":{\"@id\":\"https:\\\/\\\/claudia.rootwiki.info\\\/index.php\\\/angebote\\\/#breadcrumb\"},\"inLanguage\":\"de\",\"potentialAction\":[{\"@type\":\"ReadAction\",\"target\":[\"https:\\\/\\\/claudia.rootwiki.info\\\/index.php\\\/angebote\\\/\"]}]},{\"@type\":\"ImageObject\",\"inLanguage\":\"de\",\"@id\":\"https:\\\/\\\/claudia.rootwiki.info\\\/index.php\\\/angebote\\\/#primaryimage\",\"url\":\"https:\\\/\\\/claudia.rootwiki.info\\\/wp-content\\\/uploads\\\/2021\\\/10\\\/haende_buche-scaled.jpg\",\"contentUrl\":\"https:\\\/\\\/claudia.rootwiki.info\\\/wp-content\\\/uploads\\\/2021\\\/10\\\/haende_buche-scaled.jpg\",\"width\":2560,\"height\":1920,\"caption\":\"Buche Hand\"},{\"@type\":\"BreadcrumbList\",\"@id\":\"https:\\\/\\\/claudia.rootwiki.info\\\/index.php\\\/angebote\\\/#breadcrumb\",\"itemListElement\":[{\"@type\":\"ListItem\",\"position\":1,\"name\":\"Startseite\",\"item\":\"https:\\\/\\\/claudia.rootwiki.info\\\/\"},{\"@type\":\"ListItem\",\"position\":2,\"name\":\"Angebote\"}]},{\"@type\":\"WebSite\",\"@id\":\"https:\\\/\\\/claudia.rootwiki.info\\\/#website\",\"url\":\"https:\\\/\\\/claudia.rootwiki.info\\\/\",\"name\":\"EmpathieReich\",\"description\":\"Gewaltfreie Kommunikation\",\"publisher\":{\"@id\":\"https:\\\/\\\/claudia.rootwiki.info\\\/#organization\"},\"potentialAction\":[{\"@type\":\"SearchAction\",\"target\":{\"@type\":\"EntryPoint\",\"urlTemplate\":\"https:\\\/\\\/claudia.rootwiki.info\\\/?s={search_term_string}\"},\"query-input\":{\"@type\":\"PropertyValueSpecification\",\"valueRequired\":true,\"valueName\":\"search_term_string\"}}],\"inLanguage\":\"de\"},{\"@type\":\"Organization\",\"@id\":\"https:\\\/\\\/claudia.rootwiki.info\\\/#organization\",\"name\":\"EmpathieReich\",\"url\":\"https:\\\/\\\/claudia.rootwiki.info\\\/\",\"logo\":{\"@type\":\"ImageObject\",\"inLanguage\":\"de\",\"@id\":\"https:\\\/\\\/claudia.rootwiki.info\\\/#\\\/schema\\\/logo\\\/image\\\/\",\"url\":\"https:\\\/\\\/claudia.rootwiki.info\\\/wp-content\\\/uploads\\\/2021\\\/10\\\/cropped-empathieReich_Plus_negWeiss.png\",\"contentUrl\":\"https:\\\/\\\/claudia.rootwiki.info\\\/wp-content\\\/uploads\\\/2021\\\/10\\\/cropped-empathieReich_Plus_negWeiss.png\",\"width\":990,\"height\":250,\"caption\":\"EmpathieReich\"},\"image\":{\"@id\":\"https:\\\/\\\/claudia.rootwiki.info\\\/#\\\/schema\\\/logo\\\/image\\\/\"}}]}<\/script>\n<!-- \/ Yoast SEO plugin. -->","yoast_head_json":{"title":"Angebote - EmpathieReich","description":"EmpathieReich -","robots":{"index":"noindex","follow":"follow","max-snippet":"max-snippet:-1","max-image-preview":"max-image-preview:large","max-video-preview":"max-video-preview:-1"},"og_locale":"de_DE","og_type":"article","og_title":"Angebote - EmpathieReich","og_description":"EmpathieReich -","og_url":"https:\/\/claudia.rootwiki.info\/index.php\/angebote\/","og_site_name":"EmpathieReich","article_modified_time":"2021-10-03T13:54:14+00:00","og_image":[{"width":2560,"height":1920,"url":"https:\/\/claudia.rootwiki.info\/wp-content\/uploads\/2021\/10\/haende_buche-scaled.jpg","type":"image\/jpeg"}],"twitter_card":"summary_large_image","twitter_misc":{"Gesch\u00e4tzte Lesezeit":"1\u00a0Minute"},"schema":{"@context":"https:\/\/schema.org","@graph":[{"@type":"WebPage","@id":"https:\/\/claudia.rootwiki.info\/index.php\/angebote\/","url":"https:\/\/claudia.rootwiki.info\/index.php\/angebote\/","name":"Angebote - EmpathieReich","isPartOf":{"@id":"https:\/\/claudia.rootwiki.info\/#website"},"primaryImageOfPage":{"@id":"https:\/\/claudia.rootwiki.info\/index.php\/angebote\/#primaryimage"},"image":{"@id":"https:\/\/claudia.rootwiki.info\/index.php\/angebote\/#primaryimage"},"thumbnailUrl":"https:\/\/claudia.rootwiki.info\/wp-content\/uploads\/2021\/10\/haende_buche-scaled.jpg","datePublished":"2021-06-18T18:34:14+00:00","dateModified":"2021-10-03T13:54:14+00:00","description":"EmpathieReich -","breadcrumb":{"@id":"https:\/\/claudia.rootwiki.info\/index.php\/angebote\/#breadcrumb"},"inLanguage":"de","potentialAction":[{"@type":"ReadAction","target":["https:\/\/claudia.rootwiki.info\/index.php\/angebote\/"]}]},{"@type":"ImageObject","inLanguage":"de","@id":"https:\/\/claudia.rootwiki.info\/index.php\/angebote\/#primaryimage","url":"https:\/\/claudia.rootwiki.info\/wp-content\/uploads\/2021\/10\/haende_buche-scaled.jpg","contentUrl":"https:\/\/claudia.rootwiki.info\/wp-content\/uploads\/2021\/10\/haende_buche-scaled.jpg","width":2560,"height":1920,"caption":"Buche Hand"},{"@type":"BreadcrumbList","@id":"https:\/\/claudia.rootwiki.info\/index.php\/angebote\/#breadcrumb","itemListElement":[{"@type":"ListItem","position":1,"name":"Startseite","item":"https:\/\/claudia.rootwiki.info\/"},{"@type":"ListItem","position":2,"name":"Angebote"}]},{"@type":"WebSite","@id":"https:\/\/claudia.rootwiki.info\/#website","url":"https:\/\/claudia.rootwiki.info\/","name":"EmpathieReich","description":"Gewaltfreie Kommunikation","publisher":{"@id":"https:\/\/claudia.rootwiki.info\/#organization"},"potentialAction":[{"@type":"SearchAction","target":{"@type":"EntryPoint","urlTemplate":"https:\/\/claudia.rootwiki.info\/?s={search_term_string}"},"query-input":{"@type":"PropertyValueSpecification","valueRequired":true,"valueName":"search_term_string"}}],"inLanguage":"de"},{"@type":"Organization","@id":"https:\/\/claudia.rootwiki.info\/#organization","name":"EmpathieReich","url":"https:\/\/claudia.rootwiki.info\/","logo":{"@type":"ImageObject","inLanguage":"de","@id":"https:\/\/claudia.rootwiki.info\/#\/schema\/logo\/image\/","url":"https:\/\/claudia.rootwiki.info\/wp-content\/uploads\/2021\/10\/cropped-empathieReich_Plus_negWeiss.png","contentUrl":"https:\/\/claudia.rootwiki.info\/wp-content\/uploads\/2021\/10\/cropped-empathieReich_Plus_negWeiss.png","width":990,"height":250,"caption":"EmpathieReich"},"image":{"@id":"https:\/\/claudia.rootwiki.info\/#\/schema\/logo\/image\/"}}]}},"_links":{"self":[{"href":"https:\/\/claudia.rootwiki.info\/index.php\/wp-json\/wp\/v2\/pages\/68","targetHints":{"allow":["GET"]}}],"collection":[{"href":"https:\/\/claudia.rootwiki.info\/index.php\/wp-json\/wp\/v2\/pages"}],"about":[{"href":"https:\/\/claudia.rootwiki.info\/index.php\/wp-json\/wp\/v2\/types\/page"}],"author":[{"embeddable":true,"href":"https:\/\/claudia.rootwiki.info\/index.php\/wp-json\/wp\/v2\/users\/1"}],"replies":[{"embeddable":true,"href":"https:\/\/claudia.rootwiki.info\/index.php\/wp-json\/wp\/v2\/comments?post=68"}],"version-history":[{"count":29,"href":"https:\/\/claudia.rootwiki.info\/index.php\/wp-json\/wp\/v2\/pages\/68\/revisions"}],"predecessor-version":[{"id":428,"href":"https:\/\/claudia.rootwiki.info\/index.php\/wp-json\/wp\/v2\/pages\/68\/revisions\/428"}],"wp:featuredmedia":[{"embeddable":true,"href":"https:\/\/claudia.rootwiki.info\/index.php\/wp-json\/wp\/v2\/media\/439"}],"wp:attachment":[{"href":"https:\/\/claudia.rootwiki.info\/index.php\/wp-json\/wp\/v2\/media?parent=68"}],"curies":[{"name":"wp","href":"https:\/\/api.w.org\/{rel}","templated":true}]}}